{"id":416385,"date":"2023-04-11T14:10:38","date_gmt":"2023-04-11T12:10:38","guid":{"rendered":"https:\/\/www.claret.cat\/llibre\/las-36-estratagemas-chinas-9788434436176\/"},"modified":"2023-10-11T03:10:15","modified_gmt":"2023-10-11T01:10:15","slug":"las-36-estratagemas-chinas-9788434436176","status":"publish","type":"product","link":"https:\/\/www.claret.cat\/es\/libro\/las-36-estratagemas-chinas-9788434436176\/","title":{"rendered":"LAS 36 ESTRATAGEMAS CHINAS"},"content":{"rendered":"<p>La escuela del pensamiento militar ha jugado un papel importante en la construcci\u00f3n del imperio chino. Las 36 estratagemas es un cl\u00e1sico atemporal que da consejos de estrategia que serv\u00edan para vencer en circunstancias dif\u00edciles, lograr que los dem\u00e1s hagan (sin darse cuenta) lo que queremos y distraer la atenci\u00f3n de lo que realmente importa.\u00a0<br \/> Estas estrategiastranscienden el conflicto b\u00e9lico y se emplean en campos como la psicolog\u00eda, el crecimiento personal, la educaci\u00f3n, la pol\u00edtica o la narrativa. Un libro que nos ayuda a mejorar nuestro poder de persuasi\u00f3n y nos orienta en la complejidad de la civilizaci\u00f3n china.<\/p>\n","protected":false},"excerpt":{"rendered":"<p>ARANDA VASSEROT, ANA \/ TUBAU, DANIEL<\/p>\n","protected":false},"featured_media":416386,"template":"","meta":{"_acf_changed":false,"om_disable_all_campaigns":false,"rs_blank_template":"","rs_page_bg_color":"","slide_template_v7":"","inline_featured_image":false,"_monsterinsights_skip_tracking":false,"_monsterinsights_sitenote_active":false,"_monsterinsights_sitenote_note":"","_monsterinsights_sitenote_category":0},"product_brand":[],"product_cat":[90,540],"product_tag":[],"class_list":{"0":"post-416385","1":"product","2":"type-product","3":"status-publish","4":"has-post-thumbnail","6":"product_cat-altres","7":"product_cat-otros","9":"first","10":"instock","11":"taxable","12":"shipping-taxable","13":"purchasable","14":"product-type-simple"},"acf":{"autor":"ARANDA VASSEROT, ANA \/ TUBAU, DANIEL","codart":"843443617","libros-coleccion":"Quintaesencia","ediciones":"1","encuadernacion":"R\u00fastica","fecha_de_publicacion":"01\/04\/2023","novedad":"1","paginas":"304","subtitulo":"MANUAL SECRETO DEL ARTE DE LA GUERRA","orden":"0","portada":"0","idioma":"spa","editorial":[{"ID":6220,"post_author":"3","post_date":"2022-07-28 17:47:28","post_date_gmt":"2022-07-28 15:47:28","post_content":"","post_title":"Editorial Ariel","post_excerpt":"","post_status":"publish","comment_status":"closed","ping_status":"closed","post_password":"","post_name":"editorial-ariel","to_ping":"","pinged":"","post_modified":"2022-07-28 17:47:28","post_modified_gmt":"2022-07-28 15:47:28","post_content_filtered":"","post_parent":0,"guid":"http:\/\/dev.claret.cat\/editorial\/editorial-ariel\/","menu_order":0,"post_type":"editorial","post_mime_type":"","comment_count":"0","filter":"raw"}],"autores-libros":[{"ID":416383,"post_author":"3","post_date":"2023-04-11 14:10:24","post_date_gmt":"2023-04-11 12:10:24","post_content":"","post_title":"ANA ARANDA VASSEROT","post_excerpt":"","post_status":"publish","comment_status":"closed","ping_status":"closed","post_password":"","post_name":"ana-aranda-vasserot","to_ping":"","pinged":"","post_modified":"2023-04-11 14:10:24","post_modified_gmt":"2023-04-11 12:10:24","post_content_filtered":"","post_parent":0,"guid":"https:\/\/www.claret.cat\/autor\/ana-aranda-vasserot\/","menu_order":0,"post_type":"autor","post_mime_type":"","comment_count":"0","filter":"raw"},{"ID":416384,"post_author":"3","post_date":"2023-04-11 14:10:30","post_date_gmt":"2023-04-11 12:10:30","post_content":"","post_title":"DANIEL TUBAU","post_excerpt":"","post_status":"publish","comment_status":"closed","ping_status":"closed","post_password":"","post_name":"daniel-tubau","to_ping":"","pinged":"","post_modified":"2023-04-11 14:10:30","post_modified_gmt":"2023-04-11 12:10:30","post_content_filtered":"","post_parent":0,"guid":"https:\/\/www.claret.cat\/autor\/daniel-tubau\/","menu_order":0,"post_type":"autor","post_mime_type":"","comment_count":"0","filter":"raw"}]},"aioseo_notices":[],"_links":{"self":[{"href":"https:\/\/www.claret.cat\/es\/wp-json\/wp\/v2\/product\/416385","targetHints":{"allow":["GET"]}}],"collection":[{"href":"https:\/\/www.claret.cat\/es\/wp-json\/wp\/v2\/product"}],"about":[{"href":"https:\/\/www.claret.cat\/es\/wp-json\/wp\/v2\/types\/product"}],"wp:featuredmedia":[{"embeddable":true,"href":"https:\/\/www.claret.cat\/es\/wp-json\/wp\/v2\/media\/416386"}],"wp:attachment":[{"href":"https:\/\/www.claret.cat\/es\/wp-json\/wp\/v2\/media?parent=416385"}],"wp:term":[{"taxonomy":"product_brand","embeddable":true,"href":"https:\/\/www.claret.cat\/es\/wp-json\/wp\/v2\/product_brand?post=416385"},{"taxonomy":"product_cat","embeddable":true,"href":"https:\/\/www.claret.cat\/es\/wp-json\/wp\/v2\/product_cat?post=416385"},{"taxonomy":"product_tag","embeddable":true,"href":"https:\/\/www.claret.cat\/es\/wp-json\/wp\/v2\/product_tag?post=416385"}],"curies":[{"name":"wp","href":"https:\/\/api.w.org\/{rel}","templated":true}]}}