{"id":416414,"date":"2023-04-11T14:30:50","date_gmt":"2023-04-11T12:30:50","guid":{"rendered":"https:\/\/www.claret.cat\/llibre\/amsterdam-8-9788408225652\/"},"modified":"2023-10-11T03:09:56","modified_gmt":"2023-10-11T01:09:56","slug":"amsterdam-8-9788408225652","status":"publish","type":"product","link":"https:\/\/www.claret.cat\/es\/libro\/amsterdam-8-9788408225652\/","title":{"rendered":"\u00c1MSTERDAM 8"},"content":{"rendered":"<p>\u00c1msterdam es una ciudad cargada de historia, con casas de la Edad de Oro a las orillas de los m\u00edticos canales, museos con espl\u00e9ndidas pinturas de los antiguos maestros, bruin caf\u00e9s que imbuyen esa sensaci\u00f3n de bienestar neerlandesa y, a la vez, se sit\u00faa a la vanguardia de la innovaci\u00f3n tecnol\u00f3gica y de sostenibilidad medioambiental. Paseando o circulando en bicicleta por sus callejuelas, el viajero nunca sabe lo que va a encontrar: un parque para disfrutar del sol, algunas de las discotecas m\u00e1s de moda de Europa, una galer\u00eda de arte, f\u00e1bricas de cerveza o una tienda de dise\u00f1o vintage.<\/p>\n","protected":false},"excerpt":{"rendered":"<p>LE NEVEZ, CATHERINE \/ WOOLSEY, BARBARA \/ MORGAN, KATE<\/p>\n","protected":false},"featured_media":416415,"template":"","meta":{"_acf_changed":false,"om_disable_all_campaigns":false,"rs_blank_template":"","rs_page_bg_color":"","slide_template_v7":"","inline_featured_image":false,"_monsterinsights_skip_tracking":false,"_monsterinsights_sitenote_active":false,"_monsterinsights_sitenote_note":"","_monsterinsights_sitenote_category":0},"product_brand":[],"product_cat":[557,107],"product_tag":[],"class_list":{"0":"post-416414","1":"product","2":"type-product","3":"status-publish","4":"has-post-thumbnail","6":"product_cat-guias-de-viaje","7":"product_cat-guies-de-viatge","9":"first","10":"instock","11":"taxable","12":"shipping-taxable","13":"purchasable","14":"product-type-simple"},"acf":{"autor":"LE NEVEZ, CATHERINE \/ WOOLSEY, BARBARA \/ MORGAN, KATE","codart":"840822565","libros-coleccion":"FORA DE COL.LECCI\u00d3","ediciones":"1","encuadernacion":"R\u00fastica","fecha_de_publicacion":"01\/04\/2023","novedad":"1","paginas":"320","subtitulo":"","orden":"0","portada":"0","idioma":"spa","editorial":[{"ID":6233,"post_author":"3","post_date":"2022-07-28 17:47:48","post_date_gmt":"2022-07-28 15:47:48","post_content":"","post_title":"EDITORIAL PLANETA","post_excerpt":"","post_status":"publish","comment_status":"closed","ping_status":"closed","post_password":"","post_name":"editorial-planeta","to_ping":"","pinged":"","post_modified":"2022-07-28 17:47:48","post_modified_gmt":"2022-07-28 15:47:48","post_content_filtered":"","post_parent":0,"guid":"http:\/\/dev.claret.cat\/editorial\/editorial-planeta\/","menu_order":0,"post_type":"editorial","post_mime_type":"","comment_count":"0","filter":"raw"}],"autores-libros":[{"ID":152593,"post_author":"3","post_date":"2022-10-14 14:50:01","post_date_gmt":"2022-10-14 12:50:01","post_content":"","post_title":"CATHERINE LE NEVEZ","post_excerpt":"","post_status":"publish","comment_status":"closed","ping_status":"closed","post_password":"","post_name":"catherine-le-nevez","to_ping":"","pinged":"","post_modified":"2022-10-14 14:50:01","post_modified_gmt":"2022-10-14 12:50:01","post_content_filtered":"","post_parent":0,"guid":"http:\/\/dev.claret.cat\/autor\/catherine-le-nevez\/","menu_order":0,"post_type":"autor","post_mime_type":"","comment_count":"0","filter":"raw"},{"ID":161492,"post_author":"3","post_date":"2022-10-14 17:18:39","post_date_gmt":"2022-10-14 15:18:39","post_content":"","post_title":"KATE MORGAN","post_excerpt":"","post_status":"publish","comment_status":"closed","ping_status":"closed","post_password":"","post_name":"kate-morgan","to_ping":"","pinged":"","post_modified":"2022-10-14 17:18:39","post_modified_gmt":"2022-10-14 15:18:39","post_content_filtered":"","post_parent":0,"guid":"http:\/\/dev.claret.cat\/autor\/kate-morgan\/","menu_order":0,"post_type":"autor","post_mime_type":"","comment_count":"0","filter":"raw"},{"ID":151367,"post_author":"3","post_date":"2022-10-14 14:40:19","post_date_gmt":"2022-10-14 12:40:19","post_content":"","post_title":"BARBARA WOOLSEY","post_excerpt":"","post_status":"publish","comment_status":"closed","ping_status":"closed","post_password":"","post_name":"barbara-woolsey","to_ping":"","pinged":"","post_modified":"2022-10-14 14:40:19","post_modified_gmt":"2022-10-14 12:40:19","post_content_filtered":"","post_parent":0,"guid":"http:\/\/dev.claret.cat\/autor\/barbara-woolsey\/","menu_order":0,"post_type":"autor","post_mime_type":"","comment_count":"0","filter":"raw"}]},"aioseo_notices":[],"_links":{"self":[{"href":"https:\/\/www.claret.cat\/es\/wp-json\/wp\/v2\/product\/416414","targetHints":{"allow":["GET"]}}],"collection":[{"href":"https:\/\/www.claret.cat\/es\/wp-json\/wp\/v2\/product"}],"about":[{"href":"https:\/\/www.claret.cat\/es\/wp-json\/wp\/v2\/types\/product"}],"wp:featuredmedia":[{"embeddable":true,"href":"https:\/\/www.claret.cat\/es\/wp-json\/wp\/v2\/media\/416415"}],"wp:attachment":[{"href":"https:\/\/www.claret.cat\/es\/wp-json\/wp\/v2\/media?parent=416414"}],"wp:term":[{"taxonomy":"product_brand","embeddable":true,"href":"https:\/\/www.claret.cat\/es\/wp-json\/wp\/v2\/product_brand?post=416414"},{"taxonomy":"product_cat","embeddable":true,"href":"https:\/\/www.claret.cat\/es\/wp-json\/wp\/v2\/product_cat?post=416414"},{"taxonomy":"product_tag","embeddable":true,"href":"https:\/\/www.claret.cat\/es\/wp-json\/wp\/v2\/product_tag?post=416414"}],"curies":[{"name":"wp","href":"https:\/\/api.w.org\/{rel}","templated":true}]}}