{"id":416417,"date":"2023-04-11T14:31:03","date_gmt":"2023-04-11T12:31:03","guid":{"rendered":"https:\/\/www.claret.cat\/llibre\/don-quijote-de-la-mancha-comic-9788408270881\/"},"modified":"2023-10-11T03:09:54","modified_gmt":"2023-10-11T01:09:54","slug":"don-quijote-de-la-mancha-comic-9788408270881","status":"publish","type":"product","link":"https:\/\/www.claret.cat\/es\/libro\/don-quijote-de-la-mancha-comic-9788408270881\/","title":{"rendered":"DON QUIJOTE DE LA MANCHA (C\u00d3MIC)"},"content":{"rendered":"<p>Apasionado de los libros de caballer\u00edas, el hidalgo don Quijote se cree un caballero andante y parte en busca de aventuras a lomos de su caballo Rocinante, junto a su fiel escudero Sancho Panza. Tras confundir una posada con un castillo, molinos con gigantes, y librar combates que cree heroicos, don Quijote se enfrentar\u00e1 por fin al famoso caballero de la Blanca Luna.<br \/> Incluye un dosier final donde se presenta al autor y su obra en el contexto hist\u00f3rico, art\u00edstico, literario, econ\u00f3mico y social de su \u00e9poca.<\/p>\n","protected":false},"excerpt":{"rendered":"<p>CERVANTES, MIGUEL DE<\/p>\n","protected":false},"featured_media":416418,"template":"","meta":{"_acf_changed":false,"om_disable_all_campaigns":false,"rs_blank_template":"","rs_page_bg_color":"","slide_template_v7":"","inline_featured_image":false,"_monsterinsights_skip_tracking":false,"_monsterinsights_sitenote_active":false,"_monsterinsights_sitenote_note":"","_monsterinsights_sitenote_category":0},"product_brand":[],"product_cat":[134,364],"product_tag":[],"class_list":{"0":"post-416417","1":"product","2":"type-product","3":"status-publish","4":"has-post-thumbnail","6":"product_cat-comics","7":"product_cat-comics-infantil-3_infantil-juvenil-spa","9":"first","10":"instock","11":"taxable","12":"shipping-taxable","13":"purchasable","14":"product-type-simple"},"acf":{"autor":"CERVANTES, MIGUEL DE","codart":"840827088","libros-coleccion":"FORA DE COL.LECCI\u00d3","ediciones":"1","encuadernacion":"R\u00fastica","fecha_de_publicacion":"01\/04\/2023","novedad":"1","paginas":"62","subtitulo":"","orden":"0","portada":"0","idioma":"spa","editorial":[{"ID":6233,"post_author":"3","post_date":"2022-07-28 17:47:48","post_date_gmt":"2022-07-28 15:47:48","post_content":"","post_title":"EDITORIAL PLANETA","post_excerpt":"","post_status":"publish","comment_status":"closed","ping_status":"closed","post_password":"","post_name":"editorial-planeta","to_ping":"","pinged":"","post_modified":"2022-07-28 17:47:48","post_modified_gmt":"2022-07-28 15:47:48","post_content_filtered":"","post_parent":0,"guid":"http:\/\/dev.claret.cat\/editorial\/editorial-planeta\/","menu_order":0,"post_type":"editorial","post_mime_type":"","comment_count":"0","filter":"raw"}],"autores-libros":[{"ID":164978,"post_author":"3","post_date":"2022-10-14 17:51:25","post_date_gmt":"2022-10-14 15:51:25","post_content":"","post_title":"MIGUEL DE CERVANTES","post_excerpt":"","post_status":"publish","comment_status":"closed","ping_status":"closed","post_password":"","post_name":"miguel-de-cervantes","to_ping":"","pinged":"","post_modified":"2022-10-14 17:51:25","post_modified_gmt":"2022-10-14 15:51:25","post_content_filtered":"","post_parent":0,"guid":"http:\/\/dev.claret.cat\/autor\/miguel-de-cervantes\/","menu_order":0,"post_type":"autor","post_mime_type":"","comment_count":"0","filter":"raw"}]},"aioseo_notices":[],"_links":{"self":[{"href":"https:\/\/www.claret.cat\/es\/wp-json\/wp\/v2\/product\/416417","targetHints":{"allow":["GET"]}}],"collection":[{"href":"https:\/\/www.claret.cat\/es\/wp-json\/wp\/v2\/product"}],"about":[{"href":"https:\/\/www.claret.cat\/es\/wp-json\/wp\/v2\/types\/product"}],"wp:featuredmedia":[{"embeddable":true,"href":"https:\/\/www.claret.cat\/es\/wp-json\/wp\/v2\/media\/416418"}],"wp:attachment":[{"href":"https:\/\/www.claret.cat\/es\/wp-json\/wp\/v2\/media?parent=416417"}],"wp:term":[{"taxonomy":"product_brand","embeddable":true,"href":"https:\/\/www.claret.cat\/es\/wp-json\/wp\/v2\/product_brand?post=416417"},{"taxonomy":"product_cat","embeddable":true,"href":"https:\/\/www.claret.cat\/es\/wp-json\/wp\/v2\/product_cat?post=416417"},{"taxonomy":"product_tag","embeddable":true,"href":"https:\/\/www.claret.cat\/es\/wp-json\/wp\/v2\/product_tag?post=416417"}],"curies":[{"name":"wp","href":"https:\/\/api.w.org\/{rel}","templated":true}]}}