{"id":416423,"date":"2023-04-11T14:31:27","date_gmt":"2023-04-11T12:31:27","guid":{"rendered":"https:\/\/www.claret.cat\/llibre\/la-vuelta-al-mundo-en-80-dias-comic-9788408270874\/"},"modified":"2023-10-11T03:09:50","modified_gmt":"2023-10-11T01:09:50","slug":"la-vuelta-al-mundo-en-80-dias-comic-9788408270874","status":"publish","type":"product","link":"https:\/\/www.claret.cat\/es\/libro\/la-vuelta-al-mundo-en-80-dias-comic-9788408270874\/","title":{"rendered":"LA VUELTA AL MUNDO EN 80 D\u00cdAS (C\u00d3MIC)"},"content":{"rendered":"<p>Dar la vuelta al mundo en 1.920 horas es la ins\u00f3lita apuesta que Phileas Fogg les plantea a los honorables miembros del Reform-Club de Londres. Estamos en 1872 y junto a su compa\u00f1ero de viaje Passepartout, Fogg emprende una carrera desenfrenada para conseguirlo. Un viaje que los llevar\u00e1 a los lugares m\u00e1s lejanos y ex\u00f3ticos con un sinf\u00edn de obst\u00e1culos que deber\u00e1n superar para llegar a su objetivo en el momento justo.<br \/> Incluye un dosier final donde se presenta al autor y su obra en el contexto hist\u00f3rico, art\u00edstico, literario, econ\u00f3mico y social de su \u00e9poca.<\/p>\n","protected":false},"excerpt":{"rendered":"<p>VERNE, JULES<\/p>\n","protected":false},"featured_media":416424,"template":"","meta":{"_acf_changed":false,"om_disable_all_campaigns":false,"rs_blank_template":"","rs_page_bg_color":"","slide_template_v7":"","inline_featured_image":false,"_monsterinsights_skip_tracking":false,"_monsterinsights_sitenote_active":false,"_monsterinsights_sitenote_note":"","_monsterinsights_sitenote_category":0},"product_brand":[],"product_cat":[134,364],"product_tag":[],"class_list":{"0":"post-416423","1":"product","2":"type-product","3":"status-publish","4":"has-post-thumbnail","6":"product_cat-comics","7":"product_cat-comics-infantil-3_infantil-juvenil-spa","9":"first","10":"instock","11":"taxable","12":"shipping-taxable","13":"purchasable","14":"product-type-simple"},"acf":{"autor":"VERNE, JULES","codart":"840827087","libros-coleccion":"FORA DE COL.LECCI\u00d3","ediciones":"1","encuadernacion":"R\u00fastica","fecha_de_publicacion":"01\/04\/2023","novedad":"1","paginas":"62","subtitulo":"","orden":"0","portada":"0","idioma":"spa","editorial":[{"ID":6233,"post_author":"3","post_date":"2022-07-28 17:47:48","post_date_gmt":"2022-07-28 15:47:48","post_content":"","post_title":"EDITORIAL PLANETA","post_excerpt":"","post_status":"publish","comment_status":"closed","ping_status":"closed","post_password":"","post_name":"editorial-planeta","to_ping":"","pinged":"","post_modified":"2022-07-28 17:47:48","post_modified_gmt":"2022-07-28 15:47:48","post_content_filtered":"","post_parent":0,"guid":"http:\/\/dev.claret.cat\/editorial\/editorial-planeta\/","menu_order":0,"post_type":"editorial","post_mime_type":"","comment_count":"0","filter":"raw"}],"autores-libros":[{"ID":161236,"post_author":"3","post_date":"2022-10-14 17:16:35","post_date_gmt":"2022-10-14 15:16:35","post_content":"","post_title":"JULES VERNE","post_excerpt":"","post_status":"publish","comment_status":"closed","ping_status":"closed","post_password":"","post_name":"jules-verne","to_ping":"","pinged":"","post_modified":"2022-10-14 17:16:35","post_modified_gmt":"2022-10-14 15:16:35","post_content_filtered":"","post_parent":0,"guid":"http:\/\/dev.claret.cat\/autor\/jules-verne\/","menu_order":0,"post_type":"autor","post_mime_type":"","comment_count":"0","filter":"raw"}]},"aioseo_notices":[],"_links":{"self":[{"href":"https:\/\/www.claret.cat\/es\/wp-json\/wp\/v2\/product\/416423","targetHints":{"allow":["GET"]}}],"collection":[{"href":"https:\/\/www.claret.cat\/es\/wp-json\/wp\/v2\/product"}],"about":[{"href":"https:\/\/www.claret.cat\/es\/wp-json\/wp\/v2\/types\/product"}],"wp:featuredmedia":[{"embeddable":true,"href":"https:\/\/www.claret.cat\/es\/wp-json\/wp\/v2\/media\/416424"}],"wp:attachment":[{"href":"https:\/\/www.claret.cat\/es\/wp-json\/wp\/v2\/media?parent=416423"}],"wp:term":[{"taxonomy":"product_brand","embeddable":true,"href":"https:\/\/www.claret.cat\/es\/wp-json\/wp\/v2\/product_brand?post=416423"},{"taxonomy":"product_cat","embeddable":true,"href":"https:\/\/www.claret.cat\/es\/wp-json\/wp\/v2\/product_cat?post=416423"},{"taxonomy":"product_tag","embeddable":true,"href":"https:\/\/www.claret.cat\/es\/wp-json\/wp\/v2\/product_tag?post=416423"}],"curies":[{"name":"wp","href":"https:\/\/api.w.org\/{rel}","templated":true}]}}