{"id":416426,"date":"2023-04-11T14:31:39","date_gmt":"2023-04-11T12:31:39","guid":{"rendered":"https:\/\/www.claret.cat\/llibre\/la-isla-del-tesoro-comic-9788408270898\/"},"modified":"2024-01-04T14:10:07","modified_gmt":"2024-01-04T13:10:07","slug":"la-isla-del-tesoro-comic-9788408270898","status":"publish","type":"product","link":"https:\/\/www.claret.cat\/es\/libro\/la-isla-del-tesoro-comic-9788408270898\/","title":{"rendered":"LA ISLA DEL TESORO (C\u00d3MIC)"},"content":{"rendered":"<p>Esta es una historia de barcos y corsarios, de mapas del tesoro y riquezas. Hubo una \u00e9poca en la que los piratas eran temidos en alta mar; con banderas negras y calaveras, sus barcos surcaban los mares en busca de fortunas. Jim Hawkins es un chico normal que trabaja ayudando a sus padres, hasta que un d\u00eda se ve envuelto en la aventura m\u00e1s fascinante que jam\u00e1s hubiera imaginado: un hombre enorme, con coleta y una cicatriz que le cruza la mejilla le revela el lugar donde se encuentra el mapa de un tesoro.<br \/> Incluye un dosier final donde se presenta al autor y su obra en el contexto hist\u00f3rico, art\u00edstico, literario, econ\u00f3mico y social de su \u00e9poca.<\/p>\n","protected":false},"excerpt":{"rendered":"<p>STEVENSON, ROBERT LOUIS<\/p>\n","protected":false},"featured_media":416427,"template":"","meta":{"_acf_changed":false,"om_disable_all_campaigns":false,"rs_blank_template":"","rs_page_bg_color":"","slide_template_v7":"","inline_featured_image":false,"_monsterinsights_skip_tracking":false,"_monsterinsights_sitenote_active":false,"_monsterinsights_sitenote_note":"","_monsterinsights_sitenote_category":0},"product_brand":[],"product_cat":[134,364],"product_tag":[],"class_list":{"0":"post-416426","1":"product","2":"type-product","3":"status-publish","4":"has-post-thumbnail","6":"product_cat-comics","7":"product_cat-comics-infantil-3_infantil-juvenil-spa","9":"first","10":"instock","11":"taxable","12":"shipping-taxable","13":"purchasable","14":"product-type-simple"},"acf":{"autor":"STEVENSON, ROBERT LOUIS","codart":"840827089","libros-coleccion":"FORA DE COL.LECCI\u00d3","ediciones":"1","encuadernacion":"R\u00fastica","fecha_de_publicacion":"01\/04\/2023","novedad":"1","paginas":"62","subtitulo":"","orden":"0","portada":"0","idioma":"spa","editorial":[{"ID":6233,"post_author":"3","post_date":"2022-07-28 17:47:48","post_date_gmt":"2022-07-28 15:47:48","post_content":"","post_title":"EDITORIAL PLANETA","post_excerpt":"","post_status":"publish","comment_status":"closed","ping_status":"closed","post_password":"","post_name":"editorial-planeta","to_ping":"","pinged":"","post_modified":"2022-07-28 17:47:48","post_modified_gmt":"2022-07-28 15:47:48","post_content_filtered":"","post_parent":0,"guid":"http:\/\/dev.claret.cat\/editorial\/editorial-planeta\/","menu_order":0,"post_type":"editorial","post_mime_type":"","comment_count":"0","filter":"raw"}],"autores-libros":[{"ID":168215,"post_author":"3","post_date":"2022-10-14 18:17:26","post_date_gmt":"2022-10-14 16:17:26","post_content":"","post_title":"ROBERT LOUIS STEVENSON","post_excerpt":"","post_status":"publish","comment_status":"closed","ping_status":"closed","post_password":"","post_name":"robert-louis-stevenson","to_ping":"","pinged":"","post_modified":"2022-10-14 18:17:26","post_modified_gmt":"2022-10-14 16:17:26","post_content_filtered":"","post_parent":0,"guid":"http:\/\/dev.claret.cat\/autor\/robert-louis-stevenson\/","menu_order":0,"post_type":"autor","post_mime_type":"","comment_count":"0","filter":"raw"}]},"aioseo_notices":[],"_links":{"self":[{"href":"https:\/\/www.claret.cat\/es\/wp-json\/wp\/v2\/product\/416426","targetHints":{"allow":["GET"]}}],"collection":[{"href":"https:\/\/www.claret.cat\/es\/wp-json\/wp\/v2\/product"}],"about":[{"href":"https:\/\/www.claret.cat\/es\/wp-json\/wp\/v2\/types\/product"}],"wp:featuredmedia":[{"embeddable":true,"href":"https:\/\/www.claret.cat\/es\/wp-json\/wp\/v2\/media\/416427"}],"wp:attachment":[{"href":"https:\/\/www.claret.cat\/es\/wp-json\/wp\/v2\/media?parent=416426"}],"wp:term":[{"taxonomy":"product_brand","embeddable":true,"href":"https:\/\/www.claret.cat\/es\/wp-json\/wp\/v2\/product_brand?post=416426"},{"taxonomy":"product_cat","embeddable":true,"href":"https:\/\/www.claret.cat\/es\/wp-json\/wp\/v2\/product_cat?post=416426"},{"taxonomy":"product_tag","embeddable":true,"href":"https:\/\/www.claret.cat\/es\/wp-json\/wp\/v2\/product_tag?post=416426"}],"curies":[{"name":"wp","href":"https:\/\/api.w.org\/{rel}","templated":true}]}}