{"id":416439,"date":"2023-04-11T14:35:34","date_gmt":"2023-04-11T12:35:34","guid":{"rendered":"https:\/\/www.claret.cat\/llibre\/los-perseguidos-9788408270003\/"},"modified":"2023-10-11T03:09:39","modified_gmt":"2023-10-11T01:09:39","slug":"los-perseguidos-9788408270003","status":"publish","type":"product","link":"https:\/\/www.claret.cat\/es\/libro\/los-perseguidos-9788408270003\/","title":{"rendered":"LOS PERSEGUIDOS"},"content":{"rendered":"<p>La periodista Daniela Lozano sospecha que la muerte de su novio en un accidente ha sido un asesinato, y empieza a tirar del hilo con valent\u00eda. Su investigaci\u00f3n destapa un oscuro entramado criminal que inculpa a polic\u00edas corruptos, capos de la mafia internacional y al ministro del Interior.<br \/> Daniela cuenta con dos grandes aliados: su pasi\u00f3n por la verdad, y Peyo, un expresidiario que se vio traicionado por sus temibles c\u00f3mplices. Para salvarse deber\u00e1n descubrir el paradero de un enigm\u00e1tico traficante espa\u00f1ol que ha desaparecido: Dardo.<br \/> Los perseguidos es una novela negra que habla de las segundas oportunidades, y recorre con maestr\u00eda la existencia de unos personajes atrapados en un mundo violento, pero en el que a\u00fan pueden ganar quienes creen en la justicia. Siempre que logren mantenerse con vida.<br \/> Una periodista que busca la verdad. Un expresidiario que quiere redenci\u00f3n. Un mafioso que no teme perderlo todo. Algo est\u00e1 a punto de volar por los aires.<\/p>\n","protected":false},"excerpt":{"rendered":"<p>BENZO, FERNANDO<\/p>\n","protected":false},"featured_media":416440,"template":"","meta":{"_acf_changed":false,"om_disable_all_campaigns":false,"rs_blank_template":"","rs_page_bg_color":"","slide_template_v7":"","inline_featured_image":false,"_monsterinsights_skip_tracking":false,"_monsterinsights_sitenote_active":false,"_monsterinsights_sitenote_note":"","_monsterinsights_sitenote_category":0},"product_brand":[],"product_cat":[127,357],"product_tag":[],"class_list":{"0":"post-416439","1":"product","2":"type-product","3":"status-publish","4":"has-post-thumbnail","6":"product_cat-novella-contemporania","7":"product_cat-novela-contemporanea","9":"first","10":"instock","11":"taxable","12":"shipping-taxable","13":"purchasable","14":"product-type-simple"},"acf":{"autor":"BENZO, FERNANDO","codart":"840827000","libros-coleccion":"Autores Espa\u00f1oles e Iberoamericanos","ediciones":"1","encuadernacion":"Carton\u00e9","fecha_de_publicacion":"01\/04\/2023","novedad":"1","paginas":"688","subtitulo":"PREMIO AZOR\u00cdN DE NOVELA 2023","orden":"0","portada":"0","idioma":"spa","editorial":[{"ID":6233,"post_author":"3","post_date":"2022-07-28 17:47:48","post_date_gmt":"2022-07-28 15:47:48","post_content":"","post_title":"EDITORIAL PLANETA","post_excerpt":"","post_status":"publish","comment_status":"closed","ping_status":"closed","post_password":"","post_name":"editorial-planeta","to_ping":"","pinged":"","post_modified":"2022-07-28 17:47:48","post_modified_gmt":"2022-07-28 15:47:48","post_content_filtered":"","post_parent":0,"guid":"http:\/\/dev.claret.cat\/editorial\/editorial-planeta\/","menu_order":0,"post_type":"editorial","post_mime_type":"","comment_count":"0","filter":"raw"}],"autores-libros":[{"ID":155791,"post_author":"3","post_date":"2022-10-14 15:15:39","post_date_gmt":"2022-10-14 13:15:39","post_content":"","post_title":"FERNANDO BENZO","post_excerpt":"","post_status":"publish","comment_status":"closed","ping_status":"closed","post_password":"","post_name":"fernando-benzo","to_ping":"","pinged":"","post_modified":"2022-10-14 15:15:39","post_modified_gmt":"2022-10-14 13:15:39","post_content_filtered":"","post_parent":0,"guid":"http:\/\/dev.claret.cat\/autor\/fernando-benzo\/","menu_order":0,"post_type":"autor","post_mime_type":"","comment_count":"0","filter":"raw"}]},"aioseo_notices":[],"_links":{"self":[{"href":"https:\/\/www.claret.cat\/es\/wp-json\/wp\/v2\/product\/416439","targetHints":{"allow":["GET"]}}],"collection":[{"href":"https:\/\/www.claret.cat\/es\/wp-json\/wp\/v2\/product"}],"about":[{"href":"https:\/\/www.claret.cat\/es\/wp-json\/wp\/v2\/types\/product"}],"wp:featuredmedia":[{"embeddable":true,"href":"https:\/\/www.claret.cat\/es\/wp-json\/wp\/v2\/media\/416440"}],"wp:attachment":[{"href":"https:\/\/www.claret.cat\/es\/wp-json\/wp\/v2\/media?parent=416439"}],"wp:term":[{"taxonomy":"product_brand","embeddable":true,"href":"https:\/\/www.claret.cat\/es\/wp-json\/wp\/v2\/product_brand?post=416439"},{"taxonomy":"product_cat","embeddable":true,"href":"https:\/\/www.claret.cat\/es\/wp-json\/wp\/v2\/product_cat?post=416439"},{"taxonomy":"product_tag","embeddable":true,"href":"https:\/\/www.claret.cat\/es\/wp-json\/wp\/v2\/product_tag?post=416439"}],"curies":[{"name":"wp","href":"https:\/\/api.w.org\/{rel}","templated":true}]}}