{"id":416476,"date":"2023-04-12T10:10:05","date_gmt":"2023-04-12T08:10:05","guid":{"rendered":"https:\/\/www.claret.cat\/llibre\/discipulos-del-senor-9788419307651\/"},"modified":"2025-07-10T13:18:08","modified_gmt":"2025-07-10T11:18:08","slug":"discipulos-del-senor-9788419307651","status":"publish","type":"product","link":"https:\/\/www.claret.cat\/es\/libro\/discipulos-del-senor-9788419307651\/","title":{"rendered":"DISC\u00cdPULOS DEL SE\u00d1OR"},"content":{"rendered":"<p>Continuando la reflexi\u00f3n sobre los personajes del Antiguo Testamento y sobre los que aparecen en los evangelios, se presentan en esta obra los disc\u00edpulos del Se\u00f1or que se mencionan en los Hechos de los Ap\u00f3stoles, as\u00ed como en las cartas de san Pablo. Aquellos hombres y mujeres que, de una forma o de otra, descubrieron o siguieron el .camino. de la fe en Jesucristo pueden ayudar a las gentes de hoy a preguntarse c\u00f3mo vieron a Jes\u00fas, que era anunciado como el Ungido por Dios. Como ellos, nosotros vivimos en una sociedad que diviniza el poder, el tener y el placer. Como a ellos, se nos presenta la salvaci\u00f3n por medio de una cruz, que parec\u00eda blasfemia para unos y necedad para otros. Sus preguntas pueden ser las nuestras.<\/p>\n","protected":false},"excerpt":{"rendered":"<p>FLECHA ANDR\u00c9S, JOS\u00c9-ROM\u00c1N<\/p>\n","protected":false},"featured_media":416477,"template":"","meta":{"_acf_changed":false,"om_disable_all_campaigns":false,"rs_blank_template":"","rs_page_bg_color":"","slide_template_v7":"","inline_featured_image":false,"_monsterinsights_skip_tracking":false,"_monsterinsights_sitenote_active":false,"_monsterinsights_sitenote_note":"","_monsterinsights_sitenote_category":0},"product_brand":[],"product_cat":[412,274],"product_tag":[],"class_list":{"0":"post-416476","1":"product","2":"type-product","3":"status-publish","4":"has-post-thumbnail","6":"product_cat-estudios-sagrada-escritura","7":"product_cat-estudis-sagrada-escriptura","9":"first","10":"instock","11":"taxable","12":"shipping-taxable","13":"purchasable","14":"product-type-simple"},"acf":{"autor":"FLECHA ANDR\u00c9S, JOS\u00c9-ROM\u00c1N","codart":"841930765","libros-coleccion":"Agua viva","ediciones":"1","encuadernacion":"R\u00fastica","fecha_de_publicacion":"11\/04\/2023","novedad":"1","paginas":"246","subtitulo":"","orden":"0","portada":"0","idioma":"spa","editorial":[{"ID":6309,"post_author":"3","post_date":"2022-07-28 17:49:25","post_date_gmt":"2022-07-28 15:49:25","post_content":"","post_title":"Monte Carmelo","post_excerpt":"","post_status":"publish","comment_status":"closed","ping_status":"closed","post_password":"","post_name":"monte-carmelo","to_ping":"","pinged":"","post_modified":"2022-07-28 17:49:25","post_modified_gmt":"2022-07-28 15:49:25","post_content_filtered":"","post_parent":0,"guid":"http:\/\/dev.claret.cat\/editorial\/monte-carmelo\/","menu_order":0,"post_type":"editorial","post_mime_type":"","comment_count":"0","filter":"raw"}],"autores-libros":[{"ID":160886,"post_author":"3","post_date":"2022-10-14 15:56:40","post_date_gmt":"2022-10-14 13:56:40","post_content":"","post_title":"JOS\u00c9-ROM\u00c1N FLECHA ANDR\u00c9S","post_excerpt":"","post_status":"publish","comment_status":"closed","ping_status":"closed","post_password":"","post_name":"jose-roman-flecha-andres-2","to_ping":"","pinged":"","post_modified":"2022-10-14 15:56:40","post_modified_gmt":"2022-10-14 13:56:40","post_content_filtered":"","post_parent":0,"guid":"http:\/\/dev.claret.cat\/autor\/jose-roman-flecha-andres-2\/","menu_order":0,"post_type":"autor","post_mime_type":"","comment_count":"0","filter":"raw"}],"booktrailer":"","resenas":""},"aioseo_notices":[],"_links":{"self":[{"href":"https:\/\/www.claret.cat\/es\/wp-json\/wp\/v2\/product\/416476","targetHints":{"allow":["GET"]}}],"collection":[{"href":"https:\/\/www.claret.cat\/es\/wp-json\/wp\/v2\/product"}],"about":[{"href":"https:\/\/www.claret.cat\/es\/wp-json\/wp\/v2\/types\/product"}],"wp:featuredmedia":[{"embeddable":true,"href":"https:\/\/www.claret.cat\/es\/wp-json\/wp\/v2\/media\/416477"}],"wp:attachment":[{"href":"https:\/\/www.claret.cat\/es\/wp-json\/wp\/v2\/media?parent=416476"}],"wp:term":[{"taxonomy":"product_brand","embeddable":true,"href":"https:\/\/www.claret.cat\/es\/wp-json\/wp\/v2\/product_brand?post=416476"},{"taxonomy":"product_cat","embeddable":true,"href":"https:\/\/www.claret.cat\/es\/wp-json\/wp\/v2\/product_cat?post=416476"},{"taxonomy":"product_tag","embeddable":true,"href":"https:\/\/www.claret.cat\/es\/wp-json\/wp\/v2\/product_tag?post=416476"}],"curies":[{"name":"wp","href":"https:\/\/api.w.org\/{rel}","templated":true}]}}