{"id":416535,"date":"2023-04-12T16:10:02","date_gmt":"2023-04-12T14:10:02","guid":{"rendered":"https:\/\/www.claret.cat\/llibre\/la-genetica-9788426148339\/"},"modified":"2023-10-11T03:08:48","modified_gmt":"2023-10-11T01:08:48","slug":"la-genetica-9788426148339","status":"publish","type":"product","link":"https:\/\/www.claret.cat\/es\/libro\/la-genetica-9788426148339\/","title":{"rendered":"LA GEN\u00c8TICA"},"content":{"rendered":"<p>Els humans som animals curiosos. Les ganes de con\u00e8ixer i la cerca de nous recursos ens han emp\u00e8s a escalar muntanyes, conquerir els pols o creuar immensos mars. Aquesta recerca incansable ens ha portat a l&#8221;espai. M\u00e9s enll\u00e0, ens espera l&#8221;\u00faltima frontera: Mart.  La ci\u00e8ncia, la tecnologia i la imaginaci\u00f3 ens acompanyen en un espectacular viatge per con\u00e8ixer el Planeta Vermell i saber com ser\u00e0 la vida dels seus primers habitants. Mart ens ofereix l&#8221;oportunitat de comen\u00e7ar de zero. A punt per al llan\u00e7ament? Un \u00e0lbum escrit per emin\u00e8ncies en la mat\u00e8ria.<\/p>\n","protected":false},"excerpt":{"rendered":"<p>BARRECHEGUREN, PABLO<\/p>\n","protected":false},"featured_media":416536,"template":"","meta":{"_acf_changed":false,"om_disable_all_campaigns":false,"rs_blank_template":"","rs_page_bg_color":"","slide_template_v7":"","inline_featured_image":false,"_monsterinsights_skip_tracking":false,"_monsterinsights_sitenote_active":false,"_monsterinsights_sitenote_note":"","_monsterinsights_sitenote_category":0},"product_brand":[],"product_cat":[132,362],"product_tag":[],"class_list":{"0":"post-416535","1":"product","2":"type-product","3":"status-publish","4":"has-post-thumbnail","6":"product_cat-lectures-per-preadolescents-6-12-anys","7":"product_cat-libros-preadolescentes-6-12-anos","9":"first","10":"instock","11":"taxable","12":"shipping-taxable","13":"purchasable","14":"product-type-simple"},"acf":{"autor":"BARRECHEGUREN, PABLO","codart":"842614833","libros-coleccion":"\u00c1lbumes ilustrados","ediciones":"1","encuadernacion":"Carpeta","fecha_de_publicacion":"01\/04\/2023","novedad":"1","paginas":"48","subtitulo":"EXPLICADA PER LA DRA. BARBARA MCCLINTOCK","orden":"0","portada":"0","idioma":"cat","editorial":[{"ID":6226,"post_author":"3","post_date":"2022-07-28 17:47:36","post_date_gmt":"2022-07-28 15:47:36","post_content":"","post_title":"EDITORIAL JUVENTUD","post_excerpt":"","post_status":"publish","comment_status":"closed","ping_status":"closed","post_password":"","post_name":"editorial-juventud","to_ping":"","pinged":"","post_modified":"2022-07-28 17:47:36","post_modified_gmt":"2022-07-28 15:47:36","post_content_filtered":"","post_parent":0,"guid":"http:\/\/dev.claret.cat\/editorial\/editorial-juventud\/","menu_order":0,"post_type":"editorial","post_mime_type":"","comment_count":"0","filter":"raw"}],"autores-libros":[{"ID":166394,"post_author":"3","post_date":"2022-10-14 18:02:49","post_date_gmt":"2022-10-14 16:02:49","post_content":"","post_title":"PABLO BARRECHEGUREN","post_excerpt":"","post_status":"publish","comment_status":"closed","ping_status":"closed","post_password":"","post_name":"pablo-barrecheguren","to_ping":"","pinged":"","post_modified":"2022-10-14 18:02:49","post_modified_gmt":"2022-10-14 16:02:49","post_content_filtered":"","post_parent":0,"guid":"http:\/\/dev.claret.cat\/autor\/pablo-barrecheguren\/","menu_order":0,"post_type":"autor","post_mime_type":"","comment_count":"0","filter":"raw"}]},"aioseo_notices":[],"_links":{"self":[{"href":"https:\/\/www.claret.cat\/es\/wp-json\/wp\/v2\/product\/416535","targetHints":{"allow":["GET"]}}],"collection":[{"href":"https:\/\/www.claret.cat\/es\/wp-json\/wp\/v2\/product"}],"about":[{"href":"https:\/\/www.claret.cat\/es\/wp-json\/wp\/v2\/types\/product"}],"wp:featuredmedia":[{"embeddable":true,"href":"https:\/\/www.claret.cat\/es\/wp-json\/wp\/v2\/media\/416536"}],"wp:attachment":[{"href":"https:\/\/www.claret.cat\/es\/wp-json\/wp\/v2\/media?parent=416535"}],"wp:term":[{"taxonomy":"product_brand","embeddable":true,"href":"https:\/\/www.claret.cat\/es\/wp-json\/wp\/v2\/product_brand?post=416535"},{"taxonomy":"product_cat","embeddable":true,"href":"https:\/\/www.claret.cat\/es\/wp-json\/wp\/v2\/product_cat?post=416535"},{"taxonomy":"product_tag","embeddable":true,"href":"https:\/\/www.claret.cat\/es\/wp-json\/wp\/v2\/product_tag?post=416535"}],"curies":[{"name":"wp","href":"https:\/\/api.w.org\/{rel}","templated":true}]}}