{"id":416538,"date":"2023-04-12T16:15:02","date_gmt":"2023-04-12T14:15:02","guid":{"rendered":"https:\/\/www.claret.cat\/llibre\/la-genetica-9788426148322\/"},"modified":"2023-10-11T03:08:46","modified_gmt":"2023-10-11T01:08:46","slug":"la-genetica-9788426148322","status":"publish","type":"product","link":"https:\/\/www.claret.cat\/es\/libro\/la-genetica-9788426148322\/","title":{"rendered":"LA GEN\u00c9TICA"},"content":{"rendered":"<p>Los humanos somos animales curiosos. Las ganas de conocer y la b\u00fasqueda de nuevos recursos nos han empujado a escalar monta\u00f1as, conquistar los polos o cruzar inmensos mares. Esta b\u00fasqueda incansable nos ha llevado hasta el espacio. M\u00e1s all\u00e1, nos espera la \u00faltima frontera: Marte.  La ciencia, la tecnolog\u00eda y la imaginaci\u00f3n nos acompa\u00f1an en un espectacular viaje para conocer el Planeta Rojo y descubrir c\u00f3mo ser\u00e1 la vida de sus primeros habitantes. Marte nos brinda la oportunidad de empezar de cero? \u00bfA punto para el lanzamiento? Un libro escrito por eminencias en la materia.<\/p>\n","protected":false},"excerpt":{"rendered":"<p>BARRECHEGUREN, PABLO<\/p>\n","protected":false},"featured_media":416539,"template":"","meta":{"_acf_changed":false,"om_disable_all_campaigns":false,"rs_blank_template":"","rs_page_bg_color":"","slide_template_v7":"","inline_featured_image":false,"_monsterinsights_skip_tracking":false,"_monsterinsights_sitenote_active":false,"_monsterinsights_sitenote_note":"","_monsterinsights_sitenote_category":0},"product_brand":[],"product_cat":[132,362],"product_tag":[],"class_list":{"0":"post-416538","1":"product","2":"type-product","3":"status-publish","4":"has-post-thumbnail","6":"product_cat-lectures-per-preadolescents-6-12-anys","7":"product_cat-libros-preadolescentes-6-12-anos","9":"first","10":"instock","11":"taxable","12":"shipping-taxable","13":"purchasable","14":"product-type-simple"},"acf":{"autor":"BARRECHEGUREN, PABLO","codart":"842614832","libros-coleccion":"\u00c1lbumes ilustrados","ediciones":"1","encuadernacion":"Carpeta","fecha_de_publicacion":"01\/04\/2023","novedad":"1","paginas":"48","subtitulo":"EXPLICADA POR DRA. BARBARA MCCLINTOCK","orden":"0","portada":"0","idioma":"spa","editorial":[{"ID":6226,"post_author":"3","post_date":"2022-07-28 17:47:36","post_date_gmt":"2022-07-28 15:47:36","post_content":"","post_title":"EDITORIAL JUVENTUD","post_excerpt":"","post_status":"publish","comment_status":"closed","ping_status":"closed","post_password":"","post_name":"editorial-juventud","to_ping":"","pinged":"","post_modified":"2022-07-28 17:47:36","post_modified_gmt":"2022-07-28 15:47:36","post_content_filtered":"","post_parent":0,"guid":"http:\/\/dev.claret.cat\/editorial\/editorial-juventud\/","menu_order":0,"post_type":"editorial","post_mime_type":"","comment_count":"0","filter":"raw"}],"autores-libros":[{"ID":166394,"post_author":"3","post_date":"2022-10-14 18:02:49","post_date_gmt":"2022-10-14 16:02:49","post_content":"","post_title":"PABLO BARRECHEGUREN","post_excerpt":"","post_status":"publish","comment_status":"closed","ping_status":"closed","post_password":"","post_name":"pablo-barrecheguren","to_ping":"","pinged":"","post_modified":"2022-10-14 18:02:49","post_modified_gmt":"2022-10-14 16:02:49","post_content_filtered":"","post_parent":0,"guid":"http:\/\/dev.claret.cat\/autor\/pablo-barrecheguren\/","menu_order":0,"post_type":"autor","post_mime_type":"","comment_count":"0","filter":"raw"}]},"aioseo_notices":[],"_links":{"self":[{"href":"https:\/\/www.claret.cat\/es\/wp-json\/wp\/v2\/product\/416538","targetHints":{"allow":["GET"]}}],"collection":[{"href":"https:\/\/www.claret.cat\/es\/wp-json\/wp\/v2\/product"}],"about":[{"href":"https:\/\/www.claret.cat\/es\/wp-json\/wp\/v2\/types\/product"}],"wp:featuredmedia":[{"embeddable":true,"href":"https:\/\/www.claret.cat\/es\/wp-json\/wp\/v2\/media\/416539"}],"wp:attachment":[{"href":"https:\/\/www.claret.cat\/es\/wp-json\/wp\/v2\/media?parent=416538"}],"wp:term":[{"taxonomy":"product_brand","embeddable":true,"href":"https:\/\/www.claret.cat\/es\/wp-json\/wp\/v2\/product_brand?post=416538"},{"taxonomy":"product_cat","embeddable":true,"href":"https:\/\/www.claret.cat\/es\/wp-json\/wp\/v2\/product_cat?post=416538"},{"taxonomy":"product_tag","embeddable":true,"href":"https:\/\/www.claret.cat\/es\/wp-json\/wp\/v2\/product_tag?post=416538"}],"curies":[{"name":"wp","href":"https:\/\/api.w.org\/{rel}","templated":true}]}}