{"id":416563,"date":"2023-04-12T18:15:13","date_gmt":"2023-04-12T16:15:13","guid":{"rendered":"https:\/\/www.claret.cat\/llibre\/atlas-la-historia-de-pa-salt-las-siete-hermanas-8-9788401028052\/"},"modified":"2023-10-06T04:02:48","modified_gmt":"2023-10-06T02:02:48","slug":"atlas-la-historia-de-pa-salt-las-siete-hermanas-8-9788401028052","status":"publish","type":"product","link":"https:\/\/www.claret.cat\/es\/libro\/atlas-la-historia-de-pa-salt-las-siete-hermanas-8-9788401028052\/","title":{"rendered":"ATLAS. LA HISTORIA DE PA SALT (LAS SIETE HERMANAS 8)"},"content":{"rendered":"<p>La anhelada y deslumbrante entrega final de Las Siete Hermanas, la saga superventas de Lucinda Riley que se ha convertido en un fen\u00f3meno editorial mundial. 1928, Par\u00eds Un chico es encontrado momentos antes de su muerte y acogido por una cari\u00f1osa familia. Dulce, precoz y lleno de talento, el ni\u00f1o florece en su nuevo hogar y la familia le muestra una vida que no hab\u00eda cre\u00eddo posible. Perose niega a decir una palabra sobre qui\u00e9n es realmente.<br \/>Y a medida que crece y se convierte en un hombre, enamor\u00e1ndose y tomando clases en el prestigioso Conservatoire de Paris, casi est\u00e1 cerca de olvidar el terror de su pasado o la promesa que ha jurado mantener. Pero por toda Europa el mal se est\u00e1 despertando y nadie puede sentirse del todo seguro. En su coraz\u00f3n, sabe que se acerca el momento en que tendr\u00e1 que volver a huir.  2008, mar Egeo Las siete hermanas se han reunido por primera vez a bordo del Tit\u00e1n para dar una \u00faltima despedida al enigm\u00e1tico padre al que tanto amaron.<br \/>Para sorpresa de todas, es la hermana perdida a quien Pa Salt ha elegido para confiarle la clave de sus pasados. Pero por cada verdad revelada, otra pregunta emerge. Las hermanas deben afrontar la idea de que su adorado padre era alguien a quien apenas conoc\u00edan. Y lo que es a\u00fan m\u00e1s impactante: que esos secretos hace tanto tiempo enterrados todav\u00eda pueden tener hoy consecuencias para ellas.Sobre la serie Las Siete Hermanas han dicho:<br \/>\u00abUna pizca de misterio, un poco de romance, algo de ficci\u00f3n hist\u00f3rica y mucho drama familiar en una historia maravillosa. Una apuesta segura para fans de Kate Morton, Kristin Hannah o Maeve Binchy\u00bb.<br \/>Library Journal \u00abRileyes una experta contadora de relatos rom\u00e1nticos que entreteje con habilidad la historia con la ficci\u00f3n\u00bb.<br \/>Booklist \u00abLucinda Riley es una de las autoras m\u00e1s reconocidas de ficci\u00f3n hist\u00f3rica. Su habilidad para entrelazar sus tramas combinando ambientes hist\u00f3ricos y actuales es excelente\u00bb.<br \/>Historical Novel Society\u00abLucinda Riley ha escrito una saga familiar muy bien construida, absorbente y emocionante, perfectamente ambientada tanto hist\u00f3rica como culturalmente&#8230; Fascinar\u00e1 tanto a las lectoras que busquen romance como a las aficionadas a la ficci\u00f3n hist\u00f3rica\u00bb.<br \/>Library Journal<\/p>\n","protected":false},"excerpt":{"rendered":"<p>RILEY, LUCINDA \/ WHITTAKER, HARRY<\/p>\n","protected":false},"featured_media":416564,"template":"","meta":{"_acf_changed":false,"om_disable_all_campaigns":false,"rs_blank_template":"","rs_page_bg_color":"","slide_template_v7":"","inline_featured_image":false,"_monsterinsights_skip_tracking":false,"_monsterinsights_sitenote_active":false,"_monsterinsights_sitenote_note":"","_monsterinsights_sitenote_category":0},"product_brand":[],"product_cat":[357],"product_tag":[],"class_list":{"0":"post-416563","1":"product","2":"type-product","3":"status-publish","4":"has-post-thumbnail","6":"product_cat-novela-contemporanea","8":"first","9":"instock","10":"taxable","11":"shipping-taxable","12":"purchasable","13":"product-type-simple"},"acf":{"autor":"RILEY, LUCINDA \/ WHITTAKER, HARRY","codart":"840102805","libros-coleccion":"","ediciones":"1","encuadernacion":"Carton\u00e9","fecha_de_publicacion":"11\/05\/2023","novedad":"1","paginas":"736","subtitulo":"","orden":"0","portada":"0","idioma":"spa","editorial":[{"ID":6332,"post_author":"3","post_date":"2022-07-28 17:49:55","post_date_gmt":"2022-07-28 15:49:55","post_content":"","post_title":"PLAZA JANES, S.A.","post_excerpt":"","post_status":"publish","comment_status":"closed","ping_status":"closed","post_password":"","post_name":"plaza-janes-s-a","to_ping":"","pinged":"","post_modified":"2022-07-28 17:49:55","post_modified_gmt":"2022-07-28 15:49:55","post_content_filtered":"","post_parent":0,"guid":"http:\/\/dev.claret.cat\/editorial\/plaza-janes-s-a\/","menu_order":0,"post_type":"editorial","post_mime_type":"","comment_count":"0","filter":"raw"}],"autores-libros":[{"ID":416577,"post_author":"3","post_date":"2023-04-13 13:40:49","post_date_gmt":"2023-04-13 11:40:49","post_content":"","post_title":"HARRY WHITTAKER","post_excerpt":"","post_status":"publish","comment_status":"closed","ping_status":"closed","post_password":"","post_name":"harry-whittaker","to_ping":"","pinged":"","post_modified":"2023-04-13 13:40:49","post_modified_gmt":"2023-04-13 11:40:49","post_content_filtered":"","post_parent":0,"guid":"https:\/\/www.claret.cat\/autor\/harry-whittaker\/","menu_order":0,"post_type":"autor","post_mime_type":"","comment_count":"0","filter":"raw"},{"ID":5748,"post_author":"3","post_date":"2022-07-28 17:30:38","post_date_gmt":"2022-07-28 15:30:38","post_content":"","post_title":"LUCINDA RILEY","post_excerpt":"","post_status":"publish","comment_status":"closed","ping_status":"closed","post_password":"","post_name":"lucinda-riley","to_ping":"","pinged":"","post_modified":"2022-07-28 17:30:38","post_modified_gmt":"2022-07-28 15:30:38","post_content_filtered":"","post_parent":0,"guid":"http:\/\/dev.claret.cat\/autor\/lucinda-riley\/","menu_order":0,"post_type":"autor","post_mime_type":"","comment_count":"0","filter":"raw"}]},"aioseo_notices":[],"_links":{"self":[{"href":"https:\/\/www.claret.cat\/es\/wp-json\/wp\/v2\/product\/416563","targetHints":{"allow":["GET"]}}],"collection":[{"href":"https:\/\/www.claret.cat\/es\/wp-json\/wp\/v2\/product"}],"about":[{"href":"https:\/\/www.claret.cat\/es\/wp-json\/wp\/v2\/types\/product"}],"wp:featuredmedia":[{"embeddable":true,"href":"https:\/\/www.claret.cat\/es\/wp-json\/wp\/v2\/media\/416564"}],"wp:attachment":[{"href":"https:\/\/www.claret.cat\/es\/wp-json\/wp\/v2\/media?parent=416563"}],"wp:term":[{"taxonomy":"product_brand","embeddable":true,"href":"https:\/\/www.claret.cat\/es\/wp-json\/wp\/v2\/product_brand?post=416563"},{"taxonomy":"product_cat","embeddable":true,"href":"https:\/\/www.claret.cat\/es\/wp-json\/wp\/v2\/product_cat?post=416563"},{"taxonomy":"product_tag","embeddable":true,"href":"https:\/\/www.claret.cat\/es\/wp-json\/wp\/v2\/product_tag?post=416563"}],"curies":[{"name":"wp","href":"https:\/\/api.w.org\/{rel}","templated":true}]}}