{"id":416601,"date":"2023-04-13T16:40:12","date_gmt":"2023-04-13T14:40:12","guid":{"rendered":"https:\/\/www.claret.cat\/llibre\/empoderadas-por-el-espiritu-9788491364733\/"},"modified":"2026-01-29T17:41:20","modified_gmt":"2026-01-29T16:41:20","slug":"empoderadas-por-el-espiritu-9788491364733","status":"publish","type":"product","link":"https:\/\/www.claret.cat\/es\/libro\/empoderadas-por-el-espiritu-9788491364733\/","title":{"rendered":"EMPODERADAS POR EL ESP\u00cdRITU"},"content":{"rendered":"<p>El libro pone la mirada en los cantos de unas mujeres de la biblia, un eslab\u00f3n significativo en la historia de la salvaci\u00f3n, una historia que parece avanzar significativamente al son de un canto; de ah\u00ed que nos encontremos con una doxolog\u00eda en boca de mujer en encrucijadas relevantes de la historia de Israel. El g\u00e9nero literario narrativo pretende situar el texto en el contexto y a partir de ah\u00ed descubrir c\u00f3mo Dios tiene una palabra nueva en cada momento de nuestra vida. No es un tratado para especialistas, para personas entendidas, sino para personas que quieren entender. Los cantos que se presentan son seis, aunque en la biblia el n\u00famero perfecto es el siete. \u00bfNo deber\u00edan ser siete los cantos? Este sencillo estudio pretende hacer un recorrido por los seis cantos en busca del s\u00e9ptimo.<\/p>\n<p><\/p>\n<p><a href='https:\/\/www.claret.cat\/llibre\/empoderades-per-lesperit-9788491364726\/?c=' rel='noopener noreferrer' target='_blank'>Disponible en catal\u00e1n<\/a><\/p>\n","protected":false},"excerpt":{"rendered":"<p>CLAUSTRE SOL\u00c9, MA.<\/p>\n","protected":false},"featured_media":1079738,"template":"","meta":{"_acf_changed":false,"om_disable_all_campaigns":false,"rs_blank_template":"","rs_page_bg_color":"","slide_template_v7":"","inline_featured_image":false,"_monsterinsights_skip_tracking":false,"_monsterinsights_sitenote_active":false,"_monsterinsights_sitenote_note":"","_monsterinsights_sitenote_category":0},"product_brand":[],"product_cat":[581,284,418,89,308,472,213],"product_tag":[],"class_list":{"0":"post-416601","1":"product","2":"type-product","3":"status-publish","4":"has-post-thumbnail","6":"product_cat-editorial-claret","7":"product_cat-espiritual","8":"product_cat-espiritual-teologia-1_espiritualidad","9":"product_cat-els-mes-venuts","10":"product_cat-castella","11":"product_cat-manuales-y-guias","12":"product_cat-manuals-i-guies","14":"first","15":"instock","16":"taxable","17":"shipping-taxable","18":"purchasable","19":"product-type-simple"},"acf":{"autor":"CLAUSTRE SOL\u00c9, MA.","codart":"849136473","libros-coleccion":"La Gran Biblioteca","ediciones":"1","encuadernacion":"R\u00fastica","fecha_de_publicacion":"06\/06\/2023","novedad":"1","paginas":"236","subtitulo":"","orden":"1000","portada":"1","idioma":"spa","editorial":[{"ID":6158,"post_author":"3","post_date":"2022-07-28 17:46:08","post_date_gmt":"2022-07-28 15:46:08","post_content":"","post_title":"CLARET","post_excerpt":"","post_status":"publish","comment_status":"closed","ping_status":"closed","post_password":"","post_name":"claret","to_ping":"","pinged":"","post_modified":"2022-07-28 17:46:08","post_modified_gmt":"2022-07-28 15:46:08","post_content_filtered":"","post_parent":0,"guid":"http:\/\/dev.claret.cat\/editorial\/claret\/","menu_order":0,"post_type":"editorial","post_mime_type":"","comment_count":"0","filter":"raw"}],"autores-libros":[{"ID":416597,"post_author":"3","post_date":"2023-04-13 16:20:10","post_date_gmt":"2023-04-13 14:20:10","post_content":"Ma. Claustre Sol\u00e9, religiosa de la Companyia de Maria,\u00a0mestra, i doctora en Teologia, especialitat Sagrada\u00a0Escriptura, a la Facultat de Teologia de Catalunya.\u00a0Postgrau en Disseny de Materials Did\u00e0ctics Multim\u00e8dia\u00a0per a Entorns Virtuals a la Universitat Oberta de Catalunya (UOC). Professora em\u00e8rita de l\u2019Ateneu Universitari\u00a0Sant Paci\u00e0 i professora de l\u2019Institut Superior de Ci\u00e8ncies\u00a0Religioses de Barcelona (ISCREB) on imparteix diverses assignatures totes elles relacionades amb l\u2019Antic\u00a0Testament.","post_title":"MA. CLAUSTRE SOL\u00c9","post_excerpt":"","post_status":"publish","comment_status":"closed","ping_status":"closed","post_password":"","post_name":"ma-claustre-sole","to_ping":"","pinged":"","post_modified":"2023-06-16 17:59:46","post_modified_gmt":"2023-06-16 15:59:46","post_content_filtered":"","post_parent":0,"guid":"https:\/\/www.claret.cat\/autor\/ma-claustre-sole\/","menu_order":0,"post_type":"autor","post_mime_type":"","comment_count":"0","filter":"raw"}],"traductores-libros":"","ilustradores-libros":"","formato":"","linkebook":"","ficha":"849136473_1686580440.pdf","muestra":"","presentacion":"","booktrailer":"<iframe width=\"877\" height=\"493\" src=\"https:\/\/www.youtube.com\/embed\/c6Ji1hDPzHo\" title=\"Booktrailer Empoderadas por el Esp\u00edritu\" frameborder=\"0\" allow=\"accelerometer; autoplay; clipboard-write; encrypted-media; gyroscope; picture-in-picture; web-share\" allowfullscreen><\/iframe>","resenas":"<p>Catalunya Religi\u00f3, 06\/06\/2023<\/p>\n<p><a href=\"https:\/\/www.catalunyareligio.cat\/ca\/blog\/llibres-recomanats\/empoderadas-por-espiritu-305977\" rel=\"noopener noreferrer\" target=\"_blank\">https:\/\/www.catalunyareligio.cat\/ca\/blog\/llibres-recomanats\/empoderadas-por-espiritu-305977<\/a><\/p>\n<p><\/p>\n<p>Catalunya Cristiana, 16\/07\/2023<\/p>\n<p><a href=\"https:\/\/drive.google.com\/file\/d\/1eVdFYt2cGBMmtgI7KWK-c96-mLMWjlMI\/view?usp=sharing\" rel=\"noopener noreferrer\" target=\"_blank\">https:\/\/drive.google.com\/file\/d\/1eVdFYt2cGBMmtgI7KWK-c96-mLMWjlMI\/view?usp=sharing<\/a><\/p>\n","recomendamos":"","mas_vendido":"","precioebook":"0","ebookportada":false},"aioseo_notices":[],"_links":{"self":[{"href":"https:\/\/www.claret.cat\/es\/wp-json\/wp\/v2\/product\/416601","targetHints":{"allow":["GET"]}}],"collection":[{"href":"https:\/\/www.claret.cat\/es\/wp-json\/wp\/v2\/product"}],"about":[{"href":"https:\/\/www.claret.cat\/es\/wp-json\/wp\/v2\/types\/product"}],"wp:featuredmedia":[{"embeddable":true,"href":"https:\/\/www.claret.cat\/es\/wp-json\/wp\/v2\/media\/1079738"}],"wp:attachment":[{"href":"https:\/\/www.claret.cat\/es\/wp-json\/wp\/v2\/media?parent=416601"}],"wp:term":[{"taxonomy":"product_brand","embeddable":true,"href":"https:\/\/www.claret.cat\/es\/wp-json\/wp\/v2\/product_brand?post=416601"},{"taxonomy":"product_cat","embeddable":true,"href":"https:\/\/www.claret.cat\/es\/wp-json\/wp\/v2\/product_cat?post=416601"},{"taxonomy":"product_tag","embeddable":true,"href":"https:\/\/www.claret.cat\/es\/wp-json\/wp\/v2\/product_tag?post=416601"}],"curies":[{"name":"wp","href":"https:\/\/api.w.org\/{rel}","templated":true}]}}