{"id":416604,"date":"2023-04-13T16:45:06","date_gmt":"2023-04-13T14:45:06","guid":{"rendered":"https:\/\/www.claret.cat\/llibre\/nous-estudis-de-llengua-9788491364719\/"},"modified":"2025-01-07T12:40:54","modified_gmt":"2025-01-07T11:40:54","slug":"nous-estudis-de-llengua-9788491364719","status":"publish","type":"product","link":"https:\/\/www.claret.cat\/es\/libro\/nous-estudis-de-llengua-9788491364719\/","title":{"rendered":"NOUS ESTUDIS DE LLENGUA"},"content":{"rendered":"<p>Aquesta obra \u00e9s un revisi\u00f3 i notable ampliaci\u00f3 dels Estudis de llengua, publicats en el 2016. Aquells comprenien trenta-dos cap\u00edtols; aquests, seixanta. Calia editar aquesta nova versi\u00f3, sigui pels canvis que s&#8217;han produ\u00eft des d&#8217;aleshores, sigui pels nous problemes que han sorgit, sigui pels estudis que ha continuat elaborant l&#8217;autor. Com l&#8217;obra de la qual parteix, constitueix tamb\u00e9 un curs d&#8217;aprofundiment, per\u00f2 m\u00e9s ampli, m\u00e9s madur. En poden treure molt profit els especialistes en tema ling\u00fc\u00edstic (alumnes de cursos avan\u00e7ats, professors, correctors, escriptors, tractadistes i, en general, persones interessades per la llengua). Valdria la pena que tamb\u00e9 els tinguessin en compte les inst\u00e0ncies normativitzadores del nostre idioma, que no sempre estan al cas de la bibliografia existent i fins i tot (almenys aix\u00ed apareix fins a cert punt) no aprofiten prou les observacions que els fan amb tota la bona voluntat autors externs a l&#8217;Institut d&#8217;Estudis Catalans. Pensem que a tots ens guien el mateixos objectius: obtenir una llengua genu\u00efna, entroncada amb la nostra tradici\u00f3, fonamentada filol\u00f2gicament i, \u00e9s clar, posada al dia amb criteris equilibrats entre sensibilitats diverses, entre territoris administrativament fraccionats, per\u00f2 sempre basada en la nostra hist\u00f2ria liter\u00e0ria, en fets de llengua de notable extensi\u00f3 i \u00fas, en la finalitat b\u00e0sica del llenguatge que \u00e9s entendre&#8217;s, i tot, embolcallat en el bon gust.<br \/> Els nombros\u00edssims exemples que el volum cont\u00e9 en fan, malgrat presentar, a estones, una certa subtilitat (no tothom est\u00e0 familiaritzat amb la nomenclatura d&#8217;aquesta mat\u00e8ria ni amb l&#8217;observaci\u00f3 i an\u00e0lisi dels textos), uns estudis intu\u00eftius i pr\u00e0ctics, amb la simple observaci\u00f3 d&#8217;usos m\u00e9s o menys planers o m\u00e9s o menys discutibles (o realment discutits), mitjan\u00e7ant les solucions que l&#8217;autor \u2013veter\u00e0 en la did\u00e0ctica i l&#8217;estudi de la nostra llengua, corrector de textos nombros\u00edssims (entre ells, obres de refer\u00e8ncia), escriptor i traductor, professor a nivells diversos i, per damunt de tot, actiu durant la seva llarga vida en l&#8217;impuls de tot el que fos catal\u00e0, i bon catal\u00e0, ens forneix. Podem millorar la nostra llengua? L&#8217;autor creu que s\u00ed\u2026 a condici\u00f3 que tu, amable lector i estudi\u00f3s, hi col\u00b7laboris. Si \u00e9s aix\u00ed, ser\u00e0s benem\u00e8rit de la parla que s&#8217;est\u00e9n de Salses a Guardamar i de Fraga a Ma\u00f3 (amb l&#8217;ap\u00e8ndix de l&#8217;Alguer).<\/p>\n","protected":false},"excerpt":{"rendered":"<p>RUAIX I VINYET, JOSEP<\/p>\n","protected":false},"featured_media":973798,"template":"","meta":{"_acf_changed":false,"om_disable_all_campaigns":false,"rs_blank_template":"","rs_page_bg_color":"","slide_template_v7":"","inline_featured_image":false,"_monsterinsights_skip_tracking":false,"_monsterinsights_sitenote_active":false,"_monsterinsights_sitenote_note":"","_monsterinsights_sitenote_category":0},"product_brand":[],"product_cat":[90,548,98,581,89,540],"product_tag":[],"class_list":{"0":"post-416604","1":"product","2":"type-product","3":"status-publish","4":"has-post-thumbnail","6":"product_cat-altres","7":"product_cat-diccionarios-5_otras-spa","8":"product_cat-diccionaris","9":"product_cat-editorial-claret","10":"product_cat-els-mes-venuts","11":"product_cat-otros","13":"first","14":"instock","15":"taxable","16":"shipping-taxable","17":"purchasable","18":"product-type-simple"},"acf":{"autor":"RUAIX I VINYET, JOSEP","codart":"849136471","libros-coleccion":"","ediciones":"1","encuadernacion":"R\u00fastica","fecha_de_publicacion":"06\/06\/2023","novedad":"1","paginas":"1024","subtitulo":"","orden":"0","portada":"1","idioma":"cat","editorial":[{"ID":6158,"post_author":"3","post_date":"2022-07-28 17:46:08","post_date_gmt":"2022-07-28 15:46:08","post_content":"","post_title":"CLARET","post_excerpt":"","post_status":"publish","comment_status":"closed","ping_status":"closed","post_password":"","post_name":"claret","to_ping":"","pinged":"","post_modified":"2022-07-28 17:46:08","post_modified_gmt":"2022-07-28 15:46:08","post_content_filtered":"","post_parent":0,"guid":"http:\/\/dev.claret.cat\/editorial\/claret\/","menu_order":0,"post_type":"editorial","post_mime_type":"","comment_count":"0","filter":"raw"}],"autores-libros":[{"ID":8368,"post_author":"3","post_date":"2022-09-30 09:48:03","post_date_gmt":"2022-09-30 07:48:03","post_content":"Eclesi\u00e0stic, gram\u00e0tic i escriptor. Estudi\u00e0\u00a0la carrera eclesi\u00e0stica i la de magisteri al\u00a0Seminari de Vic i a la Facultat de Teologia de Catalunya; es llicenci\u00e0 en humanitats al Pontifici Institut Superior de\u00a0Llatinitat en 1969 i en filologia cl\u00e0ssica a\u00a0la Universitat de Barcelona en 1979. Ordenat de prevere en 1966, ha exercit el ministeri sacerdotal en diverses parr\u00f2quies de Roma i del bisbat de Vic. Ha exercit\u00a0com a docent en nombrosos centres i ha publicat una\u00a0seixantena de t\u00edtols d\u2019obres sobre gram\u00e0tica.","post_title":"JOSEP RUAIX I VINYET","post_excerpt":"","post_status":"publish","comment_status":"closed","ping_status":"closed","post_password":"","post_name":"josep-ruaix-i-vinyet","to_ping":"","pinged":"","post_modified":"2023-06-14 12:30:22","post_modified_gmt":"2023-06-14 10:30:22","post_content_filtered":"","post_parent":0,"guid":"http:\/\/dev.claret.cat\/autor\/josep-ruaix-i-vinyet\/","menu_order":0,"post_type":"autor","post_mime_type":"","comment_count":"0","filter":"raw"}],"traductores-libros":"","ilustradores-libros":"","formato":"","linkebook":"","precioebook":"0","ebookportada":false,"ficha":"849136471_1688038701.pdf","muestra":"","presentacion":"","booktrailer":"","resenas":"<p>Full Dioces\u00e0, Bisbat de Vic, 18\/06\/2023<\/p>\n<p><a href=\"https:\/\/drive.google.com\/file\/d\/17jitMVCcN4RTtsD2fT2mf-VT4C3GdC0X\/view?usp=share_link\" rel=\"noopener noreferrer\" target=\"_blank\">https:\/\/drive.google.com\/file\/d\/17jitMVCcN4RTtsD2fT2mf-VT4C3GdC0X\/view?usp=share_link<\/a><\/p>\n<p><\/p>\n<p><span style=\"color: rgb(0, 0, 0);\">L&#8217;Enlla\u00e7 dels Anoiencs, <\/span>06\/07\/2023<\/p>\n<p><a href=\"https:\/\/drive.google.com\/file\/d\/1m_6BcMpDB_12igZqeG0aOBzK4fKGIgTQ\/view?usp=sharing\" rel=\"noopener noreferrer\" target=\"_blank\">https:\/\/drive.google.com\/file\/d\/1m_6BcMpDB_12igZqeG0aOBzK4fKGIgTQ\/view?usp=sharing<\/a><\/p>\n<p><\/p>\n<p><\/p>\n<p>N\u00favol, 06\/07\/2023<\/p>\n<p><a href=\"https:\/\/www.nuvol.com\/llibres\/assaig\/un-gramatic-colossal-328095\" rel=\"noopener noreferrer\" target=\"_blank\">https:\/\/www.nuvol.com\/llibres\/assaig\/un-gramatic-colossal-328095<\/a><\/p>\n<p><\/p>\n<p>Full dioces\u00e0. Busbat de Solsona, 17\/06\/2023<\/p>\n<p><a href=\"https:\/\/drive.google.com\/file\/d\/1K2SeDhNkok2TYm-5b3EYZiAeJxwpHHlf\/view?usp=sharing\" rel=\"noopener noreferrer\" target=\"_blank\">https:\/\/drive.google.com\/file\/d\/1K2SeDhNkok2TYm-5b3EYZiAeJxwpHHlf\/view?usp=sharing<\/a><\/p>\n<p><\/p>\n<p>Catalunya Cristiana (catal\u00e0), 18\/06\/2023<\/p>\n<p><a href=\"https:\/\/drive.google.com\/file\/d\/1AS11Hi9eI1hEXMdng_eQEB2JdIORwkrM\/view?usp=sharing\" rel=\"noopener noreferrer\" target=\"_blank\">https:\/\/drive.google.com\/file\/d\/1AS11Hi9eI1hEXMdng_eQEB2JdIORwkrM\/view?usp=sharing<\/a><\/p>\n<p><\/p>\n<p>Catalunya Cristiana (castell\u00e0), 18\/06\/2023<\/p>\n<p><a href=\"https:\/\/drive.google.com\/file\/d\/1jWTD6oz9tiJA-ZO-yo8XFFL0yD90a1VK\/view?usp=sharing\" rel=\"noopener noreferrer\" target=\"_blank\">https:\/\/drive.google.com\/file\/d\/1jWTD6oz9tiJA-ZO-yo8XFFL0yD90a1VK\/view?usp=sharing<\/a><\/p>\n<p><\/p>\n<p>Vilaweb, 21\/07\/2023<\/p>\n<p><a href=\"https:\/\/www.vilaweb.cat\/noticies\/josep-ruaix-ha-construit-un-altre-monument\/?pont=271f1f4f697234413c4f4bbe829289dd&amp;utm_source=intern&amp;utm_medium=Butllet%C3%AD&amp;utm_campaign=ButlletiNit\" rel=\"noopener noreferrer\" target=\"_blank\">https:\/\/www.vilaweb.cat\/noticies\/josep-ruaix-ha-construit-un-altre-monument\/?pont=271f1f4f697234413c4f4bbe829289dd&amp;utm_source=intern&amp;utm_medium=Butllet%C3%AD&amp;utm_campaign=ButlletiNit<\/a><\/p>\n<p><\/p>\n<p>Segre, 23\/07\/2023<\/p>\n<p><a href=\"https:\/\/www.segre.com\/noticies\/opinio\/a_estones\/2023\/07\/23\/nous_estudis_llengua_215502_1130.html\" rel=\"noopener noreferrer\" target=\"_blank\">https:\/\/www.segre.com\/noticies\/opinio\/a_estones\/2023\/07\/23\/nous_estudis_llengua_215502_1130.html<\/a><\/p>\n<p><\/p>\n<p>Regi\u00f3 7, 22\/07\/2023<\/p>\n<p><a href=\"https:\/\/www.regio7.cat\/opinio\/2023\/07\/22\/nous-estudis-llengua-90180794.html\" rel=\"noopener noreferrer\" target=\"_blank\">https:\/\/www.regio7.cat\/opinio\/2023\/07\/22\/nous-estudis-llengua-90180794.html<\/a><\/p>\n<p><\/p>\n<p>Diari de Girona, 23\/07\/2023<\/p>\n<p><a href=\"https:\/\/www.diaridegirona.cat\/opinio\/2023\/07\/23\/nous-estudis-llengua-90211971.html\" rel=\"noopener noreferrer\" target=\"_blank\">https:\/\/www.diaridegirona.cat\/opinio\/2023\/07\/23\/nous-estudis-llengua-90211971.html<\/a><\/p>\n<p><\/p>\n<p>El Mat\u00ed digital, 31\/08\/2023<\/p>\n<p><a href=\"https:\/\/elmati.cat\/una-obra-de-pes\/\" rel=\"noopener noreferrer\" target=\"_blank\">https:\/\/elmati.cat\/una-obra-de-pes\/<\/a><\/p>\n<p><\/p>\n<p>La Tosca, 01\/08\/2023<\/p>\n<p><a href=\"https:\/\/drive.google.com\/file\/d\/1jthD6a9fQBrK6SfPQh9IL-zT5Ea_PDd3\/view?usp=sharing\" rel=\"noopener noreferrer\" target=\"_blank\">https:\/\/drive.google.com\/file\/d\/1jthD6a9fQBrK6SfPQh9IL-zT5Ea_PDd3\/view?usp=sharing<\/a><\/p>\n<p><\/p>\n<p>Diari de Girona, 29\/08\/2023<\/p>\n<p><a href=\"https:\/\/drive.google.com\/file\/d\/1h3Rpd9kPoCGbjeFB_N-htuk2RSZLzAI2\/view?usp=sharing\" rel=\"noopener noreferrer\" target=\"_blank\">https:\/\/drive.google.com\/file\/d\/1h3Rpd9kPoCGbjeFB_N-htuk2RSZLzAI2\/view?usp=sharing<\/a><\/p>\n<p><\/p>\n<p>Q\u00fcestions de Vida Cristiana, 01\/08\/2023<\/p>\n<p><a href=\"https:\/\/drive.google.com\/file\/d\/1DQRWTQLLnNsV6JoNzdyHV45Vq17On9eP\/view?usp=sharing\" rel=\"noopener noreferrer\" target=\"_blank\">https:\/\/drive.google.com\/file\/d\/1DQRWTQLLnNsV6JoNzdyHV45Vq17On9eP\/view?usp=sharing<\/a><\/p>\n<p><\/p>\n<p>Catalunya Cristiana (catal\u00e0), 01\/10\/2023<\/p>\n<p><a href=\"https:\/\/drive.google.com\/file\/d\/1JBXmU0i3jpvZ7G4sh1fGrIUcL9ApIHoe\/view?usp=sharing\" rel=\"noopener noreferrer\" target=\"_blank\">https:\/\/drive.google.com\/file\/d\/1JBXmU0i3jpvZ7G4sh1fGrIUcL9ApIHoe\/view?usp=sharing<\/a><\/p>\n<p><\/p>\n<p>Catalunya Cristiana (castell\u00e0), 01\/10\/2023<\/p>\n<p><a href=\"https:\/\/drive.google.com\/file\/d\/1vLt11Fkxu4hgmMDexCRXv0U-6LRx_uhS\/view?usp=sharing\" rel=\"noopener noreferrer\" target=\"_blank\">https:\/\/drive.google.com\/file\/d\/1vLt11Fkxu4hgmMDexCRXv0U-6LRx_uhS\/view?usp=sharing<\/a><\/p>\n<p><\/p>\n<p>Caplletra 76, 20\/03\/24<\/p>\n<p><a href=\"https:\/\/drive.google.com\/file\/d\/1iuudFgh1aqgmvWibgADMLP4Xk124CoEv\/view?usp=sharing\" rel=\"noopener noreferrer\" target=\"_blank\">https:\/\/drive.google.com\/file\/d\/1iuudFgh1aqgmvWibgADMLP4Xk124CoEv\/view?usp=sharing<\/a><\/p>\n<p><\/p>\n<p>Vilaweb, 12\/12\/2024<\/p>\n<p><a href=\"https:\/\/www.vilaweb.cat\/noticies\/josep-ruaix-normativa-afavorir-genuinitat\/\" rel=\"noopener noreferrer\" target=\"_blank\">https:\/\/www.vilaweb.cat\/noticies\/josep-ruaix-normativa-afavorir-genuinitat\/<\/a><\/p>\n","recomendamos":"","mas_vendido":""},"aioseo_notices":[],"_links":{"self":[{"href":"https:\/\/www.claret.cat\/es\/wp-json\/wp\/v2\/product\/416604","targetHints":{"allow":["GET"]}}],"collection":[{"href":"https:\/\/www.claret.cat\/es\/wp-json\/wp\/v2\/product"}],"about":[{"href":"https:\/\/www.claret.cat\/es\/wp-json\/wp\/v2\/types\/product"}],"wp:featuredmedia":[{"embeddable":true,"href":"https:\/\/www.claret.cat\/es\/wp-json\/wp\/v2\/media\/973798"}],"wp:attachment":[{"href":"https:\/\/www.claret.cat\/es\/wp-json\/wp\/v2\/media?parent=416604"}],"wp:term":[{"taxonomy":"product_brand","embeddable":true,"href":"https:\/\/www.claret.cat\/es\/wp-json\/wp\/v2\/product_brand?post=416604"},{"taxonomy":"product_cat","embeddable":true,"href":"https:\/\/www.claret.cat\/es\/wp-json\/wp\/v2\/product_cat?post=416604"},{"taxonomy":"product_tag","embeddable":true,"href":"https:\/\/www.claret.cat\/es\/wp-json\/wp\/v2\/product_tag?post=416604"}],"curies":[{"name":"wp","href":"https:\/\/api.w.org\/{rel}","templated":true}]}}