{"id":416617,"date":"2023-04-13T17:55:02","date_gmt":"2023-04-13T15:55:02","guid":{"rendered":"https:\/\/www.claret.cat\/llibre\/la-cuina-del-barroc-9788417116767\/"},"modified":"2023-10-11T03:08:20","modified_gmt":"2023-10-11T01:08:20","slug":"la-cuina-del-barroc-9788417116767","status":"publish","type":"product","link":"https:\/\/www.claret.cat\/es\/libro\/la-cuina-del-barroc-9788417116767\/","title":{"rendered":"LA CUINA DEL BARROC"},"content":{"rendered":"<p>Aquest llibre sobre la cuina del Barroc, corresponent a l\u2019\u00e8poca del Rector de Vallfogona (s. XVII), s\u2019ha editat en ocasi\u00f3 de la celebraci\u00f3 de l\u2019any dedicat a aquest gran poeta, tan gran com relativament poc conegut, malgrat que la seva figura \u2013per les seves poesies, can\u00e7ons i dites\u2013 formi part de la cultura popular.<\/p>\n<p>Hi trobarem un conjunt de suggestives receptes \u2013dels entrants i les sopes a les verdures, llegums, peix i carn, postres, conserves i begudes\u2013 ben documentades, explicades pas a pas i perfectament executables, amb ingredients que encara utilitzem avui. La cuina del Barroc, justament, inicia la cuina moderna, tot i mantenir encara com un tresor molts elements de la cuina medieval, l\u2019\u00e8poca de m\u00e0xima esplendor de la nostra cultura culin\u00e0ria.<\/p>\n<p>Deixem-nos seduir per aquests sabors d\u2019un altre temps i alhora molt contemporanis, amb les seves salses sorprenents, els seus agredol\u00e7os, els seus arom\u00e0tics guisats i dol\u00e7os superbs.<\/p>\n","protected":false},"excerpt":{"rendered":"<p>F\u00c0BREGA, JAUME<\/p>\n","protected":false},"featured_media":416618,"template":"","meta":{"_acf_changed":false,"om_disable_all_campaigns":false,"rs_blank_template":"","rs_page_bg_color":"","slide_template_v7":"","inline_featured_image":false,"_monsterinsights_skip_tracking":false,"_monsterinsights_sitenote_active":false,"_monsterinsights_sitenote_note":"","_monsterinsights_sitenote_category":0},"product_brand":[],"product_cat":[553,103],"product_tag":[],"class_list":{"0":"post-416617","1":"product","2":"type-product","3":"status-publish","4":"has-post-thumbnail","6":"product_cat-cocina","7":"product_cat-cuina","9":"first","10":"instock","11":"taxable","12":"shipping-taxable","13":"purchasable","14":"product-type-simple"},"acf":{"autor":"F\u00c0BREGA, JAUME","codart":"841711676","libros-coleccion":"","ediciones":"1","encuadernacion":"R\u00fastica","fecha_de_publicacion":"01\/04\/2023","novedad":"1","paginas":"128","subtitulo":"EN TEMPS DEL RECTOR DE VALLFOGONA","orden":"0","portada":"0","idioma":"cat","editorial":[{"ID":6255,"post_author":"3","post_date":"2022-07-28 17:48:16","post_date_gmt":"2022-07-28 15:48:16","post_content":"","post_title":"FARELL EDITORS I DISSENYADORS","post_excerpt":"","post_status":"publish","comment_status":"closed","ping_status":"closed","post_password":"","post_name":"farell-editors-i-dissenyadors","to_ping":"","pinged":"","post_modified":"2022-07-28 17:48:16","post_modified_gmt":"2022-07-28 15:48:16","post_content_filtered":"","post_parent":0,"guid":"http:\/\/dev.claret.cat\/editorial\/farell-editors-i-dissenyadors\/","menu_order":0,"post_type":"editorial","post_mime_type":"","comment_count":"0","filter":"raw"}],"autores-libros":[{"ID":158583,"post_author":"3","post_date":"2022-10-14 15:38:00","post_date_gmt":"2022-10-14 13:38:00","post_content":"","post_title":"JAUME F\u00c0BREGA","post_excerpt":"","post_status":"publish","comment_status":"closed","ping_status":"closed","post_password":"","post_name":"jaume-fabrega","to_ping":"","pinged":"","post_modified":"2022-10-14 15:38:00","post_modified_gmt":"2022-10-14 13:38:00","post_content_filtered":"","post_parent":0,"guid":"http:\/\/dev.claret.cat\/autor\/jaume-fabrega\/","menu_order":0,"post_type":"autor","post_mime_type":"","comment_count":"0","filter":"raw"}]},"aioseo_notices":[],"_links":{"self":[{"href":"https:\/\/www.claret.cat\/es\/wp-json\/wp\/v2\/product\/416617","targetHints":{"allow":["GET"]}}],"collection":[{"href":"https:\/\/www.claret.cat\/es\/wp-json\/wp\/v2\/product"}],"about":[{"href":"https:\/\/www.claret.cat\/es\/wp-json\/wp\/v2\/types\/product"}],"wp:featuredmedia":[{"embeddable":true,"href":"https:\/\/www.claret.cat\/es\/wp-json\/wp\/v2\/media\/416618"}],"wp:attachment":[{"href":"https:\/\/www.claret.cat\/es\/wp-json\/wp\/v2\/media?parent=416617"}],"wp:term":[{"taxonomy":"product_brand","embeddable":true,"href":"https:\/\/www.claret.cat\/es\/wp-json\/wp\/v2\/product_brand?post=416617"},{"taxonomy":"product_cat","embeddable":true,"href":"https:\/\/www.claret.cat\/es\/wp-json\/wp\/v2\/product_cat?post=416617"},{"taxonomy":"product_tag","embeddable":true,"href":"https:\/\/www.claret.cat\/es\/wp-json\/wp\/v2\/product_tag?post=416617"}],"curies":[{"name":"wp","href":"https:\/\/api.w.org\/{rel}","templated":true}]}}