{"id":417480,"date":"2023-04-18T10:10:15","date_gmt":"2023-04-18T08:10:15","guid":{"rendered":"https:\/\/www.claret.cat\/llibre\/cual-es-mi-fe-9788413374536\/"},"modified":"2023-10-11T03:06:46","modified_gmt":"2023-10-11T01:06:46","slug":"cual-es-mi-fe-9788413374536","status":"publish","type":"product","link":"https:\/\/www.claret.cat\/es\/libro\/cual-es-mi-fe-9788413374536\/","title":{"rendered":"CU\u00c1L ES MI FE"},"content":{"rendered":"<p>Hace cinco a\u00f1os cre\u00ed en la doctrina de Jesucristo y, de pronto, vari\u00f3 toda mi vida: dej\u00e9 de desear lo que antes deseaba y empec\u00e9 a desear lo que hasta entonces no hab\u00eda deseado. Lo que antes me parec\u00eda bueno, antoj\u00f3seme malo, y lo que tuve por malo, lo consider\u00e9 bueno. Me ocurri\u00f3 lo que acontece al hombre que, comprendiendo de pronto que el asunto porque dej\u00f3 su casa no merec\u00eda hacerlo, vuelve a ella: todo lo que antes ten\u00eda a su derecha, lo encuentra a la izquierda, y todo lo que a la izquierda estaba, lo halla a su diestra; el deseo primitivo de alejarse del hogar se troc\u00f3 en deseo de acercarse cuanto antes a \u00e9l.<\/p>\n","protected":false},"excerpt":{"rendered":"<p>TOLSTOI, LE\u00d3N<\/p>\n","protected":false},"featured_media":417481,"template":"","meta":{"_acf_changed":false,"om_disable_all_campaigns":false,"rs_blank_template":"","rs_page_bg_color":"","slide_template_v7":"","inline_featured_image":false,"_monsterinsights_skip_tracking":false,"_monsterinsights_sitenote_active":false,"_monsterinsights_sitenote_note":"","_monsterinsights_sitenote_category":0},"product_brand":[],"product_cat":[284,418],"product_tag":[],"class_list":{"0":"post-417480","1":"product","2":"type-product","3":"status-publish","4":"has-post-thumbnail","6":"product_cat-espiritual","7":"product_cat-espiritual-teologia-1_espiritualidad","9":"first","10":"instock","11":"taxable","12":"shipping-taxable","13":"purchasable","14":"product-type-simple"},"acf":{"autor":"TOLSTOI, LE\u00d3N","codart":"8413374537","libros-coleccion":"Ensayo","ediciones":"1","encuadernacion":"R\u00fastica","fecha_de_publicacion":"01\/12\/2020","novedad":"1","paginas":"0","subtitulo":"","orden":"0","portada":"0","idioma":"spa","editorial":[{"ID":262077,"post_author":"3","post_date":"2022-10-24 11:19:37","post_date_gmt":"2022-10-24 09:19:37","post_content":"","post_title":"Editorial Verbum","post_excerpt":"","post_status":"publish","comment_status":"closed","ping_status":"closed","post_password":"","post_name":"editorial-verbum","to_ping":"","pinged":"","post_modified":"2022-10-24 11:19:37","post_modified_gmt":"2022-10-24 09:19:37","post_content_filtered":"","post_parent":0,"guid":"http:\/\/dev.claret.cat\/editorial\/editorial-verbum\/","menu_order":0,"post_type":"editorial","post_mime_type":"","comment_count":"0","filter":"raw"}],"autores-libros":[{"ID":162121,"post_author":"3","post_date":"2022-10-14 17:28:31","post_date_gmt":"2022-10-14 15:28:31","post_content":"","post_title":"LEON TOLSTOI","post_excerpt":"","post_status":"publish","comment_status":"closed","ping_status":"closed","post_password":"","post_name":"leon-tolstoi","to_ping":"","pinged":"","post_modified":"2022-10-14 17:28:31","post_modified_gmt":"2022-10-14 15:28:31","post_content_filtered":"","post_parent":0,"guid":"http:\/\/dev.claret.cat\/autor\/leon-tolstoi\/","menu_order":0,"post_type":"autor","post_mime_type":"","comment_count":"0","filter":"raw"}]},"aioseo_notices":[],"_links":{"self":[{"href":"https:\/\/www.claret.cat\/es\/wp-json\/wp\/v2\/product\/417480","targetHints":{"allow":["GET"]}}],"collection":[{"href":"https:\/\/www.claret.cat\/es\/wp-json\/wp\/v2\/product"}],"about":[{"href":"https:\/\/www.claret.cat\/es\/wp-json\/wp\/v2\/types\/product"}],"wp:featuredmedia":[{"embeddable":true,"href":"https:\/\/www.claret.cat\/es\/wp-json\/wp\/v2\/media\/417481"}],"wp:attachment":[{"href":"https:\/\/www.claret.cat\/es\/wp-json\/wp\/v2\/media?parent=417480"}],"wp:term":[{"taxonomy":"product_brand","embeddable":true,"href":"https:\/\/www.claret.cat\/es\/wp-json\/wp\/v2\/product_brand?post=417480"},{"taxonomy":"product_cat","embeddable":true,"href":"https:\/\/www.claret.cat\/es\/wp-json\/wp\/v2\/product_cat?post=417480"},{"taxonomy":"product_tag","embeddable":true,"href":"https:\/\/www.claret.cat\/es\/wp-json\/wp\/v2\/product_tag?post=417480"}],"curies":[{"name":"wp","href":"https:\/\/api.w.org\/{rel}","templated":true}]}}