{"id":417640,"date":"2023-04-19T12:25:02","date_gmt":"2023-04-19T10:25:02","guid":{"rendered":"https:\/\/www.claret.cat\/llibre\/paz-a-esta-casa-9788472403390\/"},"modified":"2026-03-03T19:50:11","modified_gmt":"2026-03-03T18:50:11","slug":"paz-a-esta-casa-9788472403390","status":"publish","type":"product","link":"https:\/\/www.claret.cat\/es\/libro\/paz-a-esta-casa-9788472403390\/","title":{"rendered":"PAZ A ESTA CASA"},"content":{"rendered":"<p>En el octavo centenario de la aprobaci\u00f3n por el papa Honorio III de la Regla franciscana, la que conocemos como Regla bulada, queremos leer el viejo texto salido de la mano de Francisco con una mirada de aprecio y actualizaci\u00f3n. Aprecio porque esta Regla ha sido el cobijo de generaciones de franciscanos. Y actualizaci\u00f3n, porque nuestra mirada, como no pod\u00eda ser de otra manera, se hace desde el m\u00e1s trepidante hoy.<br \/>Desde esa perspectiva, desear\u00edamos escuchar el latir del texto, nos gustar\u00eda tocar su fondo y captar lo m\u00e1s esencial del coraz\u00f3n de Francisco. Palabras vivas, las de la Regla, para caminos de vida. Los valores elegidos para ser iluminados por el texto se orientar\u00e1n a la vida de quien aprecia a Francisco, de quien est\u00e1 en la \u00f3rbita de lo franciscano.<br \/>Las opciones carism\u00e1ticas engendran responsabilidades sociales espec\u00edficas. En el caso del franciscanismo tienen prioridad todas aquellas que afectan a los descartados (a los menores sociales), a la creaci\u00f3n como sujeto de amor y, sobre todo, a los temas relativos a la paz social. Consideramos que la oferta de paz, en toda su amplitud y hondura, es lo espec\u00edfico de la oferta franciscana, el resultado de su elaboraci\u00f3n espiritual. No es solamente un derivado de su espiritualidad, sino tambi\u00e9n su n\u00facleo.<br \/>Ahora que estamos en tiempos de acumular materiales y no sabemos, tras esta formidable crisis que sufre la vida religiosa franciscana, as\u00ed como la laical, qu\u00e9 es lo que va a surgir, quiz\u00e1 la lectura social de la Regla afianza en la posibilidad de una vida cristiana no menos fraterna y m\u00e1s social, no menos espiritual y m\u00e1s all\u00e1 de las tradiciones religiosas, no menos ce\u00f1ida al Evangelio y m\u00e1s hermanada con las fatigosas sendas de lo humano. Tal vez est\u00e9 m\u00e1s cerca que nunca de nosotros el d\u00eda hermoso en que surja pujante la utop\u00eda franciscana de la fraternidad global.<\/p>\n","protected":false},"excerpt":{"rendered":"<p>AIZPUR\u00daA, FIDEL<\/p>\n","protected":false},"featured_media":417641,"template":"","meta":{"_acf_changed":false,"om_disable_all_campaigns":false,"rs_blank_template":"","rs_page_bg_color":"","slide_template_v7":"","inline_featured_image":false,"_monsterinsights_skip_tracking":false,"_monsterinsights_sitenote_active":false,"_monsterinsights_sitenote_note":"","_monsterinsights_sitenote_category":0},"product_brand":[],"product_cat":[243,493],"product_tag":[],"class_list":{"0":"post-417640","1":"product","2":"type-product","3":"status-publish","4":"has-post-thumbnail","6":"product_cat-franciscana","7":"product_cat-franciscana-espiritualidad-1_espiritualidad","9":"first","10":"instock","11":"taxable","12":"shipping-taxable","13":"purchasable","14":"product-type-simple"},"acf":{"autor":"AIZPUR\u00daA, FIDEL","codart":"847240339","libros-coleccion":"Hermano Francisco","ediciones":"1","encuadernacion":"R\u00fastica","fecha_de_publicacion":"19\/04\/2023","novedad":"1","paginas":"192","subtitulo":"UNA LECTURA SOCIAL DE LA REGLA BULADA DE FRANCISCO DE AS\u00cdS ","orden":"0","portada":"0","idioma":"spa","editorial":[{"ID":147454,"post_author":"3","post_date":"2022-10-14 11:50:42","post_date_gmt":"2022-10-14 09:50:42","post_content":"","post_title":"ARANTZAZU","post_excerpt":"","post_status":"publish","comment_status":"closed","ping_status":"closed","post_password":"","post_name":"arantzazu","to_ping":"","pinged":"","post_modified":"2022-10-14 11:50:42","post_modified_gmt":"2022-10-14 09:50:42","post_content_filtered":"","post_parent":0,"guid":"http:\/\/dev.claret.cat\/editorial\/arantzazu\/","menu_order":0,"post_type":"editorial","post_mime_type":"","comment_count":"0","filter":"raw"}],"autores-libros":[{"ID":155922,"post_author":"3","post_date":"2022-10-14 15:16:42","post_date_gmt":"2022-10-14 13:16:42","post_content":"","post_title":"FIDEL AIZPUR\u00daA","post_excerpt":"","post_status":"publish","comment_status":"closed","ping_status":"closed","post_password":"","post_name":"fidel-aizpurua","to_ping":"","pinged":"","post_modified":"2022-10-14 15:16:42","post_modified_gmt":"2022-10-14 13:16:42","post_content_filtered":"","post_parent":0,"guid":"http:\/\/dev.claret.cat\/autor\/fidel-aizpurua\/","menu_order":0,"post_type":"autor","post_mime_type":"","comment_count":"0","filter":"raw"}],"booktrailer":"","resenas":""},"aioseo_notices":[],"_links":{"self":[{"href":"https:\/\/www.claret.cat\/es\/wp-json\/wp\/v2\/product\/417640","targetHints":{"allow":["GET"]}}],"collection":[{"href":"https:\/\/www.claret.cat\/es\/wp-json\/wp\/v2\/product"}],"about":[{"href":"https:\/\/www.claret.cat\/es\/wp-json\/wp\/v2\/types\/product"}],"wp:featuredmedia":[{"embeddable":true,"href":"https:\/\/www.claret.cat\/es\/wp-json\/wp\/v2\/media\/417641"}],"wp:attachment":[{"href":"https:\/\/www.claret.cat\/es\/wp-json\/wp\/v2\/media?parent=417640"}],"wp:term":[{"taxonomy":"product_brand","embeddable":true,"href":"https:\/\/www.claret.cat\/es\/wp-json\/wp\/v2\/product_brand?post=417640"},{"taxonomy":"product_cat","embeddable":true,"href":"https:\/\/www.claret.cat\/es\/wp-json\/wp\/v2\/product_cat?post=417640"},{"taxonomy":"product_tag","embeddable":true,"href":"https:\/\/www.claret.cat\/es\/wp-json\/wp\/v2\/product_tag?post=417640"}],"curies":[{"name":"wp","href":"https:\/\/api.w.org\/{rel}","templated":true}]}}