{"id":417658,"date":"2023-04-19T13:00:45","date_gmt":"2023-04-19T11:00:45","guid":{"rendered":"https:\/\/www.claret.cat\/llibre\/teologia-sistematica-reformada-de-c-hodge-9788482675503\/"},"modified":"2024-07-12T13:51:33","modified_gmt":"2024-07-12T11:51:33","slug":"teologia-sistematica-reformada-de-c-hodge-9788482675503","status":"publish","type":"product","link":"https:\/\/www.claret.cat\/es\/libro\/teologia-sistematica-reformada-de-c-hodge-9788482675503\/","title":{"rendered":"TEOLOG\u00cdA SISTEM\u00c1TICA REFORMADA DE C. HODGE"},"content":{"rendered":"<p>* Obra magna de uno de los te\u00f3logos reformados m\u00e1s grandes de Estados Unidos, representativa, por otra parte, de lo mejor de la teolog\u00eda protestante basada en la Palabra de Dios. Es el resultado de cincuenta a\u00f1os de ense\u00f1anza en el Princeton Theological Seminary, escrita casi al final de una vida dedicada al estudio, la escritura, la predicaci\u00f3n y la formaci\u00f3n de estudiantes aspirantes al ministerio cristiano. <\/p>\n<p>* Erudici\u00f3n y devoci\u00f3n se dan la mano en esta obra insigne, en l\u00ednea de continuidad con los grandes te\u00f3logos de todos los tiempos, para quienes mente y coraz\u00f3n, intelecto y piedad colaboran armoniosa y poderosamente en la construcci\u00f3n del edificio doctrinal cristiano. Para ellos la teolog\u00eda no es un ejercicio especulativo, sino la manifestaci\u00f3n de una experiencia vital de salvaci\u00f3n acad\u00e9micamente expresada para bien de la generalidad de los creyentes, perplejos ante el desaf\u00edo de la cultura secular y la certeza del mensaje evang\u00e9lico. <\/p>\n<p>* Te\u00f3logo de la Palabra de Dios, Hodge procede a modo de un hombre de ciencia de las cosas divinas reveladas en la Biblia, de donde extrae los datos y los hechos con los que construir un impresionante edificio teol\u00f3gico, seg\u00fan las leyes y coherencia interna de la misma Biblia. \u00abLa Biblia -dice- es para el te\u00f3logo lo que la naturaleza para el hombre de ciencia. Es su arsenal de hechos, y su m\u00e9todo de determinar lo que la Biblia ense\u00f1a es el mismo que el adoptado por el fil\u00f3sofo natural para determinar qu\u00e9 ense\u00f1a la naturaleza\u00bb. <\/p>\n<p>* Hodge determina, recoge y combina todos los hechos que Dios ha revelado para mostrar las verdades de la fe en su armon\u00eda, consistencia y mutua relaci\u00f3n interna. No es una tarea f\u00e1cil, pero Hodge sale triunfante en esta obra monumental en la que explora la teolog\u00eda, la doctrina relativa a Dios, la Trinidad, su conocimiento y atributos; la antropolog\u00eda, la doctrina relativa al hombre, su creaci\u00f3n, su naturaleza y su pecado; la soteriolog\u00eda, la doctrina relativa a la obra de Dios en la salvaci\u00f3n del hombre ca\u00eddo; y la escatolog\u00eda, la doctrina relativa al estado del alma en el m\u00e1s all\u00e1 y la espera del retorno glorioso de Cristo. <\/p>\n<p>  &#8216;Descargue el primer cap\u00edtulo&#8217;<\/p>\n","protected":false},"excerpt":{"rendered":"<p>CHARLES HODGE<\/p>\n","protected":false},"featured_media":974801,"template":"","meta":{"_acf_changed":false,"om_disable_all_campaigns":false,"rs_blank_template":"","rs_page_bg_color":"","slide_template_v7":"","inline_featured_image":false,"_monsterinsights_skip_tracking":false,"_monsterinsights_sitenote_active":false,"_monsterinsights_sitenote_note":"","_monsterinsights_sitenote_category":0},"product_brand":[],"product_cat":[285,419],"product_tag":[],"class_list":{"0":"post-417658","1":"product","2":"type-product","3":"status-publish","4":"has-post-thumbnail","6":"product_cat-pastoral-teologia","7":"product_cat-pastoral-teologia-1_espiritualidad","9":"first","10":"instock","11":"taxable","12":"shipping-taxable","13":"purchasable","14":"product-type-simple"},"acf":{"autor":"CHARLES HODGE","codart":"848267550","libros-coleccion":"","ediciones":"1","encuadernacion":"Carpeta","fecha_de_publicacion":"01\/06\/2010","novedad":"1","paginas":"928","subtitulo":"","orden":"0","portada":"0","idioma":"spa","editorial":[{"ID":148991,"post_author":"3","post_date":"2022-10-14 12:02:35","post_date_gmt":"2022-10-14 10:02:35","post_content":"","post_title":"Zondervan","post_excerpt":"","post_status":"publish","comment_status":"closed","ping_status":"closed","post_password":"","post_name":"zondervan","to_ping":"","pinged":"","post_modified":"2022-10-14 12:02:35","post_modified_gmt":"2022-10-14 10:02:35","post_content_filtered":"","post_parent":0,"guid":"http:\/\/dev.claret.cat\/editorial\/zondervan\/","menu_order":0,"post_type":"editorial","post_mime_type":"","comment_count":"0","filter":"raw"}],"autores-libros":[{"ID":417657,"post_author":"3","post_date":"2023-04-19 13:00:25","post_date_gmt":"2023-04-19 11:00:25","post_content":"","post_title":"CHARLES HODGE","post_excerpt":"","post_status":"publish","comment_status":"closed","ping_status":"closed","post_password":"","post_name":"charles-hodge","to_ping":"","pinged":"","post_modified":"2023-04-19 13:00:25","post_modified_gmt":"2023-04-19 11:00:25","post_content_filtered":"","post_parent":0,"guid":"https:\/\/www.claret.cat\/autor\/charles-hodge\/","menu_order":0,"post_type":"autor","post_mime_type":"","comment_count":"0","filter":"raw"}]},"aioseo_notices":[],"_links":{"self":[{"href":"https:\/\/www.claret.cat\/es\/wp-json\/wp\/v2\/product\/417658","targetHints":{"allow":["GET"]}}],"collection":[{"href":"https:\/\/www.claret.cat\/es\/wp-json\/wp\/v2\/product"}],"about":[{"href":"https:\/\/www.claret.cat\/es\/wp-json\/wp\/v2\/types\/product"}],"wp:featuredmedia":[{"embeddable":true,"href":"https:\/\/www.claret.cat\/es\/wp-json\/wp\/v2\/media\/974801"}],"wp:attachment":[{"href":"https:\/\/www.claret.cat\/es\/wp-json\/wp\/v2\/media?parent=417658"}],"wp:term":[{"taxonomy":"product_brand","embeddable":true,"href":"https:\/\/www.claret.cat\/es\/wp-json\/wp\/v2\/product_brand?post=417658"},{"taxonomy":"product_cat","embeddable":true,"href":"https:\/\/www.claret.cat\/es\/wp-json\/wp\/v2\/product_cat?post=417658"},{"taxonomy":"product_tag","embeddable":true,"href":"https:\/\/www.claret.cat\/es\/wp-json\/wp\/v2\/product_tag?post=417658"}],"curies":[{"name":"wp","href":"https:\/\/api.w.org\/{rel}","templated":true}]}}