{"id":417667,"date":"2023-04-19T13:45:21","date_gmt":"2023-04-19T11:45:21","guid":{"rendered":"https:\/\/www.claret.cat\/llibre\/fotogrames-de-memoria-9788412232134\/"},"modified":"2024-04-23T18:15:41","modified_gmt":"2024-04-23T16:15:41","slug":"fotogrames-de-memoria-9788412232134","status":"publish","type":"product","link":"https:\/\/www.claret.cat\/es\/libro\/fotogrames-de-memoria-9788412232134\/","title":{"rendered":"FOTOGRAMES DE MEM\u00d2RIA"},"content":{"rendered":"<p>Dues mares i l&#8217;Alzheimer van al cinema \u00e9s un els t\u00edtols que vam pensar per a aquest llibre, perqu\u00e8 representa b\u00e9 els tres pilars essencials del quals vol\u00edem parlar: la malaltia de l&#8217;Alzheimer que ha acompanyat les mares els darres anys de la seva vida;el cinema, que ens ofereix l&#8217;oportunitat de veure diferents enfocs de la malaltia que podem ajudar a la reflexi\u00f3 , i, el tercer pilar , es fonamental. les mares , les veritables protagonistes de les boniques escenes que al llarg del llibre es van relatant.<\/p>\n<p>All\u00f2 que l&#8217;Alzheimer No s&#8217;endugu\u00e9, un altre t\u00edtol inspirat en una coneguda pel\u00b7l\u00edcula, tamb\u00e9 resultava molt adient , ja que l&#8217;Alzheimer pot esborrar la mem\u00f2ria per\u00f2 no s&#8217;endur\u00e0 els sentiments ni les emocions .<\/p>\n<p>Finalment , ens vam descantar per Fotogrames de mem\u00f2ria. Perqu\u00e8 en el llibre hi trobareu diferents vessants: explicaci\u00f3 de la malaltia , recomanacions per gestionar situacions,entitats relacionades&#8230; Per\u00f2 , potser, el m\u00e9s significatiu s\u00f3n aquests retalls de la vida que, com en un film, mostren el que nosaltres hem viccut i que sempre romendran en la nostre record.<\/p>\n<p>Aquest llibre \u00e9s un conjunt de fotogrames de la nostra mem\u00f2ria.<\/p>\n","protected":false},"excerpt":{"rendered":"<p>LAJARA, MERC\u00c8 \/ CLAVERAS, MONTSERRAT<\/p>\n","protected":false},"featured_media":417668,"template":"","meta":{"_acf_changed":false,"om_disable_all_campaigns":false,"rs_blank_template":"","rs_page_bg_color":"","slide_template_v7":"","inline_featured_image":false,"_monsterinsights_skip_tracking":false,"_monsterinsights_sitenote_active":false,"_monsterinsights_sitenote_note":"","_monsterinsights_sitenote_category":0},"product_brand":[],"product_cat":[561,112,547,97],"product_tag":[],"class_list":{"0":"post-417667","1":"product","2":"type-product","3":"status-publish","4":"has-post-thumbnail","6":"product_cat-cine-y-television","7":"product_cat-cinema-i-televisio","8":"product_cat-salud","9":"product_cat-salut","11":"first","12":"instock","13":"taxable","14":"shipping-taxable","15":"purchasable","16":"product-type-simple"},"acf":{"autor":"LAJARA, MERC\u00c8 \/ CLAVERAS, MONTSERRAT","codart":"841223213","libros-coleccion":"","ediciones":"1","encuadernacion":"R\u00fastica","fecha_de_publicacion":"01\/01\/2023","novedad":"1","paginas":"142","subtitulo":"DUES MARES, L'ALZHEIMER I EL CINEMA.","orden":"0","portada":"0","idioma":"cat","editorial":[{"ID":417672,"post_author":"3","post_date":"2023-04-19 13:50:33","post_date_gmt":"2023-04-19 11:50:33","post_content":"","post_title":"R\u00fabrica Editorial","post_excerpt":"","post_status":"publish","comment_status":"closed","ping_status":"closed","post_password":"","post_name":"rubrica-editorial-3","to_ping":"","pinged":"","post_modified":"2023-04-19 13:50:33","post_modified_gmt":"2023-04-19 11:50:33","post_content_filtered":"","post_parent":0,"guid":"https:\/\/www.claret.cat\/editorial\/rubrica-editorial-3\/","menu_order":0,"post_type":"editorial","post_mime_type":"","comment_count":"0","filter":"raw"}],"autores-libros":[{"ID":165426,"post_author":"3","post_date":"2022-10-14 17:55:05","post_date_gmt":"2022-10-14 15:55:05","post_content":"","post_title":"MONTSERRAT CLAVERAS","post_excerpt":"","post_status":"publish","comment_status":"closed","ping_status":"closed","post_password":"","post_name":"montserrat-claveras","to_ping":"","pinged":"","post_modified":"2022-10-14 17:55:05","post_modified_gmt":"2022-10-14 15:55:05","post_content_filtered":"","post_parent":0,"guid":"http:\/\/dev.claret.cat\/autor\/montserrat-claveras\/","menu_order":0,"post_type":"autor","post_mime_type":"","comment_count":"0","filter":"raw"},{"ID":417673,"post_author":"3","post_date":"2023-04-19 13:50:33","post_date_gmt":"2023-04-19 11:50:33","post_content":"","post_title":"MERC\u00c8 LAJARA","post_excerpt":"","post_status":"publish","comment_status":"closed","ping_status":"closed","post_password":"","post_name":"merce-lajara","to_ping":"","pinged":"","post_modified":"2023-04-19 13:50:33","post_modified_gmt":"2023-04-19 11:50:33","post_content_filtered":"","post_parent":0,"guid":"https:\/\/www.claret.cat\/autor\/merce-lajara\/","menu_order":0,"post_type":"autor","post_mime_type":"","comment_count":"0","filter":"raw"}]},"aioseo_notices":[],"_links":{"self":[{"href":"https:\/\/www.claret.cat\/es\/wp-json\/wp\/v2\/product\/417667","targetHints":{"allow":["GET"]}}],"collection":[{"href":"https:\/\/www.claret.cat\/es\/wp-json\/wp\/v2\/product"}],"about":[{"href":"https:\/\/www.claret.cat\/es\/wp-json\/wp\/v2\/types\/product"}],"wp:featuredmedia":[{"embeddable":true,"href":"https:\/\/www.claret.cat\/es\/wp-json\/wp\/v2\/media\/417668"}],"wp:attachment":[{"href":"https:\/\/www.claret.cat\/es\/wp-json\/wp\/v2\/media?parent=417667"}],"wp:term":[{"taxonomy":"product_brand","embeddable":true,"href":"https:\/\/www.claret.cat\/es\/wp-json\/wp\/v2\/product_brand?post=417667"},{"taxonomy":"product_cat","embeddable":true,"href":"https:\/\/www.claret.cat\/es\/wp-json\/wp\/v2\/product_cat?post=417667"},{"taxonomy":"product_tag","embeddable":true,"href":"https:\/\/www.claret.cat\/es\/wp-json\/wp\/v2\/product_tag?post=417667"}],"curies":[{"name":"wp","href":"https:\/\/api.w.org\/{rel}","templated":true}]}}