{"id":417729,"date":"2023-04-19T17:31:44","date_gmt":"2023-04-19T15:31:44","guid":{"rendered":"https:\/\/www.claret.cat\/llibre\/miradores-del-pirineo-aragones-sobrarbe-y-ribagorza-9788480909655\/"},"modified":"2023-10-11T03:05:00","modified_gmt":"2023-10-11T01:05:00","slug":"miradores-del-pirineo-aragones-sobrarbe-y-ribagorza-9788480909655","status":"publish","type":"product","link":"https:\/\/www.claret.cat\/es\/libro\/miradores-del-pirineo-aragones-sobrarbe-y-ribagorza-9788480909655\/","title":{"rendered":"MIRADORES DEL PIRINEO ARAGON\u00c9S &#8211; SOBRARBE Y RIBAGORZA"},"content":{"rendered":"<p>20 excursiones accesibles a todas las edades Para disfrutar de la alta monta\u00f1a, de los mejores paisajes, de los lugares m\u00e1s bellos. Siempre por caminos bien se\u00f1alizados, sin dificultades t\u00e9cnicas y sin problemas de orientaci\u00f3n. Rutas para andar en sinton\u00eda con la naturaleza. Una gu\u00eda para todos, con rutas de dificultades variadas y para realizar en todas las \u00e9pocas del a\u00f1o. Una gu\u00eda para descubrir este pedacito de Pirineo tan maravilloso y especial. 1 &#8211; Mirador de Calcilarruego 2 &#8211; Miradores del Molar y Ordesa 3 &#8211; Mirador de Punta Rayuala 4 &#8211; Mirador de la Estiva de Pineta 5 &#8211; Miradores de A\u00f1isclo 6 &#8211; Miradores de Revilla 7 &#8211; Miradores de Escua\u00edn 8 &#8211; Miradores de Guaso y Santa Mar\u00eda de Buil 9 &#8211; Miradores del Vero y Tozal de Mallata 10 &#8211; Mirador de Partara 11 &#8211; Mirador de los castillos de Samitier 12 &#8211; Mirador de Muro de Roda y Guatar\u00e1n 13 &#8211; Miradores de Gista\u00edn 14 &#8211; Miradores de Graus 15 &#8211; Mirador de Collabardina 16 &#8211; Miradores de Ch\u00eda 17 &#8211; Mirador del Pichirillo 18 &#8211; Mirador del glaciar de la Maladeta y puerto de Ben\u00e1s 19 &#8211; Mirador de la Borda de Ansuilo 20 &#8211; Miradores de Montanuy<\/p>\n","protected":false},"excerpt":{"rendered":"<p>MONTMANY, MARTA<\/p>\n","protected":false},"featured_media":417730,"template":"","meta":{"_acf_changed":false,"om_disable_all_campaigns":false,"rs_blank_template":"","rs_page_bg_color":"","slide_template_v7":"","inline_featured_image":false,"_monsterinsights_skip_tracking":false,"_monsterinsights_sitenote_active":false,"_monsterinsights_sitenote_note":"","_monsterinsights_sitenote_category":0},"product_brand":[],"product_cat":[557,107],"product_tag":[],"class_list":{"0":"post-417729","1":"product","2":"type-product","3":"status-publish","4":"has-post-thumbnail","6":"product_cat-guias-de-viaje","7":"product_cat-guies-de-viatge","9":"first","10":"instock","11":"taxable","12":"shipping-taxable","13":"purchasable","14":"product-type-simple"},"acf":{"autor":"MONTMANY, MARTA","codart":"848090965","libros-coleccion":"FORA DE COL.LECCI\u00d3","ediciones":"1","encuadernacion":"R\u00fastica","fecha_de_publicacion":"01\/03\/2023","novedad":"1","paginas":"0","subtitulo":"","orden":"0","portada":"0","idioma":"cat","editorial":[{"ID":6217,"post_author":"3","post_date":"2022-07-28 17:47:23","post_date_gmt":"2022-07-28 15:47:23","post_content":"","post_title":"EDITORIAL ALPINA","post_excerpt":"","post_status":"publish","comment_status":"closed","ping_status":"closed","post_password":"","post_name":"editorial-alpina","to_ping":"","pinged":"","post_modified":"2022-07-28 17:47:23","post_modified_gmt":"2022-07-28 15:47:23","post_content_filtered":"","post_parent":0,"guid":"http:\/\/dev.claret.cat\/editorial\/editorial-alpina\/","menu_order":0,"post_type":"editorial","post_mime_type":"","comment_count":"0","filter":"raw"}],"autores-libros":[{"ID":5817,"post_author":"3","post_date":"2022-07-28 17:32:06","post_date_gmt":"2022-07-28 15:32:06","post_content":"","post_title":"MARTA MONTMANY","post_excerpt":"","post_status":"publish","comment_status":"closed","ping_status":"closed","post_password":"","post_name":"marta-montmany","to_ping":"","pinged":"","post_modified":"2022-07-28 17:32:06","post_modified_gmt":"2022-07-28 15:32:06","post_content_filtered":"","post_parent":0,"guid":"http:\/\/dev.claret.cat\/autor\/marta-montmany\/","menu_order":0,"post_type":"autor","post_mime_type":"","comment_count":"0","filter":"raw"}]},"aioseo_notices":[],"_links":{"self":[{"href":"https:\/\/www.claret.cat\/es\/wp-json\/wp\/v2\/product\/417729","targetHints":{"allow":["GET"]}}],"collection":[{"href":"https:\/\/www.claret.cat\/es\/wp-json\/wp\/v2\/product"}],"about":[{"href":"https:\/\/www.claret.cat\/es\/wp-json\/wp\/v2\/types\/product"}],"wp:featuredmedia":[{"embeddable":true,"href":"https:\/\/www.claret.cat\/es\/wp-json\/wp\/v2\/media\/417730"}],"wp:attachment":[{"href":"https:\/\/www.claret.cat\/es\/wp-json\/wp\/v2\/media?parent=417729"}],"wp:term":[{"taxonomy":"product_brand","embeddable":true,"href":"https:\/\/www.claret.cat\/es\/wp-json\/wp\/v2\/product_brand?post=417729"},{"taxonomy":"product_cat","embeddable":true,"href":"https:\/\/www.claret.cat\/es\/wp-json\/wp\/v2\/product_cat?post=417729"},{"taxonomy":"product_tag","embeddable":true,"href":"https:\/\/www.claret.cat\/es\/wp-json\/wp\/v2\/product_tag?post=417729"}],"curies":[{"name":"wp","href":"https:\/\/api.w.org\/{rel}","templated":true}]}}