{"id":417768,"date":"2023-04-20T13:00:02","date_gmt":"2023-04-20T11:00:02","guid":{"rendered":"https:\/\/www.claret.cat\/llibre\/cuando-todo-se-desmorona-9788415995630\/"},"modified":"2025-12-01T11:16:54","modified_gmt":"2025-12-01T10:16:54","slug":"cuando-todo-se-desmorona-9788415995630","status":"publish","type":"product","link":"https:\/\/www.claret.cat\/es\/libro\/cuando-todo-se-desmorona-9788415995630\/","title":{"rendered":"CUANDO TODO SE DESMORONA"},"content":{"rendered":"<p>El libro que el lector tiene en sus manos es de meditaci\u00f3n. En \u00e9l se evocan los frutos de aquella. Reconozco a S\u00f8ren Kierkegaard como una potente fuente de inspiraci\u00f3n espiritual, pero tambi\u00e9n de consolaci\u00f3n filos\u00f3fica.<br \/> Meditar es ahondar en la realidad, hacerse plenamente receptivo a lo que hay, vencer la dualidad espectador-actor, lector-autor, para hacerse uno con el texto le\u00eddo. Ello solo es posible si uno se libera de sus propios pensamientos, si adopta la forma de recipiente y se vac\u00eda mental y emocionalmente para recibir el texto en sus adentros.<br \/> \u00abLeer, en sentido estricto, es un acto de hospitalidad y, como tal, hiriente\u00bb.<\/p>\n","protected":false},"excerpt":{"rendered":"<p>TORRALBA ROSELL\u00d3, FRANCESC<\/p>\n","protected":false},"featured_media":417769,"template":"","meta":{"_acf_changed":false,"om_disable_all_campaigns":false,"rs_blank_template":"","rs_page_bg_color":"","slide_template_v7":"","inline_featured_image":false,"_monsterinsights_skip_tracking":false,"_monsterinsights_sitenote_active":false,"_monsterinsights_sitenote_note":"","_monsterinsights_sitenote_category":0},"product_brand":[],"product_cat":[485,232,445,175],"product_tag":[],"class_list":{"0":"post-417768","1":"product","2":"type-product","3":"status-publish","4":"has-post-thumbnail","6":"product_cat-autores-espiritualidad-1_espiritualidad","7":"product_cat-autors-espiritualitat","8":"product_cat-etica-filosofia-2_humanidades","9":"product_cat-etica","11":"first","12":"instock","13":"taxable","14":"shipping-taxable","15":"purchasable","16":"product-type-simple"},"acf":{"autor":"TORRALBA ROSELL\u00d3, FRANCESC","codart":"841599563","libros-coleccion":"Expresar religioso","ediciones":"1","encuadernacion":"R\u00fastica","fecha_de_publicacion":"01\/02\/2023","novedad":"1","paginas":"267","subtitulo":"MEDITAR CON KIERKEGAARD","orden":"0","portada":"0","idioma":"spa","editorial":[{"ID":148334,"post_author":"3","post_date":"2022-10-14 11:57:26","post_date_gmt":"2022-10-14 09:57:26","post_content":"","post_title":"Khaf (Edelvives)","post_excerpt":"","post_status":"publish","comment_status":"closed","ping_status":"closed","post_password":"","post_name":"khaf-edelvives","to_ping":"","pinged":"","post_modified":"2022-10-14 11:57:26","post_modified_gmt":"2022-10-14 09:57:26","post_content_filtered":"","post_parent":0,"guid":"http:\/\/dev.claret.cat\/editorial\/khaf-edelvives\/","menu_order":0,"post_type":"editorial","post_mime_type":"","comment_count":"0","filter":"raw"}],"autores-libros":[{"ID":156146,"post_author":"3","post_date":"2022-10-14 15:18:29","post_date_gmt":"2022-10-14 13:18:29","post_content":"","post_title":"FRANCESC TORRALBA ROSELL\u00d3","post_excerpt":"","post_status":"publish","comment_status":"closed","ping_status":"closed","post_password":"","post_name":"francesc-torralba-rosello","to_ping":"","pinged":"","post_modified":"2022-10-14 15:18:29","post_modified_gmt":"2022-10-14 13:18:29","post_content_filtered":"","post_parent":0,"guid":"http:\/\/dev.claret.cat\/autor\/francesc-torralba-rosello\/","menu_order":0,"post_type":"autor","post_mime_type":"","comment_count":"0","filter":"raw"}],"booktrailer":"","resenas":""},"aioseo_notices":[],"_links":{"self":[{"href":"https:\/\/www.claret.cat\/es\/wp-json\/wp\/v2\/product\/417768","targetHints":{"allow":["GET"]}}],"collection":[{"href":"https:\/\/www.claret.cat\/es\/wp-json\/wp\/v2\/product"}],"about":[{"href":"https:\/\/www.claret.cat\/es\/wp-json\/wp\/v2\/types\/product"}],"wp:featuredmedia":[{"embeddable":true,"href":"https:\/\/www.claret.cat\/es\/wp-json\/wp\/v2\/media\/417769"}],"wp:attachment":[{"href":"https:\/\/www.claret.cat\/es\/wp-json\/wp\/v2\/media?parent=417768"}],"wp:term":[{"taxonomy":"product_brand","embeddable":true,"href":"https:\/\/www.claret.cat\/es\/wp-json\/wp\/v2\/product_brand?post=417768"},{"taxonomy":"product_cat","embeddable":true,"href":"https:\/\/www.claret.cat\/es\/wp-json\/wp\/v2\/product_cat?post=417768"},{"taxonomy":"product_tag","embeddable":true,"href":"https:\/\/www.claret.cat\/es\/wp-json\/wp\/v2\/product_tag?post=417768"}],"curies":[{"name":"wp","href":"https:\/\/api.w.org\/{rel}","templated":true}]}}