{"id":417868,"date":"2023-04-21T13:45:10","date_gmt":"2023-04-21T11:45:10","guid":{"rendered":"https:\/\/www.claret.cat\/llibre\/sobre-la-ira-y-la-serenidad-9788418933691\/"},"modified":"2023-10-11T03:04:04","modified_gmt":"2023-10-11T01:04:04","slug":"sobre-la-ira-y-la-serenidad-9788418933691","status":"publish","type":"product","link":"https:\/\/www.claret.cat\/es\/libro\/sobre-la-ira-y-la-serenidad-9788418933691\/","title":{"rendered":"SOBRE LA IRA Y LA SERENIDAD"},"content":{"rendered":"<p>Pocos males afectan tanto al ser humano como la ira, que da\u00f1a al agredido y al col\u00e9rico, y que es capaz de extenderse como una plaga. Este es uno de los mensajes que supo transmitirnos S\u00e9neca en sus di\u00e1logos. El fil\u00f3sofo expone, tambi\u00e9n, de forma clara c\u00f3mo vivir con serenidad y calma ante circunstancias adversas, para lograr la tranquilidad del alma y apartar la ansiedad. Sus argumentos nos resultan hoy de tremenda actualidad cuando los vemos coincidir con los de quienes nos aconsejan sobre el bienestar personal. Sus palabras, a la vez, nos sumergen en el quehacer cotidiano de la Roma antigua. Todo un lujo.<\/p>\n","protected":false},"excerpt":{"rendered":"<p>S\u00c9NECA, LUCIO ANNEO<\/p>\n","protected":false},"featured_media":417869,"template":"","meta":{"_acf_changed":false,"om_disable_all_campaigns":false,"rs_blank_template":"","rs_page_bg_color":"","slide_template_v7":"","inline_featured_image":false,"_monsterinsights_skip_tracking":false,"_monsterinsights_sitenote_active":false,"_monsterinsights_sitenote_note":"","_monsterinsights_sitenote_category":0},"product_brand":[],"product_cat":[373,166],"product_tag":[],"class_list":{"0":"post-417868","1":"product","2":"type-product","3":"status-publish","4":"has-post-thumbnail","6":"product_cat-autores","7":"product_cat-autors-filosofia","9":"first","10":"instock","11":"taxable","12":"shipping-taxable","13":"purchasable","14":"product-type-simple"},"acf":{"autor":"S\u00c9NECA, LUCIO ANNEO","codart":"841893369","libros-coleccion":"FORA DE COL.LECCI\u00d3","ediciones":"1","encuadernacion":"Carton\u00e9","fecha_de_publicacion":"01\/03\/2023","novedad":"1","paginas":"208","subtitulo":"","orden":"0","portada":"0","idioma":"spa","editorial":[{"ID":147917,"post_author":"3","post_date":"2022-10-14 11:54:14","post_date_gmt":"2022-10-14 09:54:14","post_content":"","post_title":"EDITORIAL ALMA","post_excerpt":"","post_status":"publish","comment_status":"closed","ping_status":"closed","post_password":"","post_name":"editorial-alma","to_ping":"","pinged":"","post_modified":"2022-10-14 11:54:14","post_modified_gmt":"2022-10-14 09:54:14","post_content_filtered":"","post_parent":0,"guid":"http:\/\/dev.claret.cat\/editorial\/editorial-alma\/","menu_order":0,"post_type":"editorial","post_mime_type":"","comment_count":"0","filter":"raw"}],"autores-libros":[{"ID":162614,"post_author":"3","post_date":"2022-10-14 17:32:25","post_date_gmt":"2022-10-14 15:32:25","post_content":"","post_title":"LUCIO ANNEO SENECA","post_excerpt":"","post_status":"publish","comment_status":"closed","ping_status":"closed","post_password":"","post_name":"lucio-anneo-seneca","to_ping":"","pinged":"","post_modified":"2022-10-14 17:32:25","post_modified_gmt":"2022-10-14 15:32:25","post_content_filtered":"","post_parent":0,"guid":"http:\/\/dev.claret.cat\/autor\/lucio-anneo-seneca\/","menu_order":0,"post_type":"autor","post_mime_type":"","comment_count":"0","filter":"raw"}]},"aioseo_notices":[],"_links":{"self":[{"href":"https:\/\/www.claret.cat\/es\/wp-json\/wp\/v2\/product\/417868","targetHints":{"allow":["GET"]}}],"collection":[{"href":"https:\/\/www.claret.cat\/es\/wp-json\/wp\/v2\/product"}],"about":[{"href":"https:\/\/www.claret.cat\/es\/wp-json\/wp\/v2\/types\/product"}],"wp:featuredmedia":[{"embeddable":true,"href":"https:\/\/www.claret.cat\/es\/wp-json\/wp\/v2\/media\/417869"}],"wp:attachment":[{"href":"https:\/\/www.claret.cat\/es\/wp-json\/wp\/v2\/media?parent=417868"}],"wp:term":[{"taxonomy":"product_brand","embeddable":true,"href":"https:\/\/www.claret.cat\/es\/wp-json\/wp\/v2\/product_brand?post=417868"},{"taxonomy":"product_cat","embeddable":true,"href":"https:\/\/www.claret.cat\/es\/wp-json\/wp\/v2\/product_cat?post=417868"},{"taxonomy":"product_tag","embeddable":true,"href":"https:\/\/www.claret.cat\/es\/wp-json\/wp\/v2\/product_tag?post=417868"}],"curies":[{"name":"wp","href":"https:\/\/api.w.org\/{rel}","templated":true}]}}