{"id":417886,"date":"2023-04-21T14:20:31","date_gmt":"2023-04-21T12:20:31","guid":{"rendered":"https:\/\/www.claret.cat\/llibre\/el-cerebro-autista-9788411323512\/"},"modified":"2025-02-04T18:19:15","modified_gmt":"2025-02-04T17:19:15","slug":"el-cerebro-autista-9788411323512","status":"publish","type":"product","link":"https:\/\/www.claret.cat\/es\/libro\/el-cerebro-autista-9788411323512\/","title":{"rendered":"EL CEREBRO AUTISTA"},"content":{"rendered":"<p>El autismo es un fen\u00f3meno cada vez m\u00e1s com\u00fan y, a la vez, un laberinto complejo. M\u00faltiples y min\u00fasculas variaciones del c\u00f3digo gen\u00e9tico controlan, desde la ni\u00f1ez, el desarrollo del cerebro de quien lo padece. El autista vive as\u00ed en un mundo lleno de anomal\u00edas, donde sensaciones tan cotidianas como el silencio pueden resultar insoportables.Afortunadamente, la ciencia ha aportado conocimientos revolucionarios sobre sus causas y ha desarrollado tratamientos esperanzadores. Optimista militante y, tal vez, la persona con autismo m\u00e1s conocida de Estados Unidos, la doctora Grandin ha dedicado media vida a divulgarlos y a romper las barreras que separan la experiencia autista de la no autista.En este libro nos ofrece una explicaci\u00f3n clara y en primera persona de lo que es un cerebro autista, su racionalidad biol\u00f3gica y sus implicaciones personales y sociales. Y nos invita a compartir una nueva perspectiva, libre de etiquetas e incomprensi\u00f3n, sobre las aut\u00e9nticas capacidades de las personas con autismo.<\/p>\n","protected":false},"excerpt":{"rendered":"<p>GRANDIN, TEMPLE \/ PANEK, RICHARD<\/p>\n","protected":false},"featured_media":417887,"template":"","meta":{"_acf_changed":false,"om_disable_all_campaigns":false,"rs_blank_template":"","rs_page_bg_color":"","slide_template_v7":"","inline_featured_image":false,"_monsterinsights_skip_tracking":false,"_monsterinsights_sitenote_active":false,"_monsterinsights_sitenote_note":"","_monsterinsights_sitenote_category":0},"product_brand":[],"product_cat":[376,178,180,448],"product_tag":[],"class_list":{"0":"post-417886","1":"product","2":"type-product","3":"status-publish","4":"has-post-thumbnail","6":"product_cat-autores-psicologia-2_humanidades","7":"product_cat-autors-psicologia","8":"product_cat-psiquiatria-i-psicoterapia","9":"product_cat-psiquiatria-y-psicoterapia","11":"first","12":"instock","13":"taxable","14":"shipping-taxable","15":"purchasable","16":"product-type-simple"},"acf":{"autor":"GRANDIN, TEMPLE \/ PANEK, RICHARD","codart":"841132351","libros-coleccion":"Divulgaci\u00f3n","ediciones":"1","encuadernacion":"R\u00fastica","fecha_de_publicacion":"01\/04\/2023","novedad":"1","paginas":"294","subtitulo":"EL PODER DE UNA MENTE DISTINTA","orden":"0","portada":"0","idioma":"spa","editorial":[{"ID":148737,"post_author":"3","post_date":"2022-10-14 12:00:35","post_date_gmt":"2022-10-14 10:00:35","post_content":"","post_title":"RBA Libros","post_excerpt":"","post_status":"publish","comment_status":"closed","ping_status":"closed","post_password":"","post_name":"rba-libros","to_ping":"","pinged":"","post_modified":"2022-10-14 12:00:35","post_modified_gmt":"2022-10-14 10:00:35","post_content_filtered":"","post_parent":0,"guid":"http:\/\/dev.claret.cat\/editorial\/rba-libros\/","menu_order":0,"post_type":"editorial","post_mime_type":"","comment_count":"0","filter":"raw"}],"autores-libros":[{"ID":417884,"post_author":"3","post_date":"2023-04-21 14:20:02","post_date_gmt":"2023-04-21 12:20:02","post_content":"","post_title":"RICHARD PANEK","post_excerpt":"","post_status":"publish","comment_status":"closed","ping_status":"closed","post_password":"","post_name":"richard-panek","to_ping":"","pinged":"","post_modified":"2023-04-21 14:20:02","post_modified_gmt":"2023-04-21 12:20:02","post_content_filtered":"","post_parent":0,"guid":"https:\/\/www.claret.cat\/autor\/richard-panek\/","menu_order":0,"post_type":"autor","post_mime_type":"","comment_count":"0","filter":"raw"},{"ID":417885,"post_author":"3","post_date":"2023-04-21 14:20:29","post_date_gmt":"2023-04-21 12:20:29","post_content":"","post_title":"TEMPLE GRANDIN","post_excerpt":"","post_status":"publish","comment_status":"closed","ping_status":"closed","post_password":"","post_name":"temple-grandin","to_ping":"","pinged":"","post_modified":"2023-04-21 14:20:29","post_modified_gmt":"2023-04-21 12:20:29","post_content_filtered":"","post_parent":0,"guid":"https:\/\/www.claret.cat\/autor\/temple-grandin\/","menu_order":0,"post_type":"autor","post_mime_type":"","comment_count":"0","filter":"raw"}]},"aioseo_notices":[],"_links":{"self":[{"href":"https:\/\/www.claret.cat\/es\/wp-json\/wp\/v2\/product\/417886","targetHints":{"allow":["GET"]}}],"collection":[{"href":"https:\/\/www.claret.cat\/es\/wp-json\/wp\/v2\/product"}],"about":[{"href":"https:\/\/www.claret.cat\/es\/wp-json\/wp\/v2\/types\/product"}],"wp:featuredmedia":[{"embeddable":true,"href":"https:\/\/www.claret.cat\/es\/wp-json\/wp\/v2\/media\/417887"}],"wp:attachment":[{"href":"https:\/\/www.claret.cat\/es\/wp-json\/wp\/v2\/media?parent=417886"}],"wp:term":[{"taxonomy":"product_brand","embeddable":true,"href":"https:\/\/www.claret.cat\/es\/wp-json\/wp\/v2\/product_brand?post=417886"},{"taxonomy":"product_cat","embeddable":true,"href":"https:\/\/www.claret.cat\/es\/wp-json\/wp\/v2\/product_cat?post=417886"},{"taxonomy":"product_tag","embeddable":true,"href":"https:\/\/www.claret.cat\/es\/wp-json\/wp\/v2\/product_tag?post=417886"}],"curies":[{"name":"wp","href":"https:\/\/api.w.org\/{rel}","templated":true}]}}