{"id":417906,"date":"2023-04-21T17:55:35","date_gmt":"2023-04-21T15:55:35","guid":{"rendered":"https:\/\/www.claret.cat\/llibre\/en-meditacion-serena-9788428567794\/"},"modified":"2024-05-02T07:40:12","modified_gmt":"2024-05-02T05:40:12","slug":"en-meditacion-serena-9788428567794","status":"publish","type":"product","link":"https:\/\/www.claret.cat\/es\/libro\/en-meditacion-serena-9788428567794\/","title":{"rendered":"EN MEDITACI\u00d3N SERENA"},"content":{"rendered":"<p>Las meditaciones de esta obra han sido escritas por un te\u00f3logo que durante muchos a\u00f1os ha buscado con todos sus recursos intelectuales una mejor comprensi\u00f3n de la fe cristiana. Son meditaciones que, adem\u00e1s de gran belleza en su estilo y en su mensaje, est\u00e1n cargadas de una profunda experiencia m\u00edstica. El autor las ha escrito con el deseo de que sirvan para que despertemos a ese \u00abmaestro interior\u00bb: el Esp\u00edritu Santo, que actualiza en nosotros la experiencia de Jes\u00fas, a fin de que podamos ir construyendo ya en este mundo la fraternidad sin discriminaciones, en la confianza de que todo lo que vayamos tejiendo desde el amor, ya nunca muere. Las meditaciones se agrupan en cinco cap\u00edtulos, dedicados a los grandes interrogantes del ser humano, el encuentro con Jesucristo, el caminar de la vida en la Presencia de Cristo, la Iglesia como signo de la historia y la esperanza en Dios.<\/p>\n","protected":false},"excerpt":{"rendered":"<p>ESPEJA, JES\u00daS<\/p>\n","protected":false},"featured_media":417907,"template":"","meta":{"_acf_changed":false,"om_disable_all_campaigns":false,"rs_blank_template":"","rs_page_bg_color":"","slide_template_v7":"","inline_featured_image":false,"_monsterinsights_skip_tracking":false,"_monsterinsights_sitenote_active":false,"_monsterinsights_sitenote_note":"","_monsterinsights_sitenote_category":0},"product_brand":[],"product_cat":[485,232],"product_tag":[],"class_list":{"0":"post-417906","1":"product","2":"type-product","3":"status-publish","4":"has-post-thumbnail","6":"product_cat-autores-espiritualidad-1_espiritualidad","7":"product_cat-autors-espiritualitat","9":"first","10":"instock","11":"taxable","12":"shipping-taxable","13":"purchasable","14":"product-type-simple"},"acf":{"autor":"ESPEJA, JES\u00daS","codart":"842856779","libros-coleccion":"FORA DE COL.LECCI\u00d3","ediciones":"1","encuadernacion":"R\u00fastica","fecha_de_publicacion":"19\/04\/2023","novedad":"1","paginas":"168","subtitulo":"CON LOS OJOS DE LA FE ABIERTOS","orden":"0","portada":"0","idioma":"spa","editorial":[{"ID":6356,"post_author":"3","post_date":"2022-07-28 17:50:26","post_date_gmt":"2022-07-28 15:50:26","post_content":"","post_title":"SAN PABLO COMUNICACI\u00d3N","post_excerpt":"","post_status":"publish","comment_status":"closed","ping_status":"closed","post_password":"","post_name":"san-pablo-comunicacion","to_ping":"","pinged":"","post_modified":"2022-07-28 17:50:26","post_modified_gmt":"2022-07-28 15:50:26","post_content_filtered":"","post_parent":0,"guid":"http:\/\/dev.claret.cat\/editorial\/san-pablo-comunicacion\/","menu_order":0,"post_type":"editorial","post_mime_type":"","comment_count":"0","filter":"raw"}],"autores-libros":[{"ID":159103,"post_author":"3","post_date":"2022-10-14 15:42:06","post_date_gmt":"2022-10-14 13:42:06","post_content":"","post_title":"JES\u00daS ESPEJA","post_excerpt":"","post_status":"publish","comment_status":"closed","ping_status":"closed","post_password":"","post_name":"jesus-espeja","to_ping":"","pinged":"","post_modified":"2022-10-14 15:42:06","post_modified_gmt":"2022-10-14 13:42:06","post_content_filtered":"","post_parent":0,"guid":"http:\/\/dev.claret.cat\/autor\/jesus-espeja\/","menu_order":0,"post_type":"autor","post_mime_type":"","comment_count":"0","filter":"raw"}]},"aioseo_notices":[],"_links":{"self":[{"href":"https:\/\/www.claret.cat\/es\/wp-json\/wp\/v2\/product\/417906","targetHints":{"allow":["GET"]}}],"collection":[{"href":"https:\/\/www.claret.cat\/es\/wp-json\/wp\/v2\/product"}],"about":[{"href":"https:\/\/www.claret.cat\/es\/wp-json\/wp\/v2\/types\/product"}],"wp:featuredmedia":[{"embeddable":true,"href":"https:\/\/www.claret.cat\/es\/wp-json\/wp\/v2\/media\/417907"}],"wp:attachment":[{"href":"https:\/\/www.claret.cat\/es\/wp-json\/wp\/v2\/media?parent=417906"}],"wp:term":[{"taxonomy":"product_brand","embeddable":true,"href":"https:\/\/www.claret.cat\/es\/wp-json\/wp\/v2\/product_brand?post=417906"},{"taxonomy":"product_cat","embeddable":true,"href":"https:\/\/www.claret.cat\/es\/wp-json\/wp\/v2\/product_cat?post=417906"},{"taxonomy":"product_tag","embeddable":true,"href":"https:\/\/www.claret.cat\/es\/wp-json\/wp\/v2\/product_tag?post=417906"}],"curies":[{"name":"wp","href":"https:\/\/api.w.org\/{rel}","templated":true}]}}