{"id":417979,"date":"2023-04-23T14:15:04","date_gmt":"2023-04-23T12:15:04","guid":{"rendered":"https:\/\/www.claret.cat\/llibre\/costa-rica-8-9788408197355\/"},"modified":"2023-10-11T04:09:37","modified_gmt":"2023-10-11T02:09:37","slug":"costa-rica-8-9788408197355","status":"publish","type":"product","link":"https:\/\/www.claret.cat\/es\/libro\/costa-rica-8-9788408197355\/","title":{"rendered":"COSTA RICA 8"},"content":{"rendered":"<p>Caminatas por bosques pluviales y senderos de alta monta\u00f1a, r\u00e1pidos en r\u00edos impetuosos, surf de primera categor\u00eda: Costa Rica ofrece una abrumadora variedad de aventuras al aire libre de todo tipo e intensidad, desde el v\u00e9rtigo de una tirolina hasta una tarde soleada en la playa. Los parques nacionales custodian humeantes volcanes y bosques nubosos, y hay rompientes para surfistas novatos y expertos. Y si resulta dif\u00edcil elegir, no hay que preocuparse: dado el tama\u00f1o del pa\u00eds, se puede organizar un viaje relativamente corto que lo abarque todo. En Costa Rica el \u00fanico l\u00edmite para el viajero es la fecha de regreso.<\/p>\n","protected":false},"excerpt":{"rendered":"<p>HARRELL, ASHLEY \/ BREMNER, JADE \/ KLUEPFEL, BRIAN<\/p>\n","protected":false},"featured_media":417980,"template":"","meta":{"_acf_changed":false,"om_disable_all_campaigns":false,"rs_blank_template":"","rs_page_bg_color":"","slide_template_v7":"","inline_featured_image":false,"_monsterinsights_skip_tracking":false,"_monsterinsights_sitenote_active":false,"_monsterinsights_sitenote_note":"","_monsterinsights_sitenote_category":0},"product_brand":[],"product_cat":[557,107],"product_tag":[],"class_list":{"0":"post-417979","1":"product","2":"type-product","3":"status-publish","4":"has-post-thumbnail","6":"product_cat-guias-de-viaje","7":"product_cat-guies-de-viatge","9":"first","10":"instock","11":"taxable","12":"shipping-taxable","13":"purchasable","14":"product-type-simple"},"acf":{"autor":"HARRELL, ASHLEY \/ BREMNER, JADE \/ KLUEPFEL, BRIAN","codart":"840819735","libros-coleccion":"Lonely Planet","ediciones":"1","encuadernacion":"R\u00fastica","fecha_de_publicacion":"01\/04\/2019","novedad":"1","paginas":"506","subtitulo":"","orden":"0","portada":"0","idioma":"spa","editorial":[{"ID":6233,"post_author":"3","post_date":"2022-07-28 17:47:48","post_date_gmt":"2022-07-28 15:47:48","post_content":"","post_title":"EDITORIAL PLANETA","post_excerpt":"","post_status":"publish","comment_status":"closed","ping_status":"closed","post_password":"","post_name":"editorial-planeta","to_ping":"","pinged":"","post_modified":"2022-07-28 17:47:48","post_modified_gmt":"2022-07-28 15:47:48","post_content_filtered":"","post_parent":0,"guid":"http:\/\/dev.claret.cat\/editorial\/editorial-planeta\/","menu_order":0,"post_type":"editorial","post_mime_type":"","comment_count":"0","filter":"raw"}],"autores-libros":[{"ID":158338,"post_author":"3","post_date":"2022-10-14 15:36:03","post_date_gmt":"2022-10-14 13:36:03","post_content":"","post_title":"JADE BREMNER","post_excerpt":"","post_status":"publish","comment_status":"closed","ping_status":"closed","post_password":"","post_name":"jade-bremner","to_ping":"","pinged":"","post_modified":"2022-10-14 15:36:03","post_modified_gmt":"2022-10-14 13:36:03","post_content_filtered":"","post_parent":0,"guid":"http:\/\/dev.claret.cat\/autor\/jade-bremner\/","menu_order":0,"post_type":"autor","post_mime_type":"","comment_count":"0","filter":"raw"},{"ID":151183,"post_author":"3","post_date":"2022-10-14 14:38:52","post_date_gmt":"2022-10-14 12:38:52","post_content":"","post_title":"ASHLEY HARRELL","post_excerpt":"","post_status":"publish","comment_status":"closed","ping_status":"closed","post_password":"","post_name":"ashley-harrell","to_ping":"","pinged":"","post_modified":"2022-10-14 14:38:52","post_modified_gmt":"2022-10-14 12:38:52","post_content_filtered":"","post_parent":0,"guid":"http:\/\/dev.claret.cat\/autor\/ashley-harrell\/","menu_order":0,"post_type":"autor","post_mime_type":"","comment_count":"0","filter":"raw"}]},"aioseo_notices":[],"_links":{"self":[{"href":"https:\/\/www.claret.cat\/es\/wp-json\/wp\/v2\/product\/417979","targetHints":{"allow":["GET"]}}],"collection":[{"href":"https:\/\/www.claret.cat\/es\/wp-json\/wp\/v2\/product"}],"about":[{"href":"https:\/\/www.claret.cat\/es\/wp-json\/wp\/v2\/types\/product"}],"wp:featuredmedia":[{"embeddable":true,"href":"https:\/\/www.claret.cat\/es\/wp-json\/wp\/v2\/media\/417980"}],"wp:attachment":[{"href":"https:\/\/www.claret.cat\/es\/wp-json\/wp\/v2\/media?parent=417979"}],"wp:term":[{"taxonomy":"product_brand","embeddable":true,"href":"https:\/\/www.claret.cat\/es\/wp-json\/wp\/v2\/product_brand?post=417979"},{"taxonomy":"product_cat","embeddable":true,"href":"https:\/\/www.claret.cat\/es\/wp-json\/wp\/v2\/product_cat?post=417979"},{"taxonomy":"product_tag","embeddable":true,"href":"https:\/\/www.claret.cat\/es\/wp-json\/wp\/v2\/product_tag?post=417979"}],"curies":[{"name":"wp","href":"https:\/\/api.w.org\/{rel}","templated":true}]}}