{"id":418052,"date":"2023-04-25T16:25:15","date_gmt":"2023-04-25T14:25:15","guid":{"rendered":"https:\/\/www.claret.cat\/llibre\/detectius-extraescolars-2-misterios-robatori-a-la-botiga-dantiguitats-9788413894904\/"},"modified":"2025-10-20T18:06:58","modified_gmt":"2025-10-20T16:06:58","slug":"detectius-extraescolars-2-misterios-robatori-a-la-botiga-dantiguitats-9788413894904","status":"publish","type":"product","link":"https:\/\/www.claret.cat\/es\/libro\/detectius-extraescolars-2-misterios-robatori-a-la-botiga-dantiguitats-9788413894904\/","title":{"rendered":"DETECTIUS EXTRAESCOLARS 2. MISTERI\u00d3S ROBATORI A LA BOTIGA D&#8221;ANTIGUITATS"},"content":{"rendered":"<p>Els Detectius Extraescolars estan emocionats: el circ arriba al barri! No obstant, hauran de centrar l&#8221;atenci\u00f3 en un nou cas, un de molt estrany: a la botiga d&#8221;antiguitats Williams i Fill estan robant objectes\u2026 que tornen a apar\u00e8ixer l&#8221;endem\u00e0! Tot aix\u00f2 davant dels nassos dels propietaris, com per art de m\u00e0gia.<br \/> Qui comet els robatoris? Per qu\u00e8 retornen els objectes robats? Que potser hi estan implicats els peculiars artistes del circ? Els nostres herois estan a punt d&#8221;aprendre que en el m\u00f3n detectivesc res no \u00e9s el que sembla.<\/p>\n","protected":false},"excerpt":{"rendered":"<p>MART\u00cdN, ENRIQUE CARLOS<\/p>\n","protected":false},"featured_media":418053,"template":"","meta":{"_acf_changed":false,"om_disable_all_campaigns":false,"rs_blank_template":"","rs_page_bg_color":"","slide_template_v7":"","inline_featured_image":false,"_monsterinsights_skip_tracking":false,"_monsterinsights_sitenote_active":false,"_monsterinsights_sitenote_note":"","_monsterinsights_sitenote_category":0},"product_brand":[],"product_cat":[133,363],"product_tag":[],"class_list":{"0":"post-418052","1":"product","2":"type-product","3":"status-publish","4":"has-post-thumbnail","6":"product_cat-lectures-per-adolescents-12-18-anys","7":"product_cat-lecturas-por-adolescentes-12-18-anos","9":"first","10":"instock","11":"taxable","12":"shipping-taxable","13":"purchasable","14":"product-type-simple"},"acf":{"autor":"MART\u00cdN, ENRIQUE CARLOS","codart":"841389490","libros-coleccion":"Lectors avan\u00e7ats","ediciones":"1","encuadernacion":"R\u00fastica","fecha_de_publicacion":"01\/04\/2023","novedad":"1","paginas":"237","subtitulo":"","orden":"0","portada":"0","idioma":"cat","editorial":[{"ID":6249,"post_author":"3","post_date":"2022-07-28 17:48:09","post_date_gmt":"2022-07-28 15:48:09","post_content":"","post_title":"Estrella Polar","post_excerpt":"","post_status":"publish","comment_status":"closed","ping_status":"closed","post_password":"","post_name":"estrella-polar","to_ping":"","pinged":"","post_modified":"2022-07-28 17:48:09","post_modified_gmt":"2022-07-28 15:48:09","post_content_filtered":"","post_parent":0,"guid":"http:\/\/dev.claret.cat\/editorial\/estrella-polar\/","menu_order":0,"post_type":"editorial","post_mime_type":"","comment_count":"0","filter":"raw"}],"autores-libros":[{"ID":379043,"post_author":"3","post_date":"2023-02-02 11:35:25","post_date_gmt":"2023-02-02 10:35:25","post_content":"","post_title":"ENRIQUE CARLOS MART\u00cdN","post_excerpt":"","post_status":"publish","comment_status":"closed","ping_status":"closed","post_password":"","post_name":"enrique-carlos-martin","to_ping":"","pinged":"","post_modified":"2023-02-02 11:35:25","post_modified_gmt":"2023-02-02 10:35:25","post_content_filtered":"","post_parent":0,"guid":"https:\/\/www.claret.cat\/autor\/enrique-carlos-martin\/","menu_order":0,"post_type":"autor","post_mime_type":"","comment_count":"0","filter":"raw"}],"booktrailer":"","resenas":""},"aioseo_notices":[],"_links":{"self":[{"href":"https:\/\/www.claret.cat\/es\/wp-json\/wp\/v2\/product\/418052","targetHints":{"allow":["GET"]}}],"collection":[{"href":"https:\/\/www.claret.cat\/es\/wp-json\/wp\/v2\/product"}],"about":[{"href":"https:\/\/www.claret.cat\/es\/wp-json\/wp\/v2\/types\/product"}],"wp:featuredmedia":[{"embeddable":true,"href":"https:\/\/www.claret.cat\/es\/wp-json\/wp\/v2\/media\/418053"}],"wp:attachment":[{"href":"https:\/\/www.claret.cat\/es\/wp-json\/wp\/v2\/media?parent=418052"}],"wp:term":[{"taxonomy":"product_brand","embeddable":true,"href":"https:\/\/www.claret.cat\/es\/wp-json\/wp\/v2\/product_brand?post=418052"},{"taxonomy":"product_cat","embeddable":true,"href":"https:\/\/www.claret.cat\/es\/wp-json\/wp\/v2\/product_cat?post=418052"},{"taxonomy":"product_tag","embeddable":true,"href":"https:\/\/www.claret.cat\/es\/wp-json\/wp\/v2\/product_tag?post=418052"}],"curies":[{"name":"wp","href":"https:\/\/api.w.org\/{rel}","templated":true}]}}