{"id":418151,"date":"2023-04-25T17:55:45","date_gmt":"2023-04-25T15:55:45","guid":{"rendered":"https:\/\/www.claret.cat\/llibre\/detectives-extraescolares-2-misterioso-robo-en-la-tienda-de-antiguedades-9788408270515\/"},"modified":"2023-12-14T18:40:38","modified_gmt":"2023-12-14T17:40:38","slug":"detectives-extraescolares-2-misterioso-robo-en-la-tienda-de-antiguedades-9788408270515","status":"publish","type":"product","link":"https:\/\/www.claret.cat\/es\/libro\/detectives-extraescolares-2-misterioso-robo-en-la-tienda-de-antiguedades-9788408270515\/","title":{"rendered":"DETECTIVES EXTRAESCOLARES 2. MISTERIOSO ROBO EN LA TIENDA DE ANTIG\u00dcEDADES"},"content":{"rendered":"<p>\u00abDetectives extraescolares\u00bb la nueva serie de detectives llena de humor donde los investigadores son ni\u00f1os y ni\u00f1as.<br \/> LA MEJOR CLASE EXTRAESCOLAR DEL MUNDO<br \/> SINOPSIS DETECTIVES EXTRAESCOLARES 2. MISTERIOSO ROBO EN LA TIENDA DE ANTIG\u00dcEDADES:<br \/> Los Detectives Extraescolares est\u00e1n emocionados: \u00a1el circo llega al barrio! Sin embargo, tendr\u00e1n que centrar su atenci\u00f3n en un nuevo caso, uno realmente raro: en la Tienda de antig\u00fcedades Williams e Hijo est\u00e1n robando objetos\u2026 \u00a1que vuelven a aparecer al d\u00eda siguiente! Todo justo delante de las narices de los due\u00f1os, como por arte de magia.<br \/> \u00bfQui\u00e9n comete los robos? \u00bfPor qu\u00e9 devuelve lo robado? \u00bfEstar\u00e1n implicados los extra\u00f1os artistas circenses? Nuestros h\u00e9roes est\u00e1n a punto de aprender que en el mundo detectivesco nada es lo que parece.<br \/> Ni ajedrez, ni nataci\u00f3n, ni chino mandar\u00edn. La nueva extraescolar es&#8230; \u00a1SER DETECTIVE!<br \/> Una serie interactiva de detectives llena de aventuras repletas de misterio, acci\u00f3n trepidante, mucho humor y donde los mismos lectores son los que podr\u00e1n resolver algunos de los misterios mediante enigmas visuales.<br \/> Edici\u00f3n a todo color, mezclando p\u00e1ginas de c\u00f3mic y texto corrido como Los Futbolisimos.<br \/> Una colecci\u00f3n de detectives llena de humor recomendada para ni\u00f1os y ni\u00f1as de 8 a\u00f1os escrita e ilustrada por Enrique Carlos Martin.<br \/> Una serie perfecta para los fans de:<\/p>\n<p> Perrock Holmes<br \/> Los Buscapistas<br \/> Lechuza Detective<br \/> Los Cazamisterios<\/p>\n<p> G\u00e9neros<\/p>\n<p> Acci\u00f3n y aventura<br \/> Misterios y detectives<br \/> Pistas y enigmas visuales<br \/> Humor y diversi\u00f3n<\/p>\n<p> \u00bfQuieres ser un buen detective?<br \/> Observa los dibujos, sigue las pistas e investiga el caso.<br \/> \u00a1Forma parte de los Detectives Extraescolares y resuelve el misterio!<\/p>\n","protected":false},"excerpt":{"rendered":"<p>MART\u00cdN, ENRIQUE CARLOS<\/p>\n","protected":false},"featured_media":452477,"template":"","meta":{"_acf_changed":false,"om_disable_all_campaigns":false,"rs_blank_template":"","rs_page_bg_color":"","slide_template_v7":"","inline_featured_image":false,"_monsterinsights_skip_tracking":false,"_monsterinsights_sitenote_active":false,"_monsterinsights_sitenote_note":"","_monsterinsights_sitenote_category":0},"product_brand":[],"product_cat":[132,362],"product_tag":[],"class_list":{"0":"post-418151","1":"product","2":"type-product","3":"status-publish","4":"has-post-thumbnail","6":"product_cat-lectures-per-preadolescents-6-12-anys","7":"product_cat-libros-preadolescentes-6-12-anos","9":"first","10":"instock","11":"taxable","12":"shipping-taxable","13":"purchasable","14":"product-type-simple"},"acf":{"autor":"MART\u00cdN, ENRIQUE CARLOS","codart":"840827051","libros-coleccion":"FORA DE COL.LECCI\u00d3","ediciones":"1","encuadernacion":"R\u00fastica","fecha_de_publicacion":"01\/04\/2023","novedad":"1","paginas":"241","subtitulo":"","orden":"0","portada":"0","idioma":"spa","editorial":[{"ID":6233,"post_author":"3","post_date":"2022-07-28 17:47:48","post_date_gmt":"2022-07-28 15:47:48","post_content":"","post_title":"EDITORIAL PLANETA","post_excerpt":"","post_status":"publish","comment_status":"closed","ping_status":"closed","post_password":"","post_name":"editorial-planeta","to_ping":"","pinged":"","post_modified":"2022-07-28 17:47:48","post_modified_gmt":"2022-07-28 15:47:48","post_content_filtered":"","post_parent":0,"guid":"http:\/\/dev.claret.cat\/editorial\/editorial-planeta\/","menu_order":0,"post_type":"editorial","post_mime_type":"","comment_count":"0","filter":"raw"}],"autores-libros":[{"ID":379043,"post_author":"3","post_date":"2023-02-02 11:35:25","post_date_gmt":"2023-02-02 10:35:25","post_content":"","post_title":"ENRIQUE CARLOS MART\u00cdN","post_excerpt":"","post_status":"publish","comment_status":"closed","ping_status":"closed","post_password":"","post_name":"enrique-carlos-martin","to_ping":"","pinged":"","post_modified":"2023-02-02 11:35:25","post_modified_gmt":"2023-02-02 10:35:25","post_content_filtered":"","post_parent":0,"guid":"https:\/\/www.claret.cat\/autor\/enrique-carlos-martin\/","menu_order":0,"post_type":"autor","post_mime_type":"","comment_count":"0","filter":"raw"}]},"aioseo_notices":[],"_links":{"self":[{"href":"https:\/\/www.claret.cat\/es\/wp-json\/wp\/v2\/product\/418151","targetHints":{"allow":["GET"]}}],"collection":[{"href":"https:\/\/www.claret.cat\/es\/wp-json\/wp\/v2\/product"}],"about":[{"href":"https:\/\/www.claret.cat\/es\/wp-json\/wp\/v2\/types\/product"}],"wp:featuredmedia":[{"embeddable":true,"href":"https:\/\/www.claret.cat\/es\/wp-json\/wp\/v2\/media\/452477"}],"wp:attachment":[{"href":"https:\/\/www.claret.cat\/es\/wp-json\/wp\/v2\/media?parent=418151"}],"wp:term":[{"taxonomy":"product_brand","embeddable":true,"href":"https:\/\/www.claret.cat\/es\/wp-json\/wp\/v2\/product_brand?post=418151"},{"taxonomy":"product_cat","embeddable":true,"href":"https:\/\/www.claret.cat\/es\/wp-json\/wp\/v2\/product_cat?post=418151"},{"taxonomy":"product_tag","embeddable":true,"href":"https:\/\/www.claret.cat\/es\/wp-json\/wp\/v2\/product_tag?post=418151"}],"curies":[{"name":"wp","href":"https:\/\/api.w.org\/{rel}","templated":true}]}}