{"id":418191,"date":"2023-04-25T18:40:22","date_gmt":"2023-04-25T16:40:22","guid":{"rendered":"https:\/\/www.claret.cat\/llibre\/el-silmarillion-ilustrado-por-ted-nasmith-edicion-revisada-9788445013618\/"},"modified":"2023-10-11T03:01:35","modified_gmt":"2023-10-11T01:01:35","slug":"el-silmarillion-ilustrado-por-ted-nasmith-edicion-revisada-9788445013618","status":"publish","type":"product","link":"https:\/\/www.claret.cat\/es\/libro\/el-silmarillion-ilustrado-por-ted-nasmith-edicion-revisada-9788445013618\/","title":{"rendered":"EL SILMARILLION. ILUSTRADO POR TED NASMITH (EDICI\u00d3N REVISADA)"},"content":{"rendered":"<p>Con 49 ilustraciones a todo color.El Silmarillion es el cuerpo central de los textos narrativos de J.R.R. Tolkien, una obra que no pudo publicar en vida porque creci\u00f3 junto con \u00e9l. Tolkien comenz\u00f3 a escribirlo mucho antes que El Hobbit, obra concebida como historia independiente, pero que fue parte de lo que \u00e9l llamaba un \u00abtema que acopia y se ramifica\u00bb, y del que emergi\u00f3 El Se\u00f1or de los Anillos.<br \/> El Silmarillion cuenta la historia de la Primera Edad, el antiguo drama del que hablan los personajes de El Se\u00f1or de los Anillos, y en cuyos acontecimientos algunos de ellos tomaron parte, como Elrond y Galadriel.<br \/> Los tres Silmarils eran gemas creadas por F\u00ebanor, el m\u00e1s dotado de los Elfos, y conten\u00edan la Luz de los Dos \u00c1rboles de Valinor antes de que los \u00c1rboles mismos fueran destruidos por Morgoth, el primer Se\u00f1or Oscuro. Desde entonces la inmaculada Luz de Valinor vivi\u00f3 s\u00f3lo en los Silmarils, pero Morgoth se apoder\u00f3 de ellos, y los engarz\u00f3 en su corona, guardada en la fortaleza impenetrable de Angband en el norte de la Tierra Media.<br \/> *CONTIENE 49 L\u00c1MINAS ILUSTRADAS*<\/p>\n","protected":false},"excerpt":{"rendered":"<p>TOLKIEN, J. R. R.<\/p>\n","protected":false},"featured_media":418192,"template":"","meta":{"_acf_changed":false,"om_disable_all_campaigns":false,"rs_blank_template":"","rs_page_bg_color":"","slide_template_v7":"","inline_featured_image":false,"_monsterinsights_skip_tracking":false,"_monsterinsights_sitenote_active":false,"_monsterinsights_sitenote_note":"","_monsterinsights_sitenote_category":0},"product_brand":[],"product_cat":[127,357],"product_tag":[],"class_list":{"0":"post-418191","1":"product","2":"type-product","3":"status-publish","4":"has-post-thumbnail","6":"product_cat-novella-contemporania","7":"product_cat-novela-contemporanea","9":"first","10":"instock","11":"taxable","12":"shipping-taxable","13":"purchasable","14":"product-type-simple"},"acf":{"autor":"TOLKIEN, J. R. R.","codart":"844501361","libros-coleccion":"BIBLIOTECA J. R. R. TOLKIEN","ediciones":"1","encuadernacion":"Carton\u00e9","fecha_de_publicacion":"01\/04\/2023","novedad":"1","paginas":"548","subtitulo":"","orden":"0","portada":"0","idioma":"spa","editorial":[{"ID":6308,"post_author":"3","post_date":"2022-07-28 17:49:24","post_date_gmt":"2022-07-28 15:49:24","post_content":"","post_title":"Minotauro","post_excerpt":"","post_status":"publish","comment_status":"closed","ping_status":"closed","post_password":"","post_name":"minotauro","to_ping":"","pinged":"","post_modified":"2022-07-28 17:49:24","post_modified_gmt":"2022-07-28 15:49:24","post_content_filtered":"","post_parent":0,"guid":"http:\/\/dev.claret.cat\/editorial\/minotauro\/","menu_order":0,"post_type":"editorial","post_mime_type":"","comment_count":"0","filter":"raw"}],"autores-libros":[{"ID":5558,"post_author":"3","post_date":"2022-07-28 17:26:34","post_date_gmt":"2022-07-28 15:26:34","post_content":"","post_title":"J. R. R. TOLKIEN","post_excerpt":"","post_status":"publish","comment_status":"closed","ping_status":"closed","post_password":"","post_name":"j-r-r-tolkien","to_ping":"","pinged":"","post_modified":"2022-07-28 17:26:34","post_modified_gmt":"2022-07-28 15:26:34","post_content_filtered":"","post_parent":0,"guid":"http:\/\/dev.claret.cat\/autor\/j-r-r-tolkien\/","menu_order":0,"post_type":"autor","post_mime_type":"","comment_count":"0","filter":"raw"}]},"aioseo_notices":[],"_links":{"self":[{"href":"https:\/\/www.claret.cat\/es\/wp-json\/wp\/v2\/product\/418191","targetHints":{"allow":["GET"]}}],"collection":[{"href":"https:\/\/www.claret.cat\/es\/wp-json\/wp\/v2\/product"}],"about":[{"href":"https:\/\/www.claret.cat\/es\/wp-json\/wp\/v2\/types\/product"}],"wp:featuredmedia":[{"embeddable":true,"href":"https:\/\/www.claret.cat\/es\/wp-json\/wp\/v2\/media\/418192"}],"wp:attachment":[{"href":"https:\/\/www.claret.cat\/es\/wp-json\/wp\/v2\/media?parent=418191"}],"wp:term":[{"taxonomy":"product_brand","embeddable":true,"href":"https:\/\/www.claret.cat\/es\/wp-json\/wp\/v2\/product_brand?post=418191"},{"taxonomy":"product_cat","embeddable":true,"href":"https:\/\/www.claret.cat\/es\/wp-json\/wp\/v2\/product_cat?post=418191"},{"taxonomy":"product_tag","embeddable":true,"href":"https:\/\/www.claret.cat\/es\/wp-json\/wp\/v2\/product_tag?post=418191"}],"curies":[{"name":"wp","href":"https:\/\/api.w.org\/{rel}","templated":true}]}}