{"id":418202,"date":"2023-04-25T19:25:30","date_gmt":"2023-04-25T17:25:30","guid":{"rendered":"https:\/\/www.claret.cat\/llibre\/la-mente-9788431338428\/"},"modified":"2026-01-19T11:45:54","modified_gmt":"2026-01-19T10:45:54","slug":"la-mente-9788431338428","status":"publish","type":"product","link":"https:\/\/www.claret.cat\/es\/libro\/la-mente-9788431338428\/","title":{"rendered":"LA MENTE"},"content":{"rendered":"<p>Desde el inicio del tercer milenio se observa un creciente inter\u00e9s por el funcionamiento mental normal y patol\u00f3gico. El n\u00famero de facultades y de estudiantes de psiquiatr\u00eda y psicolog\u00eda ha aumentado. El estigma de las personas con problemas mentales est\u00e1 desapareciendo y se recurre con m\u00e1s facilidad a pedir ayuda a los profesionales de la salud mental. Los libros, revistas y p\u00e1ginas web sobre temas psicol\u00f3gicos se han multiplicado exponencialmente, y por esta raz\u00f3n, tambi\u00e9n resulta algo m\u00e1s dif\u00edcil distinguir lo correcto y lo importante. <br \/> Este libro aporta una breve y sencilla explicaci\u00f3n sobre el funcionamiento de la mente sana y enferma. En especial, describe las caracter\u00edsticas fundamentales del desarrollo psicol\u00f3gico en las diversas etapas evolutivas (infancia, adolescencia, juventud, vida adulta y vejez); da una explicaci\u00f3n sobre la estructura y formaci\u00f3n de la personalidad (car\u00e1cter y temperamento) madura, inmadura, normal y patol\u00f3gica; expone el complejo mundo de la afectividad (emociones, sentimientos y estados de \u00e1nimo); aporta una visi\u00f3n antropol\u00f3gica de la sexualidad humana y su relaci\u00f3n con el amor y la raz\u00f3n; describe los s\u00edntomas y signos principales de los principales trastornos mentales (depresi\u00f3n, ansiedad, psicosis, adicciones); y aporta algunas estrategias de prevenci\u00f3n y cuidado de estos enfermos.<\/p>\n","protected":false},"excerpt":{"rendered":"<p>SARR\u00c1IS OTEO, FERNANDO<\/p>\n","protected":false},"featured_media":418203,"template":"","meta":{"_acf_changed":false,"om_disable_all_campaigns":false,"rs_blank_template":"","rs_page_bg_color":"","slide_template_v7":"","inline_featured_image":false,"_monsterinsights_skip_tracking":false,"_monsterinsights_sitenote_active":false,"_monsterinsights_sitenote_note":"","_monsterinsights_sitenote_category":0},"product_brand":[],"product_cat":[180,448],"product_tag":[],"class_list":{"0":"post-418202","1":"product","2":"type-product","3":"status-publish","4":"has-post-thumbnail","6":"product_cat-psiquiatria-i-psicoterapia","7":"product_cat-psiquiatria-y-psicoterapia","9":"first","10":"instock","11":"taxable","12":"shipping-taxable","13":"purchasable","14":"product-type-simple"},"acf":{"autor":"SARR\u00c1IS OTEO, FERNANDO","codart":"843133842","libros-coleccion":"Persona y Cultura","ediciones":"1","encuadernacion":"R\u00fastica","fecha_de_publicacion":"01\/04\/2023","novedad":"1","paginas":"230","subtitulo":"","orden":"0","portada":"0","idioma":"spa","editorial":[{"ID":6251,"post_author":"3","post_date":"2022-07-28 17:48:11","post_date_gmt":"2022-07-28 15:48:11","post_content":"","post_title":"EUNSA. EDICIONES UNIVERSIDAD DE NAVARRA","post_excerpt":"","post_status":"publish","comment_status":"closed","ping_status":"closed","post_password":"","post_name":"eunsa-ediciones-universidad-de-navarra","to_ping":"","pinged":"","post_modified":"2022-07-28 17:48:11","post_modified_gmt":"2022-07-28 15:48:11","post_content_filtered":"","post_parent":0,"guid":"http:\/\/dev.claret.cat\/editorial\/eunsa-ediciones-universidad-de-navarra\/","menu_order":0,"post_type":"editorial","post_mime_type":"","comment_count":"0","filter":"raw"}],"autores-libros":[{"ID":155868,"post_author":"3","post_date":"2022-10-14 15:16:16","post_date_gmt":"2022-10-14 13:16:16","post_content":"","post_title":"FERNANDO SARR\u00c1IS OTEO","post_excerpt":"","post_status":"publish","comment_status":"closed","ping_status":"closed","post_password":"","post_name":"fernando-sarrais-oteo","to_ping":"","pinged":"","post_modified":"2022-10-14 15:16:16","post_modified_gmt":"2022-10-14 13:16:16","post_content_filtered":"","post_parent":0,"guid":"http:\/\/dev.claret.cat\/autor\/fernando-sarrais-oteo\/","menu_order":0,"post_type":"autor","post_mime_type":"","comment_count":"0","filter":"raw"}],"booktrailer":"","resenas":""},"aioseo_notices":[],"_links":{"self":[{"href":"https:\/\/www.claret.cat\/es\/wp-json\/wp\/v2\/product\/418202","targetHints":{"allow":["GET"]}}],"collection":[{"href":"https:\/\/www.claret.cat\/es\/wp-json\/wp\/v2\/product"}],"about":[{"href":"https:\/\/www.claret.cat\/es\/wp-json\/wp\/v2\/types\/product"}],"wp:featuredmedia":[{"embeddable":true,"href":"https:\/\/www.claret.cat\/es\/wp-json\/wp\/v2\/media\/418203"}],"wp:attachment":[{"href":"https:\/\/www.claret.cat\/es\/wp-json\/wp\/v2\/media?parent=418202"}],"wp:term":[{"taxonomy":"product_brand","embeddable":true,"href":"https:\/\/www.claret.cat\/es\/wp-json\/wp\/v2\/product_brand?post=418202"},{"taxonomy":"product_cat","embeddable":true,"href":"https:\/\/www.claret.cat\/es\/wp-json\/wp\/v2\/product_cat?post=418202"},{"taxonomy":"product_tag","embeddable":true,"href":"https:\/\/www.claret.cat\/es\/wp-json\/wp\/v2\/product_tag?post=418202"}],"curies":[{"name":"wp","href":"https:\/\/api.w.org\/{rel}","templated":true}]}}