{"id":418209,"date":"2023-04-25T19:36:23","date_gmt":"2023-04-25T17:36:23","guid":{"rendered":"https:\/\/www.claret.cat\/llibre\/gobierno-de-universidades-9788431338374\/"},"modified":"2026-01-19T11:47:27","modified_gmt":"2026-01-19T10:47:27","slug":"gobierno-de-universidades-9788431338374","status":"publish","type":"product","link":"https:\/\/www.claret.cat\/es\/libro\/gobierno-de-universidades-9788431338374\/","title":{"rendered":"GOBIERNO DE UNIVERSIDADES"},"content":{"rendered":"<p>?Gobierno de universidades? es el resultado de un itinerario personal, en el que se entremezclan propuestas y experiencias sobre los centros de educaci\u00f3n superior. La monograf\u00eda se dirige de manera prioritaria a quienes dirigen facultades, departamentos acad\u00e9micos e institutos de investigaci\u00f3n. Tambi\u00e9n interesar\u00e1 a quienes desean conocer la trastienda de los campus: con qu\u00e9 palancas se impulsan los proyectos estrat\u00e9gicos; qu\u00e9 conflictos surgen de modo m\u00e1s recurrente; donde se ubican los cuellos de botella que producen atascos y frustraciones; c\u00f3mo se infunde el esp\u00edritu innovador que permite evitar la decadencia.<\/p>\n<p> El libro se articula en cuatro secciones. La primera se refiere al Contexto: es preciso entender en qu\u00e9 consiste la calidad universitaria, c\u00f3mo se alcanza y qu\u00e9 riesgos se presentan el camino. La segunda parte -Liderazgo? examina el perfil de los buenos gobernantes: cu\u00e1les son sus cualidades m\u00e1s decisivas y qu\u00e9 indicadores, en cambio, reflejan torpeza o ignorancia. En tercer lugar, se exponen los Objetivos que conviene lograr en la docencia, en la investigaci\u00f3n y en la transferencia de conocimientos. Finalmente, se abordan las principales Tareas: qu\u00e9 deben hacer, cu\u00e1les son los cometidos fundamentales y en qu\u00e9 consiste, en la pr\u00e1ctica, el trabajo de quienes est\u00e1n al frente de cada universidad. Los cuarenta cap\u00edtulos tienen, en cierto modo, vida propia: el lector puede prescindir de los que no le interesen y comenzar por los que m\u00e1s le atraigan. <\/p>\n<p> La trayectoria de cada ser humano y de cada organizaci\u00f3n configura una traves\u00eda que se puede emprender con esp\u00edritu intr\u00e9pido o con indolencia. Podemos abandonarnos a un devenir err\u00e1tico, dominado por las circunstancias, los caprichos ocasionales y los azares de la fortuna; pero tambi\u00e9n est\u00e1 en nuestra mano la posibilidad de elegir nuestro destino. Este libro pretende convertirse en un viaje estimulante para quienes amamos una instituci\u00f3n que naci\u00f3 hace nueve siglos, a la que llamamos con afecto y con respeto Universidad.<\/p>\n","protected":false},"excerpt":{"rendered":"<p>S\u00c1NCHEZ-TABERNERO, ALFONSO<\/p>\n","protected":false},"featured_media":418210,"template":"","meta":{"_acf_changed":false,"om_disable_all_campaigns":false,"rs_blank_template":"","rs_page_bg_color":"","slide_template_v7":"","inline_featured_image":false,"_monsterinsights_skip_tracking":false,"_monsterinsights_sitenote_active":false,"_monsterinsights_sitenote_note":"","_monsterinsights_sitenote_category":0},"product_brand":[],"product_cat":[187,452],"product_tag":[],"class_list":{"0":"post-418209","1":"product","2":"type-product","3":"status-publish","4":"has-post-thumbnail","6":"product_cat-organitzacio-i-gestio","7":"product_cat-organizacion-y-gestion","9":"first","10":"instock","11":"taxable","12":"shipping-taxable","13":"purchasable","14":"product-type-simple"},"acf":{"autor":"S\u00c1NCHEZ-TABERNERO, ALFONSO","codart":"843133837","libros-coleccion":"FORA DE COL.LECCI\u00d3","ediciones":"1","encuadernacion":"R\u00fastica","fecha_de_publicacion":"01\/04\/2023","novedad":"1","paginas":"423","subtitulo":"DESAF\u00cdOS, MODELOS Y ESTRATEGIAS","orden":"0","portada":"0","idioma":"spa","editorial":[{"ID":6251,"post_author":"3","post_date":"2022-07-28 17:48:11","post_date_gmt":"2022-07-28 15:48:11","post_content":"","post_title":"EUNSA. EDICIONES UNIVERSIDAD DE NAVARRA","post_excerpt":"","post_status":"publish","comment_status":"closed","ping_status":"closed","post_password":"","post_name":"eunsa-ediciones-universidad-de-navarra","to_ping":"","pinged":"","post_modified":"2022-07-28 17:48:11","post_modified_gmt":"2022-07-28 15:48:11","post_content_filtered":"","post_parent":0,"guid":"http:\/\/dev.claret.cat\/editorial\/eunsa-ediciones-universidad-de-navarra\/","menu_order":0,"post_type":"editorial","post_mime_type":"","comment_count":"0","filter":"raw"}],"autores-libros":[{"ID":418216,"post_author":"3","post_date":"2023-04-25 19:40:58","post_date_gmt":"2023-04-25 17:40:58","post_content":"","post_title":"ALFONSO SANCHEZ-TABERNERO","post_excerpt":"","post_status":"publish","comment_status":"closed","ping_status":"closed","post_password":"","post_name":"alfonso-sanchez-tabernero","to_ping":"","pinged":"","post_modified":"2023-04-25 19:40:58","post_modified_gmt":"2023-04-25 17:40:58","post_content_filtered":"","post_parent":0,"guid":"https:\/\/www.claret.cat\/autor\/alfonso-sanchez-tabernero\/","menu_order":0,"post_type":"autor","post_mime_type":"","comment_count":"0","filter":"raw"}],"booktrailer":"","resenas":""},"aioseo_notices":[],"_links":{"self":[{"href":"https:\/\/www.claret.cat\/es\/wp-json\/wp\/v2\/product\/418209","targetHints":{"allow":["GET"]}}],"collection":[{"href":"https:\/\/www.claret.cat\/es\/wp-json\/wp\/v2\/product"}],"about":[{"href":"https:\/\/www.claret.cat\/es\/wp-json\/wp\/v2\/types\/product"}],"wp:featuredmedia":[{"embeddable":true,"href":"https:\/\/www.claret.cat\/es\/wp-json\/wp\/v2\/media\/418210"}],"wp:attachment":[{"href":"https:\/\/www.claret.cat\/es\/wp-json\/wp\/v2\/media?parent=418209"}],"wp:term":[{"taxonomy":"product_brand","embeddable":true,"href":"https:\/\/www.claret.cat\/es\/wp-json\/wp\/v2\/product_brand?post=418209"},{"taxonomy":"product_cat","embeddable":true,"href":"https:\/\/www.claret.cat\/es\/wp-json\/wp\/v2\/product_cat?post=418209"},{"taxonomy":"product_tag","embeddable":true,"href":"https:\/\/www.claret.cat\/es\/wp-json\/wp\/v2\/product_tag?post=418209"}],"curies":[{"name":"wp","href":"https:\/\/api.w.org\/{rel}","templated":true}]}}