{"id":418284,"date":"2023-04-27T12:30:37","date_gmt":"2023-04-27T10:30:37","guid":{"rendered":"https:\/\/www.claret.cat\/llibre\/concilio-ecumenico-vaticano-ii-constituciones-decretos-declaraciones-9788422022619\/"},"modified":"2025-02-04T12:47:44","modified_gmt":"2025-02-04T11:47:44","slug":"concilio-ecumenico-vaticano-ii-constituciones-decretos-declaraciones-9788422022619","status":"publish","type":"product","link":"https:\/\/www.claret.cat\/es\/libro\/concilio-ecumenico-vaticano-ii-constituciones-decretos-declaraciones-9788422022619\/","title":{"rendered":"CONCILIO ECUM\u00c9NICO VATICANO II. CONSTITUCIONES. DECRETOS. DECLARACIONES"},"content":{"rendered":"<p>El Concilio Vaticano II (1962-1965) se convirti\u00f3 pronto en<br \/>un s\u00edmbolo de la renovaci\u00f3n global de la Iglesia. Inaugurado<br \/>bajo el impulso prof\u00e9tico de Juan XXIII, y llevado a t\u00e9rmino<br \/>por Pablo VI, m\u00e1s de 2 500 Padres conciliares participaron en<br \/>sus trabajos. La amplitud de temas tratados resulta asombrosa:<br \/>la reforma de la liturgia, los medios modernos de comunicaci\u00f3n,<br \/>la Iglesia y su misi\u00f3n en el mundo actual, la revelaci\u00f3n<br \/>divina y la Palabra de Dios, las Iglesias orientales cat\u00f3licas,<br \/>las relaciones entre jud\u00edos y cristianos, la libertad religiosa, el<br \/>papel de los laicos en la Iglesia, el ministerio y la vida de los<br \/>presb\u00edteros, su formaci\u00f3n teol\u00f3gica y espiritual, la renovaci\u00f3n<br \/>de la vida religiosa y la tarea pastoral de los obispos. Ambos<br \/>pont\u00edfices tuvieron una influencia decisiva en las resoluciones<br \/>de este concilio preocup\u00e1ndose especialmente por promover<br \/>el encuentro de las iglesias cristianas separadas y el di\u00e1logo<br \/>con otras religiones.<\/p>\n","protected":false},"excerpt":{"rendered":"<p>CONFERENCIA EPISCOPAL ESPA\u00d1OLA (EDICE)<\/p>\n","protected":false},"featured_media":975502,"template":"","meta":{"_acf_changed":false,"om_disable_all_campaigns":false,"rs_blank_template":"","rs_page_bg_color":"","slide_template_v7":"","inline_featured_image":false,"_monsterinsights_skip_tracking":false,"_monsterinsights_sitenote_active":false,"_monsterinsights_sitenote_note":"","_monsterinsights_sitenote_category":0},"product_brand":[],"product_cat":[283,511],"product_tag":[],"class_list":{"0":"post-418284","1":"product","2":"type-product","3":"status-publish","4":"has-post-thumbnail","6":"product_cat-eclesiologia-teologia","7":"product_cat-eclesiologia-teologia-1_espiritualidad","9":"first","10":"instock","11":"taxable","12":"shipping-taxable","13":"purchasable","14":"product-type-simple"},"acf":{"autor":"CONFERENCIA EPISCOPAL ESPA\u00d1OLA (EDICE)","codart":"842202261","libros-coleccion":"FORA DE COL.LECCI\u00d3","ediciones":"1","encuadernacion":"Carton\u00e9","fecha_de_publicacion":"27\/04\/2023","novedad":"1","paginas":"851","subtitulo":"","orden":"0","portada":"0","idioma":"spa","editorial":[{"ID":147509,"post_author":"3","post_date":"2022-10-14 11:51:07","post_date_gmt":"2022-10-14 09:51:07","post_content":"","post_title":"B.A.C.","post_excerpt":"","post_status":"publish","comment_status":"closed","ping_status":"closed","post_password":"","post_name":"b-a-c","to_ping":"","pinged":"","post_modified":"2022-10-14 11:51:07","post_modified_gmt":"2022-10-14 09:51:07","post_content_filtered":"","post_parent":0,"guid":"http:\/\/dev.claret.cat\/editorial\/b-a-c\/","menu_order":0,"post_type":"editorial","post_mime_type":"","comment_count":"0","filter":"raw"}],"autores-libros":[{"ID":153209,"post_author":"3","post_date":"2022-10-14 14:54:56","post_date_gmt":"2022-10-14 12:54:56","post_content":"","post_title":"CONFERENCIA EPISCOPAL ESPA\u00d1OLA (EDICE)","post_excerpt":"","post_status":"publish","comment_status":"closed","ping_status":"closed","post_password":"","post_name":"conferencia-episcopal-espanola-edice","to_ping":"","pinged":"","post_modified":"2022-10-14 14:54:56","post_modified_gmt":"2022-10-14 12:54:56","post_content_filtered":"","post_parent":0,"guid":"http:\/\/dev.claret.cat\/autor\/conferencia-episcopal-espanola-edice\/","menu_order":0,"post_type":"autor","post_mime_type":"","comment_count":"0","filter":"raw"}]},"aioseo_notices":[],"_links":{"self":[{"href":"https:\/\/www.claret.cat\/es\/wp-json\/wp\/v2\/product\/418284","targetHints":{"allow":["GET"]}}],"collection":[{"href":"https:\/\/www.claret.cat\/es\/wp-json\/wp\/v2\/product"}],"about":[{"href":"https:\/\/www.claret.cat\/es\/wp-json\/wp\/v2\/types\/product"}],"wp:featuredmedia":[{"embeddable":true,"href":"https:\/\/www.claret.cat\/es\/wp-json\/wp\/v2\/media\/975502"}],"wp:attachment":[{"href":"https:\/\/www.claret.cat\/es\/wp-json\/wp\/v2\/media?parent=418284"}],"wp:term":[{"taxonomy":"product_brand","embeddable":true,"href":"https:\/\/www.claret.cat\/es\/wp-json\/wp\/v2\/product_brand?post=418284"},{"taxonomy":"product_cat","embeddable":true,"href":"https:\/\/www.claret.cat\/es\/wp-json\/wp\/v2\/product_cat?post=418284"},{"taxonomy":"product_tag","embeddable":true,"href":"https:\/\/www.claret.cat\/es\/wp-json\/wp\/v2\/product_tag?post=418284"}],"curies":[{"name":"wp","href":"https:\/\/api.w.org\/{rel}","templated":true}]}}