{"id":418293,"date":"2023-04-27T13:40:02","date_gmt":"2023-04-27T11:40:02","guid":{"rendered":"https:\/\/www.claret.cat\/llibre\/el-fin-de-una-epoca-9788490559529\/"},"modified":"2023-10-11T03:00:35","modified_gmt":"2023-10-11T01:00:35","slug":"el-fin-de-una-epoca-9788490559529","status":"publish","type":"product","link":"https:\/\/www.claret.cat\/es\/libro\/el-fin-de-una-epoca-9788490559529\/","title":{"rendered":"EL FIN DE UNA \u00c9POCA"},"content":{"rendered":"<p>G.K. Chesterton, autor de novelas como El hombre que fue jueves y creador del famoso detective Padre Brown, fue ante todo un periodista que escribi\u00f3 miles de art\u00edculos para distintos medios.<br \/> Su colaboraci\u00f3n m\u00e1s longeva &#8211;de 1905 hasta su muerte en 1936&#8211; fue en el semanario gr\u00e1fico Illustrated London News. En sus art\u00edculos, que eran verdaderos ensayos, habl\u00f3 de sus contempor\u00e1neos con una visi\u00f3n que hoy sigue resultando fresca y reveladora. Ya escribiera de educaci\u00f3n, prisiones, elecciones, moda, turismo, teatro, ritos sociales o historia, hizo siempre gala de un tono combativo, pero alegre y burl\u00f3n. Apost\u00f3 por el hombre com\u00fan frente al experto; por la tradici\u00f3n y la costumbre arraigada frente a la moda caprichosa y pasajera; por la alegr\u00eda de un mundo material que se nos dona y tiene un significado positivo frente al pesimismo filos\u00f3fico que todo niega o duda.<br \/> Este volumen, realizado en colaboraci\u00f3n con el Club Chesterton de la Universidad San Pablo CEU, es el primero de una serie que pondr\u00e1 a disposici\u00f3n de los lectores, en estos tiempos de desconcierto y asfixia, el vigor y la cordura chestertonianos, que resuenan hoy como un grito del sentido com\u00fan, tan silenciado por un ambiente cultural que hace dudar de las realidades m\u00e1s cotidianas.<\/p>\n","protected":false},"excerpt":{"rendered":"<p>CHESTERTON, GILBERT KEITH<\/p>\n","protected":false},"featured_media":418294,"template":"","meta":{"_acf_changed":false,"om_disable_all_campaigns":false,"rs_blank_template":"","rs_page_bg_color":"","slide_template_v7":"","inline_featured_image":false,"_monsterinsights_skip_tracking":false,"_monsterinsights_sitenote_active":false,"_monsterinsights_sitenote_note":"","_monsterinsights_sitenote_category":0},"product_brand":[],"product_cat":[90,540],"product_tag":[],"class_list":{"0":"post-418293","1":"product","2":"type-product","3":"status-publish","4":"has-post-thumbnail","6":"product_cat-altres","7":"product_cat-otros","9":"first","10":"instock","11":"taxable","12":"shipping-taxable","13":"purchasable","14":"product-type-simple"},"acf":{"autor":"CHESTERTON, GILBERT KEITH","codart":"9788490559529","libros-coleccion":"Nuevo Ensayo","ediciones":"1","encuadernacion":"R\u00fastica","fecha_de_publicacion":"01\/01\/2019","novedad":"0","paginas":"344","subtitulo":"ART\u00cdCULOS 1905-1906","orden":"0","portada":"0","idioma":"spa","editorial":[{"ID":148092,"post_author":"3","post_date":"2022-10-14 11:55:34","post_date_gmt":"2022-10-14 09:55:34","post_content":"","post_title":"Encuentro","post_excerpt":"","post_status":"publish","comment_status":"closed","ping_status":"closed","post_password":"","post_name":"encuentro","to_ping":"","pinged":"","post_modified":"2022-10-14 11:55:34","post_modified_gmt":"2022-10-14 09:55:34","post_content_filtered":"","post_parent":0,"guid":"http:\/\/dev.claret.cat\/editorial\/encuentro\/","menu_order":0,"post_type":"editorial","post_mime_type":"","comment_count":"0","filter":"raw"}],"autores-libros":[{"ID":156882,"post_author":"3","post_date":"2022-10-14 15:24:23","post_date_gmt":"2022-10-14 13:24:23","post_content":"","post_title":"GILBERT KEITH CHESTERTON","post_excerpt":"","post_status":"publish","comment_status":"closed","ping_status":"closed","post_password":"","post_name":"gilbert-keith-chesterton","to_ping":"","pinged":"","post_modified":"2022-10-14 15:24:23","post_modified_gmt":"2022-10-14 13:24:23","post_content_filtered":"","post_parent":0,"guid":"http:\/\/dev.claret.cat\/autor\/gilbert-keith-chesterton\/","menu_order":0,"post_type":"autor","post_mime_type":"","comment_count":"0","filter":"raw"}]},"aioseo_notices":[],"_links":{"self":[{"href":"https:\/\/www.claret.cat\/es\/wp-json\/wp\/v2\/product\/418293","targetHints":{"allow":["GET"]}}],"collection":[{"href":"https:\/\/www.claret.cat\/es\/wp-json\/wp\/v2\/product"}],"about":[{"href":"https:\/\/www.claret.cat\/es\/wp-json\/wp\/v2\/types\/product"}],"wp:featuredmedia":[{"embeddable":true,"href":"https:\/\/www.claret.cat\/es\/wp-json\/wp\/v2\/media\/418294"}],"wp:attachment":[{"href":"https:\/\/www.claret.cat\/es\/wp-json\/wp\/v2\/media?parent=418293"}],"wp:term":[{"taxonomy":"product_brand","embeddable":true,"href":"https:\/\/www.claret.cat\/es\/wp-json\/wp\/v2\/product_brand?post=418293"},{"taxonomy":"product_cat","embeddable":true,"href":"https:\/\/www.claret.cat\/es\/wp-json\/wp\/v2\/product_cat?post=418293"},{"taxonomy":"product_tag","embeddable":true,"href":"https:\/\/www.claret.cat\/es\/wp-json\/wp\/v2\/product_tag?post=418293"}],"curies":[{"name":"wp","href":"https:\/\/api.w.org\/{rel}","templated":true}]}}