{"id":418297,"date":"2023-04-27T14:10:53","date_gmt":"2023-04-27T12:10:53","guid":{"rendered":"https:\/\/www.claret.cat\/llibre\/amor-en-los-tiempos-del-colera-el-9788497592451\/"},"modified":"2026-01-04T19:25:05","modified_gmt":"2026-01-04T18:25:05","slug":"amor-en-los-tiempos-del-colera-el-9788497592451","status":"publish","type":"product","link":"https:\/\/www.claret.cat\/es\/libro\/amor-en-los-tiempos-del-colera-el-9788497592451\/","title":{"rendered":"AMOR EN LOS TIEMPOS DEL COLERA, EL"},"content":{"rendered":"<p>La historia de amor entre Fermina Daza y Florentino Ariza, en el escenario de un pueblecito portuario del Caribe y a lo largo de m\u00e1s de sesenta a\u00f1os, podr\u00eda parecer un melodrama de amantes contrariados que al final vencen por la gracia del tiempo y la fuerza de sus propios sentimientos, ya que Garc\u00eda M\u00e1rquez se complace en utilizar los m\u00e1s cl\u00e1sicos recursos de los folletines tradiciones. Pero este tiempo -por una vez sucesivo, y no circular-, este escenario y estos personajes son como una mezcla tropical de plantas y arcilla que la mano del maestro moldea y con las que fantasea a su placer, para al final ir a desembocar en los territorios del mito y la leyenda. Los jugos, olores y sabores del tr\u00f3pico alimentan una prosa alucinatoria que en esta ocasi\u00f3n llega al puerto oscilante del final feliz.<\/p>\n","protected":false},"excerpt":{"rendered":"<p>GARCIA MARQUEZ, GABRIEL<\/p>\n","protected":false},"featured_media":418298,"template":"","meta":{"_acf_changed":false,"om_disable_all_campaigns":false,"rs_blank_template":"","rs_page_bg_color":"","slide_template_v7":"","inline_featured_image":false,"_monsterinsights_skip_tracking":false,"_monsterinsights_sitenote_active":false,"_monsterinsights_sitenote_note":"","_monsterinsights_sitenote_category":0},"product_brand":[],"product_cat":[87,353],"product_tag":[],"class_list":{"0":"post-418297","1":"product","2":"type-product","3":"status-publish","4":"has-post-thumbnail","6":"product_cat-literatura","7":"product_cat-literatura-2_humanidades","9":"first","10":"instock","11":"taxable","12":"shipping-taxable","13":"purchasable","14":"product-type-simple"},"acf":{"autor":"GARCIA MARQUEZ, GABRIEL","codart":"849759245","libros-coleccion":"FORA DE COL.LECCI\u00d3","ediciones":"1","encuadernacion":"R\u00fastica","fecha_de_publicacion":"01\/01\/2003","novedad":"0","paginas":"496","subtitulo":"","orden":"999","portada":"0","idioma":"spa","editorial":[{"ID":6178,"post_author":"3","post_date":"2022-07-28 17:46:34","post_date_gmt":"2022-07-28 15:46:34","post_content":"","post_title":"DEBOLSILLO","post_excerpt":"","post_status":"publish","comment_status":"closed","ping_status":"closed","post_password":"","post_name":"debolsillo","to_ping":"","pinged":"","post_modified":"2022-07-28 17:46:34","post_modified_gmt":"2022-07-28 15:46:34","post_content_filtered":"","post_parent":0,"guid":"http:\/\/dev.claret.cat\/editorial\/debolsillo\/","menu_order":0,"post_type":"editorial","post_mime_type":"","comment_count":"0","filter":"raw"}],"autores-libros":[{"ID":156520,"post_author":"3","post_date":"2022-10-14 15:21:28","post_date_gmt":"2022-10-14 13:21:28","post_content":"","post_title":"GABRIEL GARCIA MARQUEZ","post_excerpt":"","post_status":"publish","comment_status":"closed","ping_status":"closed","post_password":"","post_name":"gabriel-garcia-marquez","to_ping":"","pinged":"","post_modified":"2022-10-14 15:21:28","post_modified_gmt":"2022-10-14 13:21:28","post_content_filtered":"","post_parent":0,"guid":"http:\/\/dev.claret.cat\/autor\/gabriel-garcia-marquez\/","menu_order":0,"post_type":"autor","post_mime_type":"","comment_count":"0","filter":"raw"}],"booktrailer":"","resenas":""},"aioseo_notices":[],"_links":{"self":[{"href":"https:\/\/www.claret.cat\/es\/wp-json\/wp\/v2\/product\/418297","targetHints":{"allow":["GET"]}}],"collection":[{"href":"https:\/\/www.claret.cat\/es\/wp-json\/wp\/v2\/product"}],"about":[{"href":"https:\/\/www.claret.cat\/es\/wp-json\/wp\/v2\/types\/product"}],"wp:featuredmedia":[{"embeddable":true,"href":"https:\/\/www.claret.cat\/es\/wp-json\/wp\/v2\/media\/418298"}],"wp:attachment":[{"href":"https:\/\/www.claret.cat\/es\/wp-json\/wp\/v2\/media?parent=418297"}],"wp:term":[{"taxonomy":"product_brand","embeddable":true,"href":"https:\/\/www.claret.cat\/es\/wp-json\/wp\/v2\/product_brand?post=418297"},{"taxonomy":"product_cat","embeddable":true,"href":"https:\/\/www.claret.cat\/es\/wp-json\/wp\/v2\/product_cat?post=418297"},{"taxonomy":"product_tag","embeddable":true,"href":"https:\/\/www.claret.cat\/es\/wp-json\/wp\/v2\/product_tag?post=418297"}],"curies":[{"name":"wp","href":"https:\/\/api.w.org\/{rel}","templated":true}]}}