{"id":418351,"date":"2023-04-28T13:40:02","date_gmt":"2023-04-28T11:40:02","guid":{"rendered":"https:\/\/www.claret.cat\/llibre\/las-brujas-de-brooklyn-pero-que-pasa-9788468353722\/"},"modified":"2024-02-08T12:34:54","modified_gmt":"2024-02-08T11:34:54","slug":"las-brujas-de-brooklyn-pero-que-pasa-9788468353722","status":"publish","type":"product","link":"https:\/\/www.claret.cat\/es\/libro\/las-brujas-de-brooklyn-pero-que-pasa-9788468353722\/","title":{"rendered":"LAS BRUJAS DE BROOKLYN: PERO \u00bfQU\u00c9 PASA?"},"content":{"rendered":"<p>\u00a1\u00bfEs posible  que haya M\u00c1S brujas  en BROOLYN?!    Effie est\u00e1 EMOCIONADA al conocer a tantas brujas?,  pero \u00bfqu\u00e9 les pasa a sus amigos?  \u00bfAcaso prefieren estar con UNA NI\u00d1A NUEVA antes que con ELLA?  Y, encima, aprender magia es una TAREA DIF\u00cdCIL.  Effie quiere pasarlo bien siendo una bruja;  pero en Brooklyn comienzan a suceder cosas  (MUY) EXTRA\u00d1AS.<\/p>\n","protected":false},"excerpt":{"rendered":"<p>ESCABASSE, SOPHIE<\/p>\n","protected":false},"featured_media":418352,"template":"","meta":{"_acf_changed":false,"om_disable_all_campaigns":false,"rs_blank_template":"","rs_page_bg_color":"","slide_template_v7":"","inline_featured_image":false,"_monsterinsights_skip_tracking":false,"_monsterinsights_sitenote_active":false,"_monsterinsights_sitenote_note":"","_monsterinsights_sitenote_category":0},"product_brand":[],"product_cat":[90,540],"product_tag":[],"class_list":{"0":"post-418351","1":"product","2":"type-product","3":"status-publish","4":"has-post-thumbnail","6":"product_cat-altres","7":"product_cat-otros","9":"first","10":"instock","11":"taxable","12":"shipping-taxable","13":"purchasable","14":"product-type-simple"},"acf":{"autor":"ESCABASSE, SOPHIE","codart":"846835372","libros-coleccion":"","ediciones":"1","encuadernacion":"R\u00fastica","fecha_de_publicacion":"01\/06\/2022","novedad":"1","paginas":"0","subtitulo":"","orden":"0","portada":"0","idioma":"spa","editorial":[{"ID":6193,"post_author":"3","post_date":"2022-07-28 17:46:53","post_date_gmt":"2022-07-28 15:46:53","post_content":"","post_title":"EDEBE GUADIEL","post_excerpt":"","post_status":"publish","comment_status":"closed","ping_status":"closed","post_password":"","post_name":"edebe-guadiel","to_ping":"","pinged":"","post_modified":"2022-07-28 17:46:53","post_modified_gmt":"2022-07-28 15:46:53","post_content_filtered":"","post_parent":0,"guid":"http:\/\/dev.claret.cat\/editorial\/edebe-guadiel\/","menu_order":0,"post_type":"editorial","post_mime_type":"","comment_count":"0","filter":"raw"}],"autores-libros":[{"ID":169693,"post_author":"3","post_date":"2022-10-14 22:29:16","post_date_gmt":"2022-10-14 20:29:16","post_content":"","post_title":"SOPHIE ESCABASSE","post_excerpt":"","post_status":"publish","comment_status":"closed","ping_status":"closed","post_password":"","post_name":"sophie-escabasse","to_ping":"","pinged":"","post_modified":"2022-10-14 22:29:16","post_modified_gmt":"2022-10-14 20:29:16","post_content_filtered":"","post_parent":0,"guid":"http:\/\/dev.claret.cat\/autor\/sophie-escabasse\/","menu_order":0,"post_type":"autor","post_mime_type":"","comment_count":"0","filter":"raw"}]},"aioseo_notices":[],"_links":{"self":[{"href":"https:\/\/www.claret.cat\/es\/wp-json\/wp\/v2\/product\/418351","targetHints":{"allow":["GET"]}}],"collection":[{"href":"https:\/\/www.claret.cat\/es\/wp-json\/wp\/v2\/product"}],"about":[{"href":"https:\/\/www.claret.cat\/es\/wp-json\/wp\/v2\/types\/product"}],"wp:featuredmedia":[{"embeddable":true,"href":"https:\/\/www.claret.cat\/es\/wp-json\/wp\/v2\/media\/418352"}],"wp:attachment":[{"href":"https:\/\/www.claret.cat\/es\/wp-json\/wp\/v2\/media?parent=418351"}],"wp:term":[{"taxonomy":"product_brand","embeddable":true,"href":"https:\/\/www.claret.cat\/es\/wp-json\/wp\/v2\/product_brand?post=418351"},{"taxonomy":"product_cat","embeddable":true,"href":"https:\/\/www.claret.cat\/es\/wp-json\/wp\/v2\/product_cat?post=418351"},{"taxonomy":"product_tag","embeddable":true,"href":"https:\/\/www.claret.cat\/es\/wp-json\/wp\/v2\/product_tag?post=418351"}],"curies":[{"name":"wp","href":"https:\/\/api.w.org\/{rel}","templated":true}]}}