{"id":418374,"date":"2023-04-28T16:33:02","date_gmt":"2023-04-28T14:33:02","guid":{"rendered":"https:\/\/www.claret.cat\/llibre\/blancanieves-9788414045541\/"},"modified":"2023-10-11T02:59:52","modified_gmt":"2023-10-11T00:59:52","slug":"blancanieves-9788414045541","status":"publish","type":"product","link":"https:\/\/www.claret.cat\/es\/libro\/blancanieves-9788414045541\/","title":{"rendered":"BLANCANIEVES"},"content":{"rendered":"<p>\u00c9rase una vez, en pleno coraz\u00f3n del invierno, una reina que cos\u00eda al lado de la ventana. A trav\u00e9s del marco de \u00e9bano, contemplaba los copos de nieve que revoloteaban en el aire, como plumas. De pronto, se pinch\u00f3 el dedo, y tres gotas de sangre cayeron en la nieve. Sobre el fulgor de la nieve, el rojo era tan hermoso que pens\u00f3: \u00ab\u00a1Ay! \u00a1Ojal\u00e1 tuviera un hijo con la piel blanca como la nieve, los labios rojos como la sangre y el cabello negro como el \u00e9bano!\u00bb. <br \/> Disfruta de este cl\u00e1sico de los hermanos Grimm a trav\u00e9s de las maravillosas ilustraciones de Benjamin Lacombe.<\/p>\n","protected":false},"excerpt":{"rendered":"<p>GRIMM, JACOB \/ GRIMM, WILHELM<\/p>\n","protected":false},"featured_media":418375,"template":"","meta":{"_acf_changed":false,"om_disable_all_campaigns":false,"rs_blank_template":"","rs_page_bg_color":"","slide_template_v7":"","inline_featured_image":false,"_monsterinsights_skip_tracking":false,"_monsterinsights_sitenote_active":false,"_monsterinsights_sitenote_note":"","_monsterinsights_sitenote_category":0},"product_brand":[],"product_cat":[133,363],"product_tag":[],"class_list":{"0":"post-418374","1":"product","2":"type-product","3":"status-publish","4":"has-post-thumbnail","6":"product_cat-lectures-per-adolescents-12-18-anys","7":"product_cat-lecturas-por-adolescentes-12-18-anos","9":"first","10":"instock","11":"taxable","12":"shipping-taxable","13":"purchasable","14":"product-type-simple"},"acf":{"autor":"GRIMM, JACOB \/ GRIMM, WILHELM","codart":"841404554","libros-coleccion":"\u00c1lbumes ilustrados","ediciones":"1","encuadernacion":"Carton\u00e9","fecha_de_publicacion":"01\/04\/2023","novedad":"1","paginas":"68","subtitulo":"","orden":"0","portada":"0","idioma":"spa","editorial":[{"ID":6229,"post_author":"3","post_date":"2022-07-28 17:47:40","post_date_gmt":"2022-07-28 15:47:40","post_content":"","post_title":"Editorial Luis Vives (Edelvives)","post_excerpt":"","post_status":"publish","comment_status":"closed","ping_status":"closed","post_password":"","post_name":"editorial-luis-vives-edelvives","to_ping":"","pinged":"","post_modified":"2022-07-28 17:47:40","post_modified_gmt":"2022-07-28 15:47:40","post_content_filtered":"","post_parent":0,"guid":"http:\/\/dev.claret.cat\/editorial\/editorial-luis-vives-edelvives\/","menu_order":0,"post_type":"editorial","post_mime_type":"","comment_count":"0","filter":"raw"}],"autores-libros":[{"ID":158298,"post_author":"3","post_date":"2022-10-14 15:35:44","post_date_gmt":"2022-10-14 13:35:44","post_content":"","post_title":"JACOB GRIMM","post_excerpt":"","post_status":"publish","comment_status":"closed","ping_status":"closed","post_password":"","post_name":"jacob-grimm","to_ping":"","pinged":"","post_modified":"2022-10-14 15:35:44","post_modified_gmt":"2022-10-14 13:35:44","post_content_filtered":"","post_parent":0,"guid":"http:\/\/dev.claret.cat\/autor\/jacob-grimm\/","menu_order":0,"post_type":"autor","post_mime_type":"","comment_count":"0","filter":"raw"},{"ID":171280,"post_author":"3","post_date":"2022-10-14 22:42:07","post_date_gmt":"2022-10-14 20:42:07","post_content":"","post_title":"WILHELM GRIMM","post_excerpt":"","post_status":"publish","comment_status":"closed","ping_status":"closed","post_password":"","post_name":"wilhelm-grimm","to_ping":"","pinged":"","post_modified":"2022-10-14 22:42:07","post_modified_gmt":"2022-10-14 20:42:07","post_content_filtered":"","post_parent":0,"guid":"http:\/\/dev.claret.cat\/autor\/wilhelm-grimm\/","menu_order":0,"post_type":"autor","post_mime_type":"","comment_count":"0","filter":"raw"}]},"aioseo_notices":[],"_links":{"self":[{"href":"https:\/\/www.claret.cat\/es\/wp-json\/wp\/v2\/product\/418374","targetHints":{"allow":["GET"]}}],"collection":[{"href":"https:\/\/www.claret.cat\/es\/wp-json\/wp\/v2\/product"}],"about":[{"href":"https:\/\/www.claret.cat\/es\/wp-json\/wp\/v2\/types\/product"}],"wp:featuredmedia":[{"embeddable":true,"href":"https:\/\/www.claret.cat\/es\/wp-json\/wp\/v2\/media\/418375"}],"wp:attachment":[{"href":"https:\/\/www.claret.cat\/es\/wp-json\/wp\/v2\/media?parent=418374"}],"wp:term":[{"taxonomy":"product_brand","embeddable":true,"href":"https:\/\/www.claret.cat\/es\/wp-json\/wp\/v2\/product_brand?post=418374"},{"taxonomy":"product_cat","embeddable":true,"href":"https:\/\/www.claret.cat\/es\/wp-json\/wp\/v2\/product_cat?post=418374"},{"taxonomy":"product_tag","embeddable":true,"href":"https:\/\/www.claret.cat\/es\/wp-json\/wp\/v2\/product_tag?post=418374"}],"curies":[{"name":"wp","href":"https:\/\/api.w.org\/{rel}","templated":true}]}}