{"id":41844,"date":"2022-10-02T19:48:14","date_gmt":"2022-10-02T17:48:14","guid":{"rendered":"http:\/\/dev.claret.cat\/producte\/en-ruta-por-navarra-1\/"},"modified":"2023-01-28T01:20:51","modified_gmt":"2023-01-28T00:20:51","slug":"en-ruta-por-navarra-1-9788408240563","status":"publish","type":"product","link":"https:\/\/www.claret.cat\/es\/libro\/en-ruta-por-navarra-1-9788408240563\/","title":{"rendered":"EN RUTA POR NAVARRA 1"},"content":{"rendered":"<p>Navarra sorprende al viajero con una combinaci\u00f3n \u00fanica de naturaleza, cultura y gastronom\u00eda. En pocos kil\u00f3metros, se podr\u00e1 disfrutar de impresionantes valles pirenaicos, bosques inmensos, parajes des\u00e9rticos o verdes valles salpicados de deliciosos pueblos tradicionales. Pero m\u00e1s all\u00e1 de esta naturaleza rica y variada, Navarra alberga tambi\u00e9n numerosas huellas de su pasado, con cascos hist\u00f3ricos muy bien conservados y numerosos castillos, fortalezas, iglesias y monasterios que trasladan al viajero a tiempos pret\u00e9ritos. Y para poner la guinda a cualquier visita, una gastronom\u00eda de primera, con deliciosas carnes y verduras, y unos pintxos que har\u00e1n las delicias de cualquier paladar. El viajero que desee descubrir todos estos tesoros encontrar\u00e1 en las detalladas rutas de esta gu\u00eda el mejor aliado.<\/p>\n","protected":false},"excerpt":{"rendered":"<p>BASSI, GIACOMO<\/p>\n","protected":false},"featured_media":274651,"template":"","meta":{"_acf_changed":false,"om_disable_all_campaigns":false,"rs_blank_template":"","rs_page_bg_color":"","slide_template_v7":"","inline_featured_image":false,"_monsterinsights_skip_tracking":false,"_monsterinsights_sitenote_active":false,"_monsterinsights_sitenote_note":"","_monsterinsights_sitenote_category":0},"product_brand":[],"product_cat":[90,540],"product_tag":[],"class_list":{"0":"post-41844","1":"product","2":"type-product","3":"status-publish","4":"has-post-thumbnail","6":"product_cat-altres","7":"product_cat-otros","9":"first","10":"instock","11":"taxable","12":"shipping-taxable","13":"purchasable","14":"product-type-simple"},"acf":{"autor":"BASSI, GIACOMO","codart":"840824056","libros-coleccion":"Gu\u00edas En ruta Lonely Planet","ediciones":"1","encuadernacion":"R\u00fastica","fecha_de_publicacion":"01\/09\/2021","novedad":"1","paginas":"127","subtitulo":"9 RUTAS POR CARRETERA","orden":"0","portada":"0","idioma":"spa","editorial":[{"ID":6233,"post_author":"3","post_date":"2022-07-28 17:47:48","post_date_gmt":"2022-07-28 15:47:48","post_content":"","post_title":"EDITORIAL PLANETA","post_excerpt":"","post_status":"publish","comment_status":"closed","ping_status":"closed","post_password":"","post_name":"editorial-planeta","to_ping":"","pinged":"","post_modified":"2022-07-28 17:47:48","post_modified_gmt":"2022-07-28 15:47:48","post_content_filtered":"","post_parent":0,"guid":"http:\/\/dev.claret.cat\/editorial\/editorial-planeta\/","menu_order":0,"post_type":"editorial","post_mime_type":"","comment_count":"0","filter":"raw"}],"autores-libros":[{"ID":156846,"post_author":"3","post_date":"2022-10-14 15:24:05","post_date_gmt":"2022-10-14 13:24:05","post_content":"","post_title":"GIACOMO BASSI","post_excerpt":"","post_status":"publish","comment_status":"closed","ping_status":"closed","post_password":"","post_name":"giacomo-bassi","to_ping":"","pinged":"","post_modified":"2022-10-14 15:24:05","post_modified_gmt":"2022-10-14 13:24:05","post_content_filtered":"","post_parent":0,"guid":"http:\/\/dev.claret.cat\/autor\/giacomo-bassi\/","menu_order":0,"post_type":"autor","post_mime_type":"","comment_count":"0","filter":"raw"}]},"aioseo_notices":[],"_links":{"self":[{"href":"https:\/\/www.claret.cat\/es\/wp-json\/wp\/v2\/product\/41844","targetHints":{"allow":["GET"]}}],"collection":[{"href":"https:\/\/www.claret.cat\/es\/wp-json\/wp\/v2\/product"}],"about":[{"href":"https:\/\/www.claret.cat\/es\/wp-json\/wp\/v2\/types\/product"}],"wp:featuredmedia":[{"embeddable":true,"href":"https:\/\/www.claret.cat\/es\/wp-json\/wp\/v2\/media\/274651"}],"wp:attachment":[{"href":"https:\/\/www.claret.cat\/es\/wp-json\/wp\/v2\/media?parent=41844"}],"wp:term":[{"taxonomy":"product_brand","embeddable":true,"href":"https:\/\/www.claret.cat\/es\/wp-json\/wp\/v2\/product_brand?post=41844"},{"taxonomy":"product_cat","embeddable":true,"href":"https:\/\/www.claret.cat\/es\/wp-json\/wp\/v2\/product_cat?post=41844"},{"taxonomy":"product_tag","embeddable":true,"href":"https:\/\/www.claret.cat\/es\/wp-json\/wp\/v2\/product_tag?post=41844"}],"curies":[{"name":"wp","href":"https:\/\/api.w.org\/{rel}","templated":true}]}}