{"id":418659,"date":"2023-05-03T16:30:18","date_gmt":"2023-05-03T14:30:18","guid":{"rendered":"https:\/\/www.claret.cat\/llibre\/al-pie-de-la-cruz-9788432164330\/"},"modified":"2025-11-21T18:30:35","modified_gmt":"2025-11-21T17:30:35","slug":"al-pie-de-la-cruz-9788432164330","status":"publish","type":"product","link":"https:\/\/www.claret.cat\/es\/libro\/al-pie-de-la-cruz-9788432164330\/","title":{"rendered":"AL PIE DE LA CRUZ"},"content":{"rendered":"<p>Entrevista al l\u00edder de la Iglesia Cat\u00f3lica Griega Ucraniana, donde reflexiona sobre la lucha que afronta la Iglesia treinta a\u00f1os despu\u00e9s de la ca\u00edda de la Uni\u00f3n Sovi\u00e9tica y tras la invasi\u00f3n rusa de Ucrania.<\/p>\n<p>En tiempos de prueba, divisi\u00f3n y represi\u00f3n, la Iglesia Cat\u00f3lica Griega Ucraniana ha permanecido fiel, al pie de la Cruz. Su l\u00edder, el arzobispo Sviatoslav Shevchuk, creci\u00f3 en Ucrania en una \u00e9poca en que su Iglesia era ilegal. Su familia ten\u00eda que practicar su fe en secreto. Nacido en 1970 en Stryi, en el oeste de Ucrania, estudi\u00f3 en un seminario clandestino y aprendi\u00f3 del testimonio de sacerdotes y obispos encarcelados por su fe. Algunos de ellos perdieron la vida por su fidelidad a Cristo y su Iglesia.<\/p>\n<p>En las entrevistas contenidas en este libro, Shevchuk ofrece profundas reflexiones sobre la direcci\u00f3n en la que va el mundo, y sobre la lucha que afronta la Iglesia treinta a\u00f1os despu\u00e9s de la ca\u00edda de la Uni\u00f3n Sovi\u00e9tica y tras la invasi\u00f3n rusa de Ucrania.<\/p>\n<p>Quienes desean profundizar en su fe y dar a su vida un sentido plenamente cristiano, y quienes acompa\u00f1an a otras personas en su vida espiritual podr\u00e1n encontrar luz y respuestas en este libro.<\/p>\n","protected":false},"excerpt":{"rendered":"<p>BURGER, JOHN<\/p>\n","protected":false},"featured_media":1067606,"template":"","meta":{"_acf_changed":false,"om_disable_all_campaigns":false,"rs_blank_template":"","rs_page_bg_color":"","slide_template_v7":"","inline_featured_image":false,"_monsterinsights_skip_tracking":false,"_monsterinsights_sitenote_active":false,"_monsterinsights_sitenote_note":"","_monsterinsights_sitenote_category":0},"product_brand":[],"product_cat":[491,241],"product_tag":[],"class_list":{"0":"post-418659","1":"product","2":"type-product","3":"status-publish","4":"has-post-thumbnail","6":"product_cat-testimonios","7":"product_cat-testimonis","9":"first","10":"instock","11":"taxable","12":"shipping-taxable","13":"purchasable","14":"product-type-simple"},"acf":{"autor":"BURGER, JOHN","codart":"843216433","libros-coleccion":"Religi\u00f3n. Fuera de Colecci\u00f3n","ediciones":"1","encuadernacion":"R\u00fastica","fecha_de_publicacion":"03\/05\/2023","novedad":"1","paginas":"224","subtitulo":"LECCIONES DES DE UCRANIA ","orden":"0","portada":"1","idioma":"spa","editorial":[{"ID":6348,"post_author":"3","post_date":"2022-07-28 17:50:16","post_date_gmt":"2022-07-28 15:50:16","post_content":"","post_title":"Rialp","post_excerpt":"","post_status":"publish","comment_status":"closed","ping_status":"closed","post_password":"","post_name":"rialp","to_ping":"","pinged":"","post_modified":"2022-07-28 17:50:16","post_modified_gmt":"2022-07-28 15:50:16","post_content_filtered":"","post_parent":0,"guid":"http:\/\/dev.claret.cat\/editorial\/rialp\/","menu_order":0,"post_type":"editorial","post_mime_type":"","comment_count":"0","filter":"raw"}],"autores-libros":[{"ID":418658,"post_author":"3","post_date":"2023-05-03 16:30:02","post_date_gmt":"2023-05-03 14:30:02","post_content":"","post_title":"JOHN BURGER","post_excerpt":"","post_status":"publish","comment_status":"closed","ping_status":"closed","post_password":"","post_name":"john-burger","to_ping":"","pinged":"","post_modified":"2023-05-03 16:30:02","post_modified_gmt":"2023-05-03 14:30:02","post_content_filtered":"","post_parent":0,"guid":"https:\/\/www.claret.cat\/autor\/john-burger\/","menu_order":0,"post_type":"autor","post_mime_type":"","comment_count":"0","filter":"raw"}],"booktrailer":"","resenas":""},"aioseo_notices":[],"_links":{"self":[{"href":"https:\/\/www.claret.cat\/es\/wp-json\/wp\/v2\/product\/418659","targetHints":{"allow":["GET"]}}],"collection":[{"href":"https:\/\/www.claret.cat\/es\/wp-json\/wp\/v2\/product"}],"about":[{"href":"https:\/\/www.claret.cat\/es\/wp-json\/wp\/v2\/types\/product"}],"wp:featuredmedia":[{"embeddable":true,"href":"https:\/\/www.claret.cat\/es\/wp-json\/wp\/v2\/media\/1067606"}],"wp:attachment":[{"href":"https:\/\/www.claret.cat\/es\/wp-json\/wp\/v2\/media?parent=418659"}],"wp:term":[{"taxonomy":"product_brand","embeddable":true,"href":"https:\/\/www.claret.cat\/es\/wp-json\/wp\/v2\/product_brand?post=418659"},{"taxonomy":"product_cat","embeddable":true,"href":"https:\/\/www.claret.cat\/es\/wp-json\/wp\/v2\/product_cat?post=418659"},{"taxonomy":"product_tag","embeddable":true,"href":"https:\/\/www.claret.cat\/es\/wp-json\/wp\/v2\/product_tag?post=418659"}],"curies":[{"name":"wp","href":"https:\/\/api.w.org\/{rel}","templated":true}]}}