{"id":418728,"date":"2023-05-03T17:35:13","date_gmt":"2023-05-03T15:35:13","guid":{"rendered":"https:\/\/www.claret.cat\/llibre\/indoxina-9788419095336\/"},"modified":"2023-10-11T02:56:49","modified_gmt":"2023-10-11T00:56:49","slug":"indoxina-9788419095336","status":"publish","type":"product","link":"https:\/\/www.claret.cat\/es\/libro\/indoxina-9788419095336\/","title":{"rendered":"INDOXINA"},"content":{"rendered":"<p>Aquesta col\u00b7lecci\u00f3 presenta al mercat una s\u00e8rie de destinacions que, b\u00e9 siguin continents, regions o \u00e0mplies zones de la Terra, sempre tenen un com\u00fa alguns trets diferencials: a bellesa dels paisatges naturals, la complexitat dels ecosistemes en relaci\u00f3 a l&#8221;\u00e9sser hum\u00e0 i el sentit d&#8221;aventura i \u00e8pica que se&#8221;ns desvetlla nom\u00e9s de sentir el t\u00edtol del llibre.<br \/> Totes aquestes condicions es donen en grau superlatiu en INDOXINA, un passeig pel color, el sabor, la geografia i la naturalesa de Vietnam, Laos, Cambodja, Myanmar i Tail\u00e0ndia, una de les zones m\u00e9s interessants del planeta.<\/p>\n","protected":false},"excerpt":{"rendered":"<p>ROMERO MARI\u00d1O, SOLEDAD<\/p>\n","protected":false},"featured_media":418729,"template":"","meta":{"_acf_changed":false,"om_disable_all_campaigns":false,"rs_blank_template":"","rs_page_bg_color":"","slide_template_v7":"","inline_featured_image":false,"_monsterinsights_skip_tracking":false,"_monsterinsights_sitenote_active":false,"_monsterinsights_sitenote_note":"","_monsterinsights_sitenote_category":0},"product_brand":[],"product_cat":[132,135,365,362],"product_tag":[],"class_list":{"0":"post-418728","1":"product","2":"type-product","3":"status-publish","4":"has-post-thumbnail","6":"product_cat-lectures-per-preadolescents-6-12-anys","7":"product_cat-entreteniment","8":"product_cat-entretenimientos","9":"product_cat-libros-preadolescentes-6-12-anos","11":"first","12":"instock","13":"taxable","14":"shipping-taxable","15":"purchasable","16":"product-type-simple"},"acf":{"autor":"ROMERO MARI\u00d1O, SOLEDAD","codart":"841909533","libros-coleccion":"FORA DE COL.LECCI\u00d3","ediciones":"1","encuadernacion":"Carton\u00e9","fecha_de_publicacion":"01\/05\/2023","novedad":"1","paginas":"48","subtitulo":"L'AVENTURA DE VIATJAR A VIETNAM, LAOS, CAMBODJA, MYANMAR I TAIL\u00c0NDIA","orden":"0","portada":"0","idioma":"cat","editorial":[{"ID":148549,"post_author":"3","post_date":"2022-10-14 11:59:07","post_date_gmt":"2022-10-14 09:59:07","post_content":"","post_title":"MOSQUITO BOOKS","post_excerpt":"","post_status":"publish","comment_status":"closed","ping_status":"closed","post_password":"","post_name":"mosquito-books","to_ping":"","pinged":"","post_modified":"2022-10-14 11:59:07","post_modified_gmt":"2022-10-14 09:59:07","post_content_filtered":"","post_parent":0,"guid":"http:\/\/dev.claret.cat\/editorial\/mosquito-books\/","menu_order":0,"post_type":"editorial","post_mime_type":"","comment_count":"0","filter":"raw"}],"autores-libros":[{"ID":169649,"post_author":"3","post_date":"2022-10-14 22:28:55","post_date_gmt":"2022-10-14 20:28:55","post_content":"","post_title":"SOLEDAD ROMERO MARI\u00d1O","post_excerpt":"","post_status":"publish","comment_status":"closed","ping_status":"closed","post_password":"","post_name":"soledad-romero-marino","to_ping":"","pinged":"","post_modified":"2022-10-14 22:28:55","post_modified_gmt":"2022-10-14 20:28:55","post_content_filtered":"","post_parent":0,"guid":"http:\/\/dev.claret.cat\/autor\/soledad-romero-marino\/","menu_order":0,"post_type":"autor","post_mime_type":"","comment_count":"0","filter":"raw"}]},"aioseo_notices":[],"_links":{"self":[{"href":"https:\/\/www.claret.cat\/es\/wp-json\/wp\/v2\/product\/418728","targetHints":{"allow":["GET"]}}],"collection":[{"href":"https:\/\/www.claret.cat\/es\/wp-json\/wp\/v2\/product"}],"about":[{"href":"https:\/\/www.claret.cat\/es\/wp-json\/wp\/v2\/types\/product"}],"wp:featuredmedia":[{"embeddable":true,"href":"https:\/\/www.claret.cat\/es\/wp-json\/wp\/v2\/media\/418729"}],"wp:attachment":[{"href":"https:\/\/www.claret.cat\/es\/wp-json\/wp\/v2\/media?parent=418728"}],"wp:term":[{"taxonomy":"product_brand","embeddable":true,"href":"https:\/\/www.claret.cat\/es\/wp-json\/wp\/v2\/product_brand?post=418728"},{"taxonomy":"product_cat","embeddable":true,"href":"https:\/\/www.claret.cat\/es\/wp-json\/wp\/v2\/product_cat?post=418728"},{"taxonomy":"product_tag","embeddable":true,"href":"https:\/\/www.claret.cat\/es\/wp-json\/wp\/v2\/product_tag?post=418728"}],"curies":[{"name":"wp","href":"https:\/\/api.w.org\/{rel}","templated":true}]}}