{"id":418736,"date":"2023-05-03T17:42:59","date_gmt":"2023-05-03T15:42:59","guid":{"rendered":"https:\/\/www.claret.cat\/llibre\/vaixel-pirata-9788498066111\/"},"modified":"2024-12-14T19:55:07","modified_gmt":"2024-12-14T18:55:07","slug":"vaixel-pirata-9788498066111","status":"publish","type":"product","link":"https:\/\/www.claret.cat\/es\/libro\/vaixel-pirata-9788498066111\/","title":{"rendered":"VAIXEL PIRATA"},"content":{"rendered":"<p>Un llibre superdivertit amb un escenari i figures extra\u00efbles que els nens construeixin la seva hist\u00f2ria i imaginin munts d&#8221;aventures dins i fora de l&#8221;incre\u00efble vaixell pirata.<\/p>\n","protected":false},"excerpt":{"rendered":"<p>TODOLIBRO, EQUIPO<\/p>\n","protected":false},"featured_media":418737,"template":"","meta":{"_acf_changed":false,"om_disable_all_campaigns":false,"rs_blank_template":"","rs_page_bg_color":"","slide_template_v7":"","inline_featured_image":false,"_monsterinsights_skip_tracking":false,"_monsterinsights_sitenote_active":false,"_monsterinsights_sitenote_note":"","_monsterinsights_sitenote_category":0},"product_brand":[],"product_cat":[131,361],"product_tag":[],"class_list":{"0":"post-418736","1":"product","2":"type-product","3":"status-publish","4":"has-post-thumbnail","6":"product_cat-contes-per-infants-0-6-anys","7":"product_cat-cuentos-para-ninos-0-6-anos","9":"first","10":"instock","11":"taxable","12":"shipping-taxable","13":"purchasable","14":"product-type-simple"},"acf":{"autor":"TODOLIBRO, EQUIPO","codart":"849806611","libros-coleccion":"FORA DE COL.LECCI\u00d3","ediciones":"1","encuadernacion":"Carton\u00e9","fecha_de_publicacion":"01\/04\/2008","novedad":"1","paginas":"0","subtitulo":"","orden":"0","portada":"0","idioma":"cat","editorial":[{"ID":148885,"post_author":"3","post_date":"2022-10-14 12:01:45","post_date_gmt":"2022-10-14 10:01:45","post_content":"","post_title":"TODOLIBRO","post_excerpt":"","post_status":"publish","comment_status":"closed","ping_status":"closed","post_password":"","post_name":"todolibro","to_ping":"","pinged":"","post_modified":"2022-10-14 12:01:45","post_modified_gmt":"2022-10-14 10:01:45","post_content_filtered":"","post_parent":0,"guid":"http:\/\/dev.claret.cat\/editorial\/todolibro\/","menu_order":0,"post_type":"editorial","post_mime_type":"","comment_count":"0","filter":"raw"}],"autores-libros":[{"ID":155237,"post_author":"3","post_date":"2022-10-14 15:11:14","post_date_gmt":"2022-10-14 13:11:14","post_content":"","post_title":"EQUIPO TODOLIBRO","post_excerpt":"","post_status":"publish","comment_status":"closed","ping_status":"closed","post_password":"","post_name":"equipo-todolibro","to_ping":"","pinged":"","post_modified":"2022-10-14 15:11:14","post_modified_gmt":"2022-10-14 13:11:14","post_content_filtered":"","post_parent":0,"guid":"http:\/\/dev.claret.cat\/autor\/equipo-todolibro\/","menu_order":0,"post_type":"autor","post_mime_type":"","comment_count":"0","filter":"raw"}]},"aioseo_notices":[],"_links":{"self":[{"href":"https:\/\/www.claret.cat\/es\/wp-json\/wp\/v2\/product\/418736","targetHints":{"allow":["GET"]}}],"collection":[{"href":"https:\/\/www.claret.cat\/es\/wp-json\/wp\/v2\/product"}],"about":[{"href":"https:\/\/www.claret.cat\/es\/wp-json\/wp\/v2\/types\/product"}],"wp:featuredmedia":[{"embeddable":true,"href":"https:\/\/www.claret.cat\/es\/wp-json\/wp\/v2\/media\/418737"}],"wp:attachment":[{"href":"https:\/\/www.claret.cat\/es\/wp-json\/wp\/v2\/media?parent=418736"}],"wp:term":[{"taxonomy":"product_brand","embeddable":true,"href":"https:\/\/www.claret.cat\/es\/wp-json\/wp\/v2\/product_brand?post=418736"},{"taxonomy":"product_cat","embeddable":true,"href":"https:\/\/www.claret.cat\/es\/wp-json\/wp\/v2\/product_cat?post=418736"},{"taxonomy":"product_tag","embeddable":true,"href":"https:\/\/www.claret.cat\/es\/wp-json\/wp\/v2\/product_tag?post=418736"}],"curies":[{"name":"wp","href":"https:\/\/api.w.org\/{rel}","templated":true}]}}