{"id":418849,"date":"2023-05-05T12:57:42","date_gmt":"2023-05-05T10:57:42","guid":{"rendered":"https:\/\/www.claret.cat\/llibre\/herreros-y-alquimistas-9788491042747\/"},"modified":"2023-10-11T02:55:59","modified_gmt":"2023-10-11T00:55:59","slug":"herreros-y-alquimistas-9788491042747","status":"publish","type":"product","link":"https:\/\/www.claret.cat\/es\/libro\/herreros-y-alquimistas-9788491042747\/","title":{"rendered":"HERREROS Y ALQUIMISTAS"},"content":{"rendered":"<p>Los ensayos reunidos en &#8216;Herreros y alquimistas&#8217; muestran el lugar espec\u00edfico que ocupan en la historia de las formaciones sociales las culturas ex\u00f3ticas, arcaicas y primitivas, irreductibles a los enfoques y valoraciones euroc\u00e9ntricos. El conjunto de mitos, ritos y s\u00edmbolos asociados a los oficios de minero, metal\u00fargico y forjador, cuyos secretos se transmiten de generaci\u00f3n en generaci\u00f3n a trav\u00e9s de ritos inici\u00e1ticos, ilustra los cambios de la actitud m\u00e1gico-religiosa de los hombres del mundo preindustrial con respecto a la materia desde el preciso momento en que descubren su poder para cambiar el modo de ser de las sustancias minerales. Mircea Eliade se\u00f1ala que ese doble car\u00e1cter experimental y m\u00edstico est\u00e1 igualmente presente en la alquimia, ciencia sagrada que estudia la pasi\u00f3n, matrimonio y muerte de las sustancias, destinadas a la transmutaci\u00f3n de la materia (la piedra filosofal) y de la vida humana (el elixir de la vida). Otras obras de Mircea Eliade en esta colecci\u00f3n: &#8216;El mito del eterno retorno&#8217;.<\/p>\n","protected":false},"excerpt":{"rendered":"<p>ELIADE, MIRCEA<\/p>\n","protected":false},"featured_media":418850,"template":"","meta":{"_acf_changed":false,"om_disable_all_campaigns":false,"rs_blank_template":"","rs_page_bg_color":"","slide_template_v7":"","inline_featured_image":false,"_monsterinsights_skip_tracking":false,"_monsterinsights_sitenote_active":false,"_monsterinsights_sitenote_note":"","_monsterinsights_sitenote_category":0},"product_brand":[],"product_cat":[90,127,357,540],"product_tag":[],"class_list":{"0":"post-418849","1":"product","2":"type-product","3":"status-publish","4":"has-post-thumbnail","6":"product_cat-altres","7":"product_cat-novella-contemporania","8":"product_cat-novela-contemporanea","9":"product_cat-otros","11":"first","12":"instock","13":"taxable","14":"shipping-taxable","15":"purchasable","16":"product-type-simple"},"acf":{"autor":"ELIADE, MIRCEA","codart":"849104274","libros-coleccion":"FORA DE COL.LECCI\u00d3","ediciones":"1","encuadernacion":"R\u00fastica","fecha_de_publicacion":"01\/02\/2016","novedad":"1","paginas":"251","subtitulo":"","orden":"0","portada":"0","idioma":"spa","editorial":[{"ID":147652,"post_author":"3","post_date":"2022-10-14 11:52:13","post_date_gmt":"2022-10-14 09:52:13","post_content":"","post_title":"COMERCIAL GRUPO ANAYA","post_excerpt":"","post_status":"publish","comment_status":"closed","ping_status":"closed","post_password":"","post_name":"comercial-grupo-anaya","to_ping":"","pinged":"","post_modified":"2022-10-14 11:52:13","post_modified_gmt":"2022-10-14 09:52:13","post_content_filtered":"","post_parent":0,"guid":"http:\/\/dev.claret.cat\/editorial\/comercial-grupo-anaya\/","menu_order":0,"post_type":"editorial","post_mime_type":"","comment_count":"0","filter":"raw"}],"autores-libros":[{"ID":165189,"post_author":"3","post_date":"2022-10-14 17:53:08","post_date_gmt":"2022-10-14 15:53:08","post_content":"","post_title":"MIRCEA ELIADE","post_excerpt":"","post_status":"publish","comment_status":"closed","ping_status":"closed","post_password":"","post_name":"mircea-eliade","to_ping":"","pinged":"","post_modified":"2022-10-14 17:53:08","post_modified_gmt":"2022-10-14 15:53:08","post_content_filtered":"","post_parent":0,"guid":"http:\/\/dev.claret.cat\/autor\/mircea-eliade\/","menu_order":0,"post_type":"autor","post_mime_type":"","comment_count":"0","filter":"raw"}]},"aioseo_notices":[],"_links":{"self":[{"href":"https:\/\/www.claret.cat\/es\/wp-json\/wp\/v2\/product\/418849","targetHints":{"allow":["GET"]}}],"collection":[{"href":"https:\/\/www.claret.cat\/es\/wp-json\/wp\/v2\/product"}],"about":[{"href":"https:\/\/www.claret.cat\/es\/wp-json\/wp\/v2\/types\/product"}],"wp:featuredmedia":[{"embeddable":true,"href":"https:\/\/www.claret.cat\/es\/wp-json\/wp\/v2\/media\/418850"}],"wp:attachment":[{"href":"https:\/\/www.claret.cat\/es\/wp-json\/wp\/v2\/media?parent=418849"}],"wp:term":[{"taxonomy":"product_brand","embeddable":true,"href":"https:\/\/www.claret.cat\/es\/wp-json\/wp\/v2\/product_brand?post=418849"},{"taxonomy":"product_cat","embeddable":true,"href":"https:\/\/www.claret.cat\/es\/wp-json\/wp\/v2\/product_cat?post=418849"},{"taxonomy":"product_tag","embeddable":true,"href":"https:\/\/www.claret.cat\/es\/wp-json\/wp\/v2\/product_tag?post=418849"}],"curies":[{"name":"wp","href":"https:\/\/api.w.org\/{rel}","templated":true}]}}