{"id":418982,"date":"2023-05-05T13:05:54","date_gmt":"2023-05-05T11:05:54","guid":{"rendered":"https:\/\/www.claret.cat\/llibre\/magic-animals-2-la-invasion-de-las-ranas-gigantes-9788408271840\/"},"modified":"2025-12-22T12:16:12","modified_gmt":"2025-12-22T11:16:12","slug":"magic-animals-2-la-invasion-de-las-ranas-gigantes-9788408271840","status":"publish","type":"product","link":"https:\/\/www.claret.cat\/es\/libro\/magic-animals-2-la-invasion-de-las-ranas-gigantes-9788408271840\/","title":{"rendered":"MAGIC ANIMALS 2. LA INVASI\u00d3N DE LAS RANAS GIGANTES"},"content":{"rendered":"<p>EL SEGUNDO LIBRO DE MAGIC ANIMALS.\u00a0La nueva serie que re\u00fane todos los ingredientes para triunfar e ilusionar a los peque\u00f1os lectores en un mundo lleno de ni\u00f1os y ni\u00f1as, magia, aventuras, seres fant\u00e1sticos\u2026 y animales.<br \/> En el misterioso valle de Blim habitan seres fant\u00e1sticos capaces de adoptar forma de ni\u00f1o y de animal. Seres que, a trav\u00e9s de un amuleto m\u00e1gico, pueden transformarse en MAGIC ANIMALS con poderes incre\u00edbles.<br \/> MAGIC ANIMALS 2. LA INVASI\u00d3N DE LAS RANAS GIGANTES<br \/> \u00a1Las ranas del Lago Cristal se han hecho gigantes! Adem\u00e1s de causar destrozos en el pueblo, est\u00e1n atemorizando a todos los habitantes del valle de Blim. Esta vez Abi, \u00c9ric, Cloe, Yuna y Nico deber\u00e1n sumar fuerzas para averiguar qu\u00e9 ha ocurrido y controlar a esas criaturas gigantescas. \u00bfTendr\u00e1n algo que ver el mago Otto y Hela Crow? \u00bfConseguir\u00e1n los Magic Animals proteger el valle de Blim de las garras del mal?\u00a0<br \/> Mitad ni\u00f1o, mitad animal, \u00a1con poderes incre\u00edbles! Ellos son los Magic Animals<br \/> Una colecci\u00f3n para primeros lectores, con cap\u00edtulos breves, letra grande y lenguaje adaptado al nivel lector. <br \/> Una serie de libros ideal para aprender a leer, con parte narrativa y parte de c\u00f3mic\u00a0y perfecta para pasar horas de diversi\u00f3n y entretenimiento.<br \/> Ilustraciones a todo color y con p\u00e1ginas en formato c\u00f3mic, que facilitan la lectura y la comprensi\u00f3n del lector, creadas por Carles Dalmau, un joven ilustrador que se han hecho un hueco destacado en el mundo de la ilustraci\u00f3n, el c\u00f3mic y el manga. Cuenta con m\u00e1s de 600k seguidores en sus redes.<br \/> Una colecci\u00f3n llena de magia, poderes, animales, ni\u00f1os y ni\u00f1as, misterios recomendada para ni\u00f1os de 6 a 8 a\u00f1os. Perfecta para ni\u00f1os y ni\u00f1as lectores de Anna Kadabra y Marcus Pocus.<br \/> G\u00c9NERO<\/p>\n<p> Acci\u00f3n y aventura<br \/> Misterios y magia<br \/> Animales y poderes\u00a0<br \/> Humor y diversi\u00f3n<\/p>\n<p> \u00a0LA AUTORA<br \/> Susanna Isern es una de las autoras m\u00e1s importantes del panorama de la literatura infantil. Ha publicado m\u00e1s de 90 t\u00edtulos que se han traducido a m\u00e1s de 30 idiomas y lleva m\u00e1s de 1.000.000 de ejemplares vendidos a nivel mundial.<br \/> Algunos de sus t\u00edtulos m\u00e1s destacados son:<\/p>\n<p> Daniela pirata<br \/> El gran libro de los superpoderes<br \/> Abecemociones<br \/> Aqua Marina<\/p>\n","protected":false},"excerpt":{"rendered":"<p>ISERN, SUSANNA \/ DALMAU, CARLES<\/p>\n","protected":false},"featured_media":970506,"template":"","meta":{"_acf_changed":false,"om_disable_all_campaigns":false,"rs_blank_template":"","rs_page_bg_color":"","slide_template_v7":"","inline_featured_image":false,"_monsterinsights_skip_tracking":false,"_monsterinsights_sitenote_active":false,"_monsterinsights_sitenote_note":"","_monsterinsights_sitenote_category":0},"product_brand":[],"product_cat":[132,362],"product_tag":[],"class_list":{"0":"post-418982","1":"product","2":"type-product","3":"status-publish","4":"has-post-thumbnail","6":"product_cat-lectures-per-preadolescents-6-12-anys","7":"product_cat-libros-preadolescentes-6-12-anos","9":"first","10":"instock","11":"taxable","12":"shipping-taxable","13":"purchasable","14":"product-type-simple"},"acf":{"autor":"ISERN, SUSANNA \/ DALMAU, CARLES","codart":"840827184","libros-coleccion":"FORA DE COL.LECCI\u00d3","ediciones":"1","encuadernacion":"R\u00fastica","fecha_de_publicacion":"01\/05\/2023","novedad":"1","paginas":"112","subtitulo":"","orden":"0","portada":"0","idioma":"spa","editorial":[{"ID":6233,"post_author":"3","post_date":"2022-07-28 17:47:48","post_date_gmt":"2022-07-28 15:47:48","post_content":"","post_title":"EDITORIAL PLANETA","post_excerpt":"","post_status":"publish","comment_status":"closed","ping_status":"closed","post_password":"","post_name":"editorial-planeta","to_ping":"","pinged":"","post_modified":"2022-07-28 17:47:48","post_modified_gmt":"2022-07-28 15:47:48","post_content_filtered":"","post_parent":0,"guid":"http:\/\/dev.claret.cat\/editorial\/editorial-planeta\/","menu_order":0,"post_type":"editorial","post_mime_type":"","comment_count":"0","filter":"raw"}],"autores-libros":[{"ID":169977,"post_author":"3","post_date":"2022-10-14 22:31:33","post_date_gmt":"2022-10-14 20:31:33","post_content":"","post_title":"SUSANNA ISERN","post_excerpt":"","post_status":"publish","comment_status":"closed","ping_status":"closed","post_password":"","post_name":"susanna-isern","to_ping":"","pinged":"","post_modified":"2022-10-14 22:31:33","post_modified_gmt":"2022-10-14 20:31:33","post_content_filtered":"","post_parent":0,"guid":"http:\/\/dev.claret.cat\/autor\/susanna-isern\/","menu_order":0,"post_type":"autor","post_mime_type":"","comment_count":"0","filter":"raw"},{"ID":418978,"post_author":"3","post_date":"2023-05-05 13:05:40","post_date_gmt":"2023-05-05 11:05:40","post_content":"","post_title":"CARLES DALMAU","post_excerpt":"","post_status":"publish","comment_status":"closed","ping_status":"closed","post_password":"","post_name":"carles-dalmau-2","to_ping":"","pinged":"","post_modified":"2023-05-05 13:05:40","post_modified_gmt":"2023-05-05 11:05:40","post_content_filtered":"","post_parent":0,"guid":"https:\/\/www.claret.cat\/autor\/carles-dalmau-2\/","menu_order":0,"post_type":"autor","post_mime_type":"","comment_count":"0","filter":"raw"}],"booktrailer":"","resenas":""},"aioseo_notices":[],"_links":{"self":[{"href":"https:\/\/www.claret.cat\/es\/wp-json\/wp\/v2\/product\/418982","targetHints":{"allow":["GET"]}}],"collection":[{"href":"https:\/\/www.claret.cat\/es\/wp-json\/wp\/v2\/product"}],"about":[{"href":"https:\/\/www.claret.cat\/es\/wp-json\/wp\/v2\/types\/product"}],"wp:featuredmedia":[{"embeddable":true,"href":"https:\/\/www.claret.cat\/es\/wp-json\/wp\/v2\/media\/970506"}],"wp:attachment":[{"href":"https:\/\/www.claret.cat\/es\/wp-json\/wp\/v2\/media?parent=418982"}],"wp:term":[{"taxonomy":"product_brand","embeddable":true,"href":"https:\/\/www.claret.cat\/es\/wp-json\/wp\/v2\/product_brand?post=418982"},{"taxonomy":"product_cat","embeddable":true,"href":"https:\/\/www.claret.cat\/es\/wp-json\/wp\/v2\/product_cat?post=418982"},{"taxonomy":"product_tag","embeddable":true,"href":"https:\/\/www.claret.cat\/es\/wp-json\/wp\/v2\/product_tag?post=418982"}],"curies":[{"name":"wp","href":"https:\/\/api.w.org\/{rel}","templated":true}]}}