{"id":418985,"date":"2023-05-05T13:06:22","date_gmt":"2023-05-05T11:06:22","guid":{"rendered":"https:\/\/www.claret.cat\/llibre\/llibre-de-la-seu-9788421007686\/"},"modified":"2024-09-27T16:20:06","modified_gmt":"2024-09-27T14:20:06","slug":"llibre-de-la-seu-9788421007686","status":"publish","type":"product","link":"https:\/\/www.claret.cat\/es\/libro\/llibre-de-la-seu-9788421007686\/","title":{"rendered":"LLIBRE DE LA SEU"},"content":{"rendered":"<p>Cont\u00e9 biografies dels sants de cada dia per a aprofundir en el calendari lit\u00fargic, i les ant\u00edfones d\u2019entrada i comuni\u00f3, aix\u00ed com l\u2019oraci\u00f3 de postcomuni\u00f3, seguint les indicacions del Dr. Pere Tena. A m\u00e9s, inclou un ap\u00e8ndix amb les preg\u00e0ries dels fidels que cont\u00e9 la tercera edici\u00f3 del Missal en catal\u00e0, i les aprovades per la Confer\u00e8ncia Episcopal Tarraconense. Impr\u00e8s a dues tintes, incorpora tamb\u00e9 cintes per a facilitar el seu \u00fas, una tapa dura resistent, i el text ben relligat. Les l\u00e0mines del llibre, obra de Marko Rupnik, fan que l\u2019edici\u00f3 sigui embellida.<\/p>\n","protected":false},"excerpt":{"rendered":"<p>BALMES EDITORIAL<\/p>\n","protected":false},"featured_media":418986,"template":"","meta":{"_acf_changed":false,"om_disable_all_campaigns":false,"rs_blank_template":"","rs_page_bg_color":"","slide_template_v7":"","inline_featured_image":false,"_monsterinsights_skip_tracking":false,"_monsterinsights_sitenote_active":false,"_monsterinsights_sitenote_note":"","_monsterinsights_sitenote_category":0},"product_brand":[],"product_cat":[252,399,253,398],"product_tag":[],"class_list":{"0":"post-418985","1":"product","2":"type-product","3":"status-publish","4":"has-post-thumbnail","6":"product_cat-altres-rituals","7":"product_cat-any-liturgic-liturgia-1_espiritualidad","8":"product_cat-any-liturgic","9":"product_cat-otros-rituales","11":"first","12":"instock","13":"taxable","14":"shipping-taxable","15":"purchasable","16":"product-type-simple"},"acf":{"autor":"BALMES EDITORIAL","codart":"842100768","libros-coleccion":"","ediciones":"1","encuadernacion":"R\u00fastica","fecha_de_publicacion":"04\/05\/2023","novedad":"1","paginas":"1","subtitulo":"","orden":"0","portada":"1","idioma":"cat","editorial":[{"ID":6140,"post_author":"3","post_date":"2022-07-28 17:45:45","post_date_gmt":"2022-07-28 15:45:45","post_content":"","post_title":"BALMES, EDITORIAL","post_excerpt":"","post_status":"publish","comment_status":"closed","ping_status":"closed","post_password":"","post_name":"balmes-editorial","to_ping":"","pinged":"","post_modified":"2022-07-28 17:45:45","post_modified_gmt":"2022-07-28 15:45:45","post_content_filtered":"","post_parent":0,"guid":"http:\/\/dev.claret.cat\/editorial\/balmes-editorial\/","menu_order":0,"post_type":"editorial","post_mime_type":"","comment_count":"0","filter":"raw"}],"autores-libros":[{"ID":270458,"post_author":"3","post_date":"2022-12-07 13:40:52","post_date_gmt":"2022-12-07 12:40:52","post_content":"","post_title":"BALMES EDITORIAL","post_excerpt":"","post_status":"publish","comment_status":"closed","ping_status":"closed","post_password":"","post_name":"balmes-editorial","to_ping":"","pinged":"","post_modified":"2022-12-07 13:40:52","post_modified_gmt":"2022-12-07 12:40:52","post_content_filtered":"","post_parent":0,"guid":"http:\/\/dev.claret.cat\/autor\/balmes-editorial\/","menu_order":0,"post_type":"autor","post_mime_type":"","comment_count":"0","filter":"raw"}]},"aioseo_notices":[],"_links":{"self":[{"href":"https:\/\/www.claret.cat\/es\/wp-json\/wp\/v2\/product\/418985","targetHints":{"allow":["GET"]}}],"collection":[{"href":"https:\/\/www.claret.cat\/es\/wp-json\/wp\/v2\/product"}],"about":[{"href":"https:\/\/www.claret.cat\/es\/wp-json\/wp\/v2\/types\/product"}],"wp:featuredmedia":[{"embeddable":true,"href":"https:\/\/www.claret.cat\/es\/wp-json\/wp\/v2\/media\/418986"}],"wp:attachment":[{"href":"https:\/\/www.claret.cat\/es\/wp-json\/wp\/v2\/media?parent=418985"}],"wp:term":[{"taxonomy":"product_brand","embeddable":true,"href":"https:\/\/www.claret.cat\/es\/wp-json\/wp\/v2\/product_brand?post=418985"},{"taxonomy":"product_cat","embeddable":true,"href":"https:\/\/www.claret.cat\/es\/wp-json\/wp\/v2\/product_cat?post=418985"},{"taxonomy":"product_tag","embeddable":true,"href":"https:\/\/www.claret.cat\/es\/wp-json\/wp\/v2\/product_tag?post=418985"}],"curies":[{"name":"wp","href":"https:\/\/api.w.org\/{rel}","templated":true}]}}