{"id":418989,"date":"2023-05-05T13:06:44","date_gmt":"2023-05-05T11:06:44","guid":{"rendered":"https:\/\/www.claret.cat\/llibre\/gotas-de-agua-en-sequedal-9788427729834\/"},"modified":"2023-10-11T02:54:29","modified_gmt":"2023-10-11T00:54:29","slug":"gotas-de-agua-en-sequedal-9788427729834","status":"publish","type":"product","link":"https:\/\/www.claret.cat\/es\/libro\/gotas-de-agua-en-sequedal-9788427729834\/","title":{"rendered":"GOTAS DE AGUA EN SEQUEDAL"},"content":{"rendered":"<p><span>En esta obra el autor, sensible a la falta de tiempo de quienes, sin embargo, anhelan cultivar su esp\u00edritu, ofrece en treinta cap\u00edtulos, de forma concisa y estructurada algunos de los textos b\u00edblicos que m\u00e1s le han impactado, y despu\u00e9s de un escueto comentario contextualiza doblemente el pasaje, tanto con referencias a las Sagradas Escrituras como con citas de maestros espirituales, para culminar cada uno de los cap\u00edtulos con una aplicaci\u00f3n concisa y una cuesti\u00f3n abierta a que cada lector personalice el relato. El t\u00edtulo, se hace eco de los tiempos de sequ\u00eda y del beneficio del agua, aplicando la imagen en perspectiva de esperanza, como ocurre cuando el sequedal recibe el regalo del cielo y el p\u00e1ramo se convierte en vergel. La profec\u00eda del roc\u00edo y de la lluvia que empapan la tierra y la hace germinar se convierte, en las circunstancias actuales, en ocasi\u00f3n propicia para observar los g\u00e9rmenes alentadores, inspirados en la Palabra de Dios.<\/span><\/p>\n","protected":false},"excerpt":{"rendered":"<p>MORENO, DE BUENAFUENTE, \u00c1NGEL<\/p>\n","protected":false},"featured_media":418990,"template":"","meta":{"_acf_changed":false,"om_disable_all_campaigns":false,"rs_blank_template":"","rs_page_bg_color":"","slide_template_v7":"","inline_featured_image":false,"_monsterinsights_skip_tracking":false,"_monsterinsights_sitenote_active":false,"_monsterinsights_sitenote_note":"","_monsterinsights_sitenote_category":0},"product_brand":[],"product_cat":[91,541,92,542],"product_tag":[],"class_list":{"0":"post-418989","1":"product","2":"type-product","3":"status-publish","4":"has-post-thumbnail","6":"product_cat-cristologia","7":"product_cat-cristologia-1_espiritualidad-spa","8":"product_cat-vida-religiosa","9":"product_cat-vida-religiosa-1_espiritualidad-spa","11":"first","12":"instock","13":"taxable","14":"shipping-taxable","15":"purchasable","16":"product-type-simple"},"acf":{"autor":"MORENO, DE BUENAFUENTE, \u00c1NGEL","codart":"842772983","libros-coleccion":"Espiritualidad","ediciones":"1","encuadernacion":"R\u00fastica","fecha_de_publicacion":"01\/01\/2023","novedad":"1","paginas":"192","subtitulo":"","orden":"0","portada":"0","idioma":"spa","editorial":[{"ID":6312,"post_author":"3","post_date":"2022-07-28 17:49:29","post_date_gmt":"2022-07-28 15:49:29","post_content":"","post_title":"NARCEA DE EDICIONES","post_excerpt":"","post_status":"publish","comment_status":"closed","ping_status":"closed","post_password":"","post_name":"narcea-de-ediciones","to_ping":"","pinged":"","post_modified":"2022-07-28 17:49:29","post_modified_gmt":"2022-07-28 15:49:29","post_content_filtered":"","post_parent":0,"guid":"http:\/\/dev.claret.cat\/editorial\/narcea-de-ediciones\/","menu_order":0,"post_type":"editorial","post_mime_type":"","comment_count":"0","filter":"raw"}],"autores-libros":[{"ID":418988,"post_author":"3","post_date":"2023-05-05 13:06:42","post_date_gmt":"2023-05-05 11:06:42","post_content":"","post_title":"DE BUENAFUENTE MORENO","post_excerpt":"","post_status":"publish","comment_status":"closed","ping_status":"closed","post_password":"","post_name":"de-buenafuente-moreno","to_ping":"","pinged":"","post_modified":"2023-05-05 13:06:42","post_modified_gmt":"2023-05-05 11:06:42","post_content_filtered":"","post_parent":0,"guid":"https:\/\/www.claret.cat\/autor\/de-buenafuente-moreno\/","menu_order":0,"post_type":"autor","post_mime_type":"","comment_count":"0","filter":"raw"}]},"aioseo_notices":[],"_links":{"self":[{"href":"https:\/\/www.claret.cat\/es\/wp-json\/wp\/v2\/product\/418989","targetHints":{"allow":["GET"]}}],"collection":[{"href":"https:\/\/www.claret.cat\/es\/wp-json\/wp\/v2\/product"}],"about":[{"href":"https:\/\/www.claret.cat\/es\/wp-json\/wp\/v2\/types\/product"}],"wp:featuredmedia":[{"embeddable":true,"href":"https:\/\/www.claret.cat\/es\/wp-json\/wp\/v2\/media\/418990"}],"wp:attachment":[{"href":"https:\/\/www.claret.cat\/es\/wp-json\/wp\/v2\/media?parent=418989"}],"wp:term":[{"taxonomy":"product_brand","embeddable":true,"href":"https:\/\/www.claret.cat\/es\/wp-json\/wp\/v2\/product_brand?post=418989"},{"taxonomy":"product_cat","embeddable":true,"href":"https:\/\/www.claret.cat\/es\/wp-json\/wp\/v2\/product_cat?post=418989"},{"taxonomy":"product_tag","embeddable":true,"href":"https:\/\/www.claret.cat\/es\/wp-json\/wp\/v2\/product_tag?post=418989"}],"curies":[{"name":"wp","href":"https:\/\/api.w.org\/{rel}","templated":true}]}}