{"id":419153,"date":"2023-05-08T13:20:02","date_gmt":"2023-05-08T11:20:02","guid":{"rendered":"https:\/\/www.claret.cat\/llibre\/la-casa-de-las-miniaturas-9788498387889\/"},"modified":"2025-04-23T17:30:47","modified_gmt":"2025-04-23T15:30:47","slug":"la-casa-de-las-miniaturas-9788498387889","status":"publish","type":"product","link":"https:\/\/www.claret.cat\/es\/libro\/la-casa-de-las-miniaturas-9788498387889\/","title":{"rendered":"LA CASA DE LAS MINIATURAS"},"content":{"rendered":"<p>Relato vibrante de ambiciones \u00edntimas y sue\u00f1os traicionados donde la autora recrea el ambiente de \u00c1msterdam a finales del siglo XVII, un mundo \u00e1spero y riguroso donde los gremios burgueses se enfrentaban al fanatismo religioso y la intransigencia del poder establecido.  Un d\u00eda de oto\u00f1o de 1686, una joven de dieciocho a\u00f1os llama a la puerta de una casa se\u00f1orial en el barrio m\u00e1s acomodado de \u00c1msterdam. Nella Oortman se ha trasladado del campo a la ciudad para convivir con su marido, Johannes Brandt, un hombre maduro y distinguido comerciante que habita en la mansi\u00f3n en compa\u00f1\u00eda de su hermana soltera y rodeado de fieles servidores. Como regalo de boda, Johannes obsequia a su flamante esposa un objeto muy de moda entre la gente pudiente de la \u00e9poca: una r\u00e9plica de su propia casa en miniatura, que Nella deber\u00e1 poblar con las figuras creadas por una desconocida miniaturista que ha encontrado por azar.Sin embargo, poco a poco, el amable pasatiempo se ir\u00e1 transformando en la clave de una serie de inquietantes revelaciones que conducir\u00e1n a Nella a desenmascarar los secretos m\u00e1s oscuros de los actuales moradores de la casa -incluido su marido-, arrojando luz sobre los peligros que amenazan la supervivencia de su nueva familia.La cr\u00edtica ha dicho&#8230;<br \/>\u00abUna lectura tremendamente adictiva que cautivar\u00e1 tanto a los fans de La joven de la perla como a los de El jilguero, con la salvedad de que Burton es una nueva voz que habla con sinceridad de sexo, de racismo y de clases sociales.\u00bb<br \/>The Guardian \u00abEsta historiarefleja con astucia las obsesiones y prejuicios de nuestra \u00e9poca. Un libro que nadie deber\u00eda perderse.\u00bb<br \/>Dallas Morning News \u00abCon su manera indirecta de narrar, unas mujeres que ganan poder progresivamente y un final desgarrador, esta novela sit\u00faa a Burton como una escritora provista de una voz original e impresionante.\u00bb<br \/>Kirkus Reviews\u00abM\u00e1gica, emocionante y llena de sorpresas. [&#8230;] Uno de esos libros que te recuerdan por qu\u00e9 te enamoraste de la literatura.\u00bb<br \/>S. J. Watson, autor de No conf\u00edes en nadie<\/p>\n","protected":false},"excerpt":{"rendered":"<p>BURTON, JESSIE<\/p>\n","protected":false},"featured_media":419154,"template":"","meta":{"_acf_changed":false,"om_disable_all_campaigns":false,"rs_blank_template":"","rs_page_bg_color":"","slide_template_v7":"","inline_featured_image":false,"_monsterinsights_skip_tracking":false,"_monsterinsights_sitenote_active":false,"_monsterinsights_sitenote_note":"","_monsterinsights_sitenote_category":0},"product_brand":[],"product_cat":[127,357],"product_tag":[],"class_list":{"0":"post-419153","1":"product","2":"type-product","3":"status-publish","4":"has-post-thumbnail","6":"product_cat-novella-contemporania","7":"product_cat-novela-contemporanea","9":"first","10":"instock","11":"taxable","12":"shipping-taxable","13":"purchasable","14":"product-type-simple"},"acf":{"autor":"BURTON, JESSIE","codart":"849838788","libros-coleccion":"FORA DE COL.LECCI\u00d3","ediciones":"1","encuadernacion":"R\u00fastica","fecha_de_publicacion":"01\/01\/2017","novedad":"1","paginas":"448","subtitulo":"","orden":"0","portada":"0","idioma":"spa","editorial":[{"ID":6353,"post_author":"3","post_date":"2022-07-28 17:50:22","post_date_gmt":"2022-07-28 15:50:22","post_content":"","post_title":"Salamandra Bolsillo","post_excerpt":"","post_status":"publish","comment_status":"closed","ping_status":"closed","post_password":"","post_name":"salamandra-bolsillo","to_ping":"","pinged":"","post_modified":"2022-07-28 17:50:22","post_modified_gmt":"2022-07-28 15:50:22","post_content_filtered":"","post_parent":0,"guid":"http:\/\/dev.claret.cat\/editorial\/salamandra-bolsillo\/","menu_order":0,"post_type":"editorial","post_mime_type":"","comment_count":"0","filter":"raw"}],"autores-libros":[{"ID":159074,"post_author":"3","post_date":"2022-10-14 15:41:53","post_date_gmt":"2022-10-14 13:41:53","post_content":"","post_title":"JESSIE BURTON","post_excerpt":"","post_status":"publish","comment_status":"closed","ping_status":"closed","post_password":"","post_name":"jessie-burton","to_ping":"","pinged":"","post_modified":"2022-10-14 15:41:53","post_modified_gmt":"2022-10-14 13:41:53","post_content_filtered":"","post_parent":0,"guid":"http:\/\/dev.claret.cat\/autor\/jessie-burton\/","menu_order":0,"post_type":"autor","post_mime_type":"","comment_count":"0","filter":"raw"}],"booktrailer":"","resenas":""},"aioseo_notices":[],"_links":{"self":[{"href":"https:\/\/www.claret.cat\/es\/wp-json\/wp\/v2\/product\/419153","targetHints":{"allow":["GET"]}}],"collection":[{"href":"https:\/\/www.claret.cat\/es\/wp-json\/wp\/v2\/product"}],"about":[{"href":"https:\/\/www.claret.cat\/es\/wp-json\/wp\/v2\/types\/product"}],"wp:featuredmedia":[{"embeddable":true,"href":"https:\/\/www.claret.cat\/es\/wp-json\/wp\/v2\/media\/419154"}],"wp:attachment":[{"href":"https:\/\/www.claret.cat\/es\/wp-json\/wp\/v2\/media?parent=419153"}],"wp:term":[{"taxonomy":"product_brand","embeddable":true,"href":"https:\/\/www.claret.cat\/es\/wp-json\/wp\/v2\/product_brand?post=419153"},{"taxonomy":"product_cat","embeddable":true,"href":"https:\/\/www.claret.cat\/es\/wp-json\/wp\/v2\/product_cat?post=419153"},{"taxonomy":"product_tag","embeddable":true,"href":"https:\/\/www.claret.cat\/es\/wp-json\/wp\/v2\/product_tag?post=419153"}],"curies":[{"name":"wp","href":"https:\/\/api.w.org\/{rel}","templated":true}]}}