{"id":419159,"date":"2023-05-08T13:20:25","date_gmt":"2023-05-08T11:20:25","guid":{"rendered":"https:\/\/www.claret.cat\/llibre\/la-casa-de-la-fortuna-9788419346230\/"},"modified":"2023-10-11T02:53:07","modified_gmt":"2023-10-11T00:53:07","slug":"la-casa-de-la-fortuna-9788419346230","status":"publish","type":"product","link":"https:\/\/www.claret.cat\/es\/libro\/la-casa-de-la-fortuna-9788419346230\/","title":{"rendered":"LA CASA DE LA FORTUNA"},"content":{"rendered":"<p>Una joven lucha por tomar las riendas de su vida en la bella \u00c1msterdam del siglo XVIII  Por la autora de LA CASA DE LAS MINIATURAS Continuaci\u00f3n de La casa de las miniaturas que se centra en \u00c1msterdam, en 1705, donde Thea Brandt est\u00e1 lista para recibir la edad adulta; pero en el Herengracht, su padre y la t\u00eda Nella no paran de discutir, y la familia est\u00e1 vendiendo los muebles para poder comer. La presi\u00f3n recae sobre ella para que se case con un buen partido y ascienda en sociedad. Cuando la joven recibe una invitaci\u00f3n al baile m\u00e1s exclusivo de \u00c1msterdam, Nella no cabe en s\u00ed de gozo, pero al experimentar un extra\u00f1o cosquilleo en la nuca, recuerda a la miniaturista que jug\u00f3 con su suerte hace dieciocho a\u00f1os. Quiz\u00e1 ahora haya vuelto&#8230; Una historia de destino y ambici\u00f3n, secretos y sue\u00f1os, y la determinaci\u00f3n de una joven por controlar su propio devenir y ser quien desea en tiempos convulsos.La cr\u00edtica ha dicho:<br \/>\u00abUn relato escrito de manera maravillosa y completamente absorbente. Los nuevos lectores estar\u00e1n encantados de poder disfrutar este libro sin haber le\u00eddo el primero, pero es probable que lo busquen para pasar un poco m\u00e1s de tiempo en la m\u00e1gica \u00c1msterdam de Burton.\u00bb<br \/>Library Journal \u00abJessie Burton es una maestra de la narraci\u00f3n que retrata v\u00edvidamente la \u00c1msterdam del siglo XVIII. Me he sentido como si estuviera en la ciudad con Thea y Nella, y lo he sentido por ellas cuando el abismo existente entre ambas se abr\u00eda. El coste de guardar secretos y el peligro de no ser capaz de comunicarnos con nuestros allegados vibra a lo largo de estas p\u00e1ginas exquisitas, imposibles de dejar.\u00bb<br \/>Janet Skeslien Charles, autora de La biblioteca de Par\u00eds\u00abEl detalle de la vibrante \u00e9poca, las emocionantes vidas interiores de los personajes y el gratificante viaje a la madurez de Thea constituyen una combinaci\u00f3n ganadora. Los lectores disfrutar\u00e1n del regreso de Nella y su mundo.\u00bb<br \/>Publisher&#8221;s Weekly \u00abInteligente y satisfactoria. [&#8230;] Burton es una observadora perspicaz. [&#8230;] Una continuaci\u00f3n digna, madura y seria.\u00bb<br \/>The Guardian\u00abElegante, evocadora, absorbente. Me ha encantado.\u00bb<br \/>Marian Keyes \u00abUn libro de gran belleza y perspicacia. [&#8230;] Impresionante. Burton es una maestra de la narraci\u00f3n.\u00bb<br \/>Elizabeth Day \u00abMagn\u00edfica, elegante y evocadora.\u00bb<br \/>Prima\u00abEl libro m\u00e1s bonito que leer\u00e1s este a\u00f1o. Un logro espectacular. [&#8230;] Te romper\u00e1 el coraz\u00f3n y volver\u00e1 a recompon\u00e9rtelo. [&#8230;] Brillante, sinuoso, una verdadera maravilla.\u00bb<br \/>Kate Williams \u00abElegante suspense hist\u00f3rico.\u00bb<br \/>Grazia \u00abRegresando al mundo de La casa de las miniaturas, su librosuperventas, la historia de Jessie Burton sobre una joven de la \u00c1msterdam del siglo XVIII demuestra que est\u00e1 en plena forma.\u00bb<br \/>The Observer \u00abUna novela placentera que no podr\u00e1s dejar.\u00bb<br \/>Sunday Express\u00abLos fans de La casa de las miniaturas est\u00e1n de enhorabuena con esta continuaci\u00f3n.\u00bb<br \/>Red<\/p>\n","protected":false},"excerpt":{"rendered":"<p>BURTON, JESSIE<\/p>\n","protected":false},"featured_media":419160,"template":"","meta":{"_acf_changed":false,"om_disable_all_campaigns":false,"rs_blank_template":"","rs_page_bg_color":"","slide_template_v7":"","inline_featured_image":false,"_monsterinsights_skip_tracking":false,"_monsterinsights_sitenote_active":false,"_monsterinsights_sitenote_note":"","_monsterinsights_sitenote_category":0},"product_brand":[],"product_cat":[127,357],"product_tag":[],"class_list":{"0":"post-419159","1":"product","2":"type-product","3":"status-publish","4":"has-post-thumbnail","6":"product_cat-novella-contemporania","7":"product_cat-novela-contemporanea","9":"first","10":"instock","11":"taxable","12":"shipping-taxable","13":"purchasable","14":"product-type-simple"},"acf":{"autor":"BURTON, JESSIE","codart":"841934623","libros-coleccion":"FORA DE COL.LECCI\u00d3","ediciones":"1","encuadernacion":"R\u00fastica","fecha_de_publicacion":"01\/05\/2023","novedad":"1","paginas":"400","subtitulo":"","orden":"0","portada":"0","idioma":"spa","editorial":[{"ID":6352,"post_author":"3","post_date":"2022-07-28 17:50:21","post_date_gmt":"2022-07-28 15:50:21","post_content":"","post_title":"SALAMANDRA","post_excerpt":"","post_status":"publish","comment_status":"closed","ping_status":"closed","post_password":"","post_name":"salamandra","to_ping":"","pinged":"","post_modified":"2022-07-28 17:50:21","post_modified_gmt":"2022-07-28 15:50:21","post_content_filtered":"","post_parent":0,"guid":"http:\/\/dev.claret.cat\/editorial\/salamandra\/","menu_order":0,"post_type":"editorial","post_mime_type":"","comment_count":"0","filter":"raw"}],"autores-libros":[{"ID":159074,"post_author":"3","post_date":"2022-10-14 15:41:53","post_date_gmt":"2022-10-14 13:41:53","post_content":"","post_title":"JESSIE BURTON","post_excerpt":"","post_status":"publish","comment_status":"closed","ping_status":"closed","post_password":"","post_name":"jessie-burton","to_ping":"","pinged":"","post_modified":"2022-10-14 15:41:53","post_modified_gmt":"2022-10-14 13:41:53","post_content_filtered":"","post_parent":0,"guid":"http:\/\/dev.claret.cat\/autor\/jessie-burton\/","menu_order":0,"post_type":"autor","post_mime_type":"","comment_count":"0","filter":"raw"}]},"aioseo_notices":[],"_links":{"self":[{"href":"https:\/\/www.claret.cat\/es\/wp-json\/wp\/v2\/product\/419159","targetHints":{"allow":["GET"]}}],"collection":[{"href":"https:\/\/www.claret.cat\/es\/wp-json\/wp\/v2\/product"}],"about":[{"href":"https:\/\/www.claret.cat\/es\/wp-json\/wp\/v2\/types\/product"}],"wp:featuredmedia":[{"embeddable":true,"href":"https:\/\/www.claret.cat\/es\/wp-json\/wp\/v2\/media\/419160"}],"wp:attachment":[{"href":"https:\/\/www.claret.cat\/es\/wp-json\/wp\/v2\/media?parent=419159"}],"wp:term":[{"taxonomy":"product_brand","embeddable":true,"href":"https:\/\/www.claret.cat\/es\/wp-json\/wp\/v2\/product_brand?post=419159"},{"taxonomy":"product_cat","embeddable":true,"href":"https:\/\/www.claret.cat\/es\/wp-json\/wp\/v2\/product_cat?post=419159"},{"taxonomy":"product_tag","embeddable":true,"href":"https:\/\/www.claret.cat\/es\/wp-json\/wp\/v2\/product_tag?post=419159"}],"curies":[{"name":"wp","href":"https:\/\/api.w.org\/{rel}","templated":true}]}}