{"id":419162,"date":"2023-05-08T13:25:02","date_gmt":"2023-05-08T11:25:02","guid":{"rendered":"https:\/\/www.claret.cat\/llibre\/la-armonia-de-las-celulas-9788419399465\/"},"modified":"2023-10-11T02:53:05","modified_gmt":"2023-10-11T00:53:05","slug":"la-armonia-de-las-celulas-9788419399465","status":"publish","type":"product","link":"https:\/\/www.claret.cat\/es\/libro\/la-armonia-de-las-celulas-9788419399465\/","title":{"rendered":"LA ARMON\u00cdA DE LAS C\u00c9LULAS"},"content":{"rendered":"<p>Tras los \u00e9xitos de El emperador de todos los males y El gen, Siddhartha Mukherjee se adentra en la incre\u00edble y apasionante historia de la c\u00e9lula. \u00abEn un relato a la vez l\u00edrico y amplio, Mukherjee nos lleva a trav\u00e9s de una historia de la comprensi\u00f3n humana: desde el descubrimiento en el siglo XVII de que estamos formados por c\u00e9lulas hasta la actual tecnolog\u00eda de vanguardia para manipular y desplegar c\u00e9lulas con fines terap\u00e9uticos\u00bb.<br \/>The New Yorker Bienvenidos a la apasionante historia de la c\u00e9lula. En este nuevo libro, el onc\u00f3logo y divulgador Siddhartha Mukherjee nos acompa\u00f1a en un viaje fascinante a partir de uno de los mayores descubrimientos cient\u00edficos de la historia: el hecho de que todos los organismos vivos complejos est\u00e9n constituidos por unidades diminutas, aut\u00f3nomas y autorreguladas, esas que en el siglo XVII Robert Hooke vio a trav\u00e9s de su microscopio y bautiz\u00f3 con el nombre que hoy conocemos. Aquel hallazgo, seguido de una cada vez mejor comprensi\u00f3n de la fisiolog\u00eda celular, cambi\u00f3 para siempre (y a\u00fan determina) la manera en que abordamos la medicina, la ciencia, la biolog\u00eda, las estructuras sociales y hasta la cultura. Una fractura de cadera, una parada cardiaca, el Alzheimer, el sida, un c\u00e1ncer de pulm\u00f3n&#8230; todo, absolutamente todo, puede explicarse como el resultado del funcionamiento an\u00f3malo de las c\u00e9lulas o de los ecosistemas que estas forman. Y tambi\u00e9n todo deber\u00eda poder tratarse mediante su manipulaci\u00f3n terap\u00e9utica. Esta revoluci\u00f3n en el campo de la biolog\u00eda celular ya ha demostrado resultados transformadores y hoy se plantea como uno de los avances cient\u00edficos que m\u00e1s vidas pueden salvar.Cr\u00edticas:<br \/>\u00abMaravillosamente ambiciosa. La biolog\u00eda de la c\u00e9lula es compleja y colosal como la vida misma. No creo que ning\u00fan escritor pudiera tratar este asunto mejor\u00bb.<br \/>The Times \u00abEn parte misterio, en parte historia de aventuras, La armon\u00eda de la c\u00e9lula es una irresistible incursi\u00f3n en los confines de la ciencia m\u00e9dica y un recordatorio del poder del ingeniohumano que probablemente dejar\u00e1 a los lectores asombrados y esperanzados\u00bb.<br \/>Jennifer Egar, autora ganadora del Pulitzer \u00abLa escritura de La armon\u00eda de la c\u00e9lula es tan agradable que te dejas llevar por su m\u00fasica\u00bb.<br \/>The New York Times \u00abCon una investigaci\u00f3n profunda, La armon\u00eda de la c\u00e9lula es un extraordinario viaje a trav\u00e9s de la historia de los descubrimientos hasta llegar a la medicina celular m\u00e1s innovadora que se practica en la actualidad y a la promesa de lo que est\u00e1 por venir\u00bb.<br \/>Paul Nurse, Premio Nobel de Fisiolog\u00eda y Medicina en 2001 \u00abUn narrador extraordinariamente dotado. Las ideas del autor sobre el futuro pr\u00f3ximo de la medicina son tan convincentes como inspiradoras. Otro \u00e9xito de Mukherjee\u00bb.<br \/>Publishers Weekly\u00abUna exploraci\u00f3n fiable, oportuna y, lo que es m\u00e1s importante, biol\u00f3gicamente precisa de lo que significa ser humano\u00bb.<br \/>The Guardian<\/p>\n","protected":false},"excerpt":{"rendered":"<p>MUKHERJEE, SIDDHARTHA<\/p>\n","protected":false},"featured_media":419163,"template":"","meta":{"_acf_changed":false,"om_disable_all_campaigns":false,"rs_blank_template":"","rs_page_bg_color":"","slide_template_v7":"","inline_featured_image":false,"_monsterinsights_skip_tracking":false,"_monsterinsights_sitenote_active":false,"_monsterinsights_sitenote_note":"","_monsterinsights_sitenote_category":0},"product_brand":[],"product_cat":[104,554],"product_tag":[],"class_list":{"0":"post-419162","1":"product","2":"type-product","3":"status-publish","4":"has-post-thumbnail","6":"product_cat-ciencia","7":"product_cat-ciencia-5_otras-spa","9":"first","10":"instock","11":"taxable","12":"shipping-taxable","13":"purchasable","14":"product-type-simple"},"acf":{"autor":"MUKHERJEE, SIDDHARTHA","codart":"841939946","libros-coleccion":"Ciencia y Tecnolog\u00eda","ediciones":"1","encuadernacion":"Carton\u00e9","fecha_de_publicacion":"01\/05\/2023","novedad":"1","paginas":"622","subtitulo":"UNA EXPLORACI\u00d3N DE LA MEDICINA Y DEL NUEVO SER HUMANO","orden":"0","portada":"1","idioma":"spa","editorial":[{"ID":6177,"post_author":"3","post_date":"2022-07-28 17:46:33","post_date_gmt":"2022-07-28 15:46:33","post_content":"","post_title":"DEBATE","post_excerpt":"","post_status":"publish","comment_status":"closed","ping_status":"closed","post_password":"","post_name":"debate","to_ping":"","pinged":"","post_modified":"2022-07-28 17:46:33","post_modified_gmt":"2022-07-28 15:46:33","post_content_filtered":"","post_parent":0,"guid":"http:\/\/dev.claret.cat\/editorial\/debate\/","menu_order":0,"post_type":"editorial","post_mime_type":"","comment_count":"0","filter":"raw"}],"autores-libros":[{"ID":169450,"post_author":"3","post_date":"2022-10-14 22:27:20","post_date_gmt":"2022-10-14 20:27:20","post_content":"","post_title":"SIDDHARTHA MUKHERJEE","post_excerpt":"","post_status":"publish","comment_status":"closed","ping_status":"closed","post_password":"","post_name":"siddhartha-mukherjee","to_ping":"","pinged":"","post_modified":"2022-10-14 22:27:20","post_modified_gmt":"2022-10-14 20:27:20","post_content_filtered":"","post_parent":0,"guid":"http:\/\/dev.claret.cat\/autor\/siddhartha-mukherjee\/","menu_order":0,"post_type":"autor","post_mime_type":"","comment_count":"0","filter":"raw"}]},"aioseo_notices":[],"_links":{"self":[{"href":"https:\/\/www.claret.cat\/es\/wp-json\/wp\/v2\/product\/419162","targetHints":{"allow":["GET"]}}],"collection":[{"href":"https:\/\/www.claret.cat\/es\/wp-json\/wp\/v2\/product"}],"about":[{"href":"https:\/\/www.claret.cat\/es\/wp-json\/wp\/v2\/types\/product"}],"wp:featuredmedia":[{"embeddable":true,"href":"https:\/\/www.claret.cat\/es\/wp-json\/wp\/v2\/media\/419163"}],"wp:attachment":[{"href":"https:\/\/www.claret.cat\/es\/wp-json\/wp\/v2\/media?parent=419162"}],"wp:term":[{"taxonomy":"product_brand","embeddable":true,"href":"https:\/\/www.claret.cat\/es\/wp-json\/wp\/v2\/product_brand?post=419162"},{"taxonomy":"product_cat","embeddable":true,"href":"https:\/\/www.claret.cat\/es\/wp-json\/wp\/v2\/product_cat?post=419162"},{"taxonomy":"product_tag","embeddable":true,"href":"https:\/\/www.claret.cat\/es\/wp-json\/wp\/v2\/product_tag?post=419162"}],"curies":[{"name":"wp","href":"https:\/\/api.w.org\/{rel}","templated":true}]}}