{"id":419165,"date":"2023-05-08T13:25:11","date_gmt":"2023-05-08T11:25:11","guid":{"rendered":"https:\/\/www.claret.cat\/llibre\/como-mandar-a-la-mierda-de-forma-educada-9788419248541\/"},"modified":"2026-04-29T17:26:19","modified_gmt":"2026-04-29T15:26:19","slug":"como-mandar-a-la-mierda-de-forma-educada-9788419248541","status":"publish","type":"product","link":"https:\/\/www.claret.cat\/es\/libro\/como-mandar-a-la-mierda-de-forma-educada-9788419248541\/","title":{"rendered":"C\u00d3MO MANDAR A LA MIERDA DE FORMA EDUCADA"},"content":{"rendered":"<p>Poner l\u00edmites nunca fue tan f\u00e1cil. Un manual pr\u00e1ctico y directo sobre la importancia de decir \u00abno\u00bb con asertividad. \u00bfPor qu\u00e9 nos cuesta tanto poner l\u00edmites? El miedo a perder el trabajo, la idea del amor rom\u00e1ntico o el temor a ser excluidos de nuestro c\u00edrculo social son algunas de las razones. Por ello nos cuesta tanto hacerlo y, cuando nos decidimos, sentimos culpa e incluso ansiedad. Lo cierto es que poner l\u00edmites en las relaciones es tan necesario como ponerlos en una carretera: evita accidentes. Lo importante es saber c\u00f3mo comunicar esos l\u00edmites porque eso es lo que nos ayudar\u00e1 a mejorar nuestra relaci\u00f3n con los dem\u00e1s y con nosotros mismos. En este libro, la psic\u00f3loga y neurocient\u00edfica Alba Cardalda nos ense\u00f1a a decir \u00abbasta\u00bb con asertividad y empat\u00eda para conseguir relaciones m\u00e1s plenas y honestas, que nos har\u00e1n sentir m\u00e1s respetados, amados y, sobre todo, libres de ser quienes realmente somos.<\/p>\n","protected":false},"excerpt":{"rendered":"<p>CARDALDA, ALBA<\/p>\n","protected":false},"featured_media":419166,"template":"","meta":{"_acf_changed":false,"om_disable_all_campaigns":false,"rs_blank_template":"","rs_page_bg_color":"","slide_template_v7":"","inline_featured_image":false,"_monsterinsights_skip_tracking":false,"_monsterinsights_sitenote_active":false,"_monsterinsights_sitenote_note":"","_monsterinsights_sitenote_category":0},"product_brand":[],"product_cat":[90,184,450,540],"product_tag":[],"class_list":{"0":"post-419165","1":"product","2":"type-product","3":"status-publish","4":"has-post-thumbnail","6":"product_cat-altres","7":"product_cat-del-pensament-i-el-llenguatge","8":"product_cat-del-pensamiento-y-el-lenguaje","9":"product_cat-otros","11":"first","12":"instock","13":"taxable","14":"shipping-taxable","15":"purchasable","16":"product-type-simple"},"acf":{"autor":"CARDALDA, ALBA","codart":"841924854","libros-coleccion":"LIBRO PR\u00c1CTICO","ediciones":"1","encuadernacion":"R\u00fastica","fecha_de_publicacion":"01\/05\/2023","novedad":"1","paginas":"288","subtitulo":"","orden":"0","portada":"1","idioma":"spa","editorial":[{"ID":148959,"post_author":"3","post_date":"2022-10-14 12:02:20","post_date_gmt":"2022-10-14 10:02:20","post_content":"","post_title":"Vergara","post_excerpt":"","post_status":"publish","comment_status":"closed","ping_status":"closed","post_password":"","post_name":"vergara","to_ping":"","pinged":"","post_modified":"2022-10-14 12:02:20","post_modified_gmt":"2022-10-14 10:02:20","post_content_filtered":"","post_parent":0,"guid":"http:\/\/dev.claret.cat\/editorial\/vergara\/","menu_order":0,"post_type":"editorial","post_mime_type":"","comment_count":"0","filter":"raw"}],"autores-libros":[{"ID":419182,"post_author":"3","post_date":"2023-05-08 13:50:37","post_date_gmt":"2023-05-08 11:50:37","post_content":"","post_title":"ALBA CARDALDA","post_excerpt":"","post_status":"publish","comment_status":"closed","ping_status":"closed","post_password":"","post_name":"alba-cardalda","to_ping":"","pinged":"","post_modified":"2023-05-08 13:50:37","post_modified_gmt":"2023-05-08 11:50:37","post_content_filtered":"","post_parent":0,"guid":"https:\/\/www.claret.cat\/autor\/alba-cardalda\/","menu_order":0,"post_type":"autor","post_mime_type":"","comment_count":"0","filter":"raw"}],"booktrailer":"","resenas":""},"aioseo_notices":[],"_links":{"self":[{"href":"https:\/\/www.claret.cat\/es\/wp-json\/wp\/v2\/product\/419165","targetHints":{"allow":["GET"]}}],"collection":[{"href":"https:\/\/www.claret.cat\/es\/wp-json\/wp\/v2\/product"}],"about":[{"href":"https:\/\/www.claret.cat\/es\/wp-json\/wp\/v2\/types\/product"}],"wp:featuredmedia":[{"embeddable":true,"href":"https:\/\/www.claret.cat\/es\/wp-json\/wp\/v2\/media\/419166"}],"wp:attachment":[{"href":"https:\/\/www.claret.cat\/es\/wp-json\/wp\/v2\/media?parent=419165"}],"wp:term":[{"taxonomy":"product_brand","embeddable":true,"href":"https:\/\/www.claret.cat\/es\/wp-json\/wp\/v2\/product_brand?post=419165"},{"taxonomy":"product_cat","embeddable":true,"href":"https:\/\/www.claret.cat\/es\/wp-json\/wp\/v2\/product_cat?post=419165"},{"taxonomy":"product_tag","embeddable":true,"href":"https:\/\/www.claret.cat\/es\/wp-json\/wp\/v2\/product_tag?post=419165"}],"curies":[{"name":"wp","href":"https:\/\/api.w.org\/{rel}","templated":true}]}}