{"id":419186,"date":"2023-05-08T16:15:12","date_gmt":"2023-05-08T14:15:12","guid":{"rendered":"https:\/\/www.claret.cat\/llibre\/el-si-al-don-de-dios-9788494472459\/"},"modified":"2024-05-23T00:57:13","modified_gmt":"2024-05-22T22:57:13","slug":"el-si-al-don-de-dios-9788494472459","status":"publish","type":"product","link":"https:\/\/www.claret.cat\/es\/libro\/el-si-al-don-de-dios-9788494472459\/","title":{"rendered":"EL S\u00cd AL DON DE DIOS"},"content":{"rendered":"<p>Responde el P. Ricardo Aldana, profesor de Teolog\u00eda en la Universidad de Granada, traductor y escritor de varios libros de distinta tem\u00e1tica: Formaci\u00f3n del laico, Todo consiste en \u00c9l. En la senda teol\u00f3gica de Hans Urs von Balthasar y Adrienne von Speyr, Acercarse a John Henry Newman, Amor y Reverencia,\u2026 y de una tesis precisamente sobre el tema: Hombre y Mujer en Cristo (enlace).<\/p>\n<p>Asistimos a un fuerte debate social y pol\u00edtico en torno a la cuesti\u00f3n de \u00abg\u00e9nero\u00bb, por lo que resulta del todo pertinente una aportaci\u00f3n como la que aqu\u00ed se nos presenta. En un di\u00e1logo filos\u00f3fico y teol\u00f3gico fecundo, Ricardo Aldana indaga los fundamentos y las causas profundas de la corriente radical de g\u00e9nero. El misterio de la diferencia sexual y la igualdad entre hombre y mujer, son tratados aqu\u00ed a la luz de la experiencia humana y de la riqueza de la revelaci\u00f3n. El Principio y Fundamento de los Ejercicios Espirituales de San Ignacio de Loyola atraviesa estas p\u00e1ginas como un torrente vigoroso de agua subterr\u00e1nea, suscitando como respuesta el s\u00ed agradecido al don de Dios, propio del C\u00e1ntico de las Criaturas de San Francisco de As\u00eds. Se abre entonces a los cristianos la posibilidad de situarse ante Dios de modo renovado, para orientarse mejor de cara a los retos y preguntas fundamentales en torno al g\u00e9nero.<\/p>\n<p>Lectura recomendada para la formaci\u00f3n de quienes perciben la necesidad de pensar a la luz de la fe el debate actual sobre la cuesti\u00f3n de g\u00e9nero. Porque lo que aqu\u00ed est\u00e1 en juego no es sobre todo una cuesti\u00f3n moral, sino, anterior a ella, nuestra capacidad para reconocer ?como creyentes y no creyentes? la bondad del don del ser.<\/p>\n","protected":false},"excerpt":{"rendered":"<p>ALDANA VALENZUELA, RICARDO<\/p>\n","protected":false},"featured_media":419187,"template":"","meta":{"_acf_changed":false,"om_disable_all_campaigns":false,"rs_blank_template":"","rs_page_bg_color":"","slide_template_v7":"","inline_featured_image":false,"_monsterinsights_skip_tracking":false,"_monsterinsights_sitenote_active":false,"_monsterinsights_sitenote_note":"","_monsterinsights_sitenote_category":0},"product_brand":[],"product_cat":[516,290],"product_tag":[],"class_list":{"0":"post-419186","1":"product","2":"type-product","3":"status-publish","4":"has-post-thumbnail","6":"product_cat-moral-de-la-persona-sexualidad","7":"product_cat-moral-de-la-persona-sexualitat","9":"first","10":"instock","11":"taxable","12":"shipping-taxable","13":"purchasable","14":"product-type-simple"},"acf":{"autor":"ALDANA VALENZUELA, RICARDO","codart":"849447245","libros-coleccion":"FORA DE COL.LECCI\u00d3","ediciones":"1","encuadernacion":"R\u00fastica","fecha_de_publicacion":"08\/05\/2023","novedad":"1","paginas":"58","subtitulo":"EN TORNO A LA CUESTI\u00d3N DE G\u00c9NERO","orden":"0","portada":"1","idioma":"spa","editorial":[{"ID":419233,"post_author":"3","post_date":"2023-05-08 22:49:55","post_date_gmt":"2023-05-08 20:49:55","post_content":"","post_title":"X_depurar","post_excerpt":"","post_status":"publish","comment_status":"closed","ping_status":"closed","post_password":"","post_name":"x_depurar-3","to_ping":"","pinged":"","post_modified":"2023-05-08 22:49:55","post_modified_gmt":"2023-05-08 20:49:55","post_content_filtered":"","post_parent":0,"guid":"https:\/\/www.claret.cat\/editorial\/x_depurar-3\/","menu_order":0,"post_type":"editorial","post_mime_type":"","comment_count":"0","filter":"raw"}],"autores-libros":[{"ID":419185,"post_author":"3","post_date":"2023-05-08 16:10:02","post_date_gmt":"2023-05-08 14:10:02","post_content":"","post_title":"RICARDO ALDANA VALENZUELA","post_excerpt":"","post_status":"publish","comment_status":"closed","ping_status":"closed","post_password":"","post_name":"ricardo-aldana-valenzuela","to_ping":"","pinged":"","post_modified":"2023-05-08 16:10:02","post_modified_gmt":"2023-05-08 14:10:02","post_content_filtered":"","post_parent":0,"guid":"https:\/\/www.claret.cat\/autor\/ricardo-aldana-valenzuela\/","menu_order":0,"post_type":"autor","post_mime_type":"","comment_count":"0","filter":"raw"}],"traductores-libros":"","ilustradores-libros":"","formato":"","linkebook":"","ficha":"","muestra":"","presentacion":"","booktrailer":"","resenas":"","recomendamos":"","mas_vendido":""},"aioseo_notices":[],"_links":{"self":[{"href":"https:\/\/www.claret.cat\/es\/wp-json\/wp\/v2\/product\/419186","targetHints":{"allow":["GET"]}}],"collection":[{"href":"https:\/\/www.claret.cat\/es\/wp-json\/wp\/v2\/product"}],"about":[{"href":"https:\/\/www.claret.cat\/es\/wp-json\/wp\/v2\/types\/product"}],"wp:featuredmedia":[{"embeddable":true,"href":"https:\/\/www.claret.cat\/es\/wp-json\/wp\/v2\/media\/419187"}],"wp:attachment":[{"href":"https:\/\/www.claret.cat\/es\/wp-json\/wp\/v2\/media?parent=419186"}],"wp:term":[{"taxonomy":"product_brand","embeddable":true,"href":"https:\/\/www.claret.cat\/es\/wp-json\/wp\/v2\/product_brand?post=419186"},{"taxonomy":"product_cat","embeddable":true,"href":"https:\/\/www.claret.cat\/es\/wp-json\/wp\/v2\/product_cat?post=419186"},{"taxonomy":"product_tag","embeddable":true,"href":"https:\/\/www.claret.cat\/es\/wp-json\/wp\/v2\/product_tag?post=419186"}],"curies":[{"name":"wp","href":"https:\/\/api.w.org\/{rel}","templated":true}]}}