{"id":419248,"date":"2023-05-08T22:56:06","date_gmt":"2023-05-08T20:56:06","guid":{"rendered":"https:\/\/www.claret.cat\/llibre\/upanishads-edicion-bilingue-9788491050698\/"},"modified":"2023-10-11T02:52:43","modified_gmt":"2023-10-11T00:52:43","slug":"upanishads-edicion-bilingue-9788491050698","status":"publish","type":"product","link":"https:\/\/www.claret.cat\/es\/libro\/upanishads-edicion-bilingue-9788491050698\/","title":{"rendered":"UPANISHADS (EDICI\u00d3N BILING\u00dcE)"},"content":{"rendered":"<p>Uno de los textos fundacionales de la cultura hind\u00fa y puerta de entrada a unas ense\u00f1anzas vitales milenarias en una cuidada edici\u00f3n biling\u00fce.  Versi\u00f3n e introducci\u00f3n de Juan Mascar\u00f3, profesor en la Universidad de Cambridge Edici\u00f3n a cargo de Jos\u00e9 Manuel Abeleira Los Upanishads representan la etapa final de la tradici\u00f3n de los Vedas, y la ense\u00f1anza basada en ellos se conoce como Vedanta (\u00abconclusi\u00f3n del Veda\u00bb). Datan del 400 a. C. y forman el n\u00facleo de gran parte de la filosof\u00eda hind\u00fa, en la que reviste una importancia fundamental la ecuaci\u00f3n de Atman(S\u00ed mismo) con Brahman (el Esp\u00edritu), resuelta en el TAT TVAM ASI (\u00abT\u00fa eres Ello\u00bb). El volumen presente cuenta con el texto original en s\u00e1nscrito emparejado con la c\u00e9lebre versi\u00f3n de los fragmentos llevada a cabo por Juan Mascar\u00f3 -vertida a su vez al espa\u00f1ol por Jos\u00e9 Manuel Abeleira, tambi\u00e9n al cuidado de la edici\u00f3n.Arthur Schopenhauer dijo&#8230;<br \/>\u00abLa lectura m\u00e1s gratificante y sublime que hay en el mundo: los Upanishads han sido la consolaci\u00f3n de mi vida y lo ser\u00e1n de mi muerte.\u00bb<\/p>\n","protected":false},"excerpt":{"rendered":"<p>AN\u00d3NIMO<\/p>\n","protected":false},"featured_media":419249,"template":"","meta":{"_acf_changed":false,"om_disable_all_campaigns":false,"rs_blank_template":"","rs_page_bg_color":"","slide_template_v7":"","inline_featured_image":false,"_monsterinsights_skip_tracking":false,"_monsterinsights_sitenote_active":false,"_monsterinsights_sitenote_note":"","_monsterinsights_sitenote_category":0},"product_brand":[],"product_cat":[544,94],"product_tag":[],"class_list":{"0":"post-419248","1":"product","2":"type-product","3":"status-publish","4":"has-post-thumbnail","6":"product_cat-religiones","7":"product_cat-religions","9":"first","10":"instock","11":"taxable","12":"shipping-taxable","13":"purchasable","14":"product-type-simple"},"acf":{"autor":"AN\u00d3NIMO","codart":"8491050698","libros-coleccion":"PENGUIN CL\u00c1SICOS","ediciones":"1","encuadernacion":"R\u00fastica","fecha_de_publicacion":"01\/11\/2015","novedad":"1","paginas":"272","subtitulo":"CON INTRODUCCI\u00d3N DE UN PROFESOR DE LA UNIVERSIDAD DE CAMBRIDGE","orden":"0","portada":"0","idioma":"spa","editorial":[{"ID":148656,"post_author":"3","post_date":"2022-10-14 11:59:57","post_date_gmt":"2022-10-14 09:59:57","post_content":"","post_title":"PENGUIN CLASICOS","post_excerpt":"","post_status":"publish","comment_status":"closed","ping_status":"closed","post_password":"","post_name":"penguin-clasicos","to_ping":"","pinged":"","post_modified":"2022-10-14 11:59:57","post_modified_gmt":"2022-10-14 09:59:57","post_content_filtered":"","post_parent":0,"guid":"http:\/\/dev.claret.cat\/editorial\/penguin-clasicos\/","menu_order":0,"post_type":"editorial","post_mime_type":"","comment_count":"0","filter":"raw"}],"autores-libros":[{"ID":150745,"post_author":"3","post_date":"2022-10-14 14:35:24","post_date_gmt":"2022-10-14 12:35:24","post_content":"","post_title":"AN\u00d3NIMO","post_excerpt":"","post_status":"publish","comment_status":"closed","ping_status":"closed","post_password":"","post_name":"anonimo","to_ping":"","pinged":"","post_modified":"2022-10-14 14:35:24","post_modified_gmt":"2022-10-14 12:35:24","post_content_filtered":"","post_parent":0,"guid":"http:\/\/dev.claret.cat\/autor\/anonimo\/","menu_order":0,"post_type":"autor","post_mime_type":"","comment_count":"0","filter":"raw"}]},"aioseo_notices":[],"_links":{"self":[{"href":"https:\/\/www.claret.cat\/es\/wp-json\/wp\/v2\/product\/419248","targetHints":{"allow":["GET"]}}],"collection":[{"href":"https:\/\/www.claret.cat\/es\/wp-json\/wp\/v2\/product"}],"about":[{"href":"https:\/\/www.claret.cat\/es\/wp-json\/wp\/v2\/types\/product"}],"wp:featuredmedia":[{"embeddable":true,"href":"https:\/\/www.claret.cat\/es\/wp-json\/wp\/v2\/media\/419249"}],"wp:attachment":[{"href":"https:\/\/www.claret.cat\/es\/wp-json\/wp\/v2\/media?parent=419248"}],"wp:term":[{"taxonomy":"product_brand","embeddable":true,"href":"https:\/\/www.claret.cat\/es\/wp-json\/wp\/v2\/product_brand?post=419248"},{"taxonomy":"product_cat","embeddable":true,"href":"https:\/\/www.claret.cat\/es\/wp-json\/wp\/v2\/product_cat?post=419248"},{"taxonomy":"product_tag","embeddable":true,"href":"https:\/\/www.claret.cat\/es\/wp-json\/wp\/v2\/product_tag?post=419248"}],"curies":[{"name":"wp","href":"https:\/\/api.w.org\/{rel}","templated":true}]}}