{"id":419262,"date":"2023-05-09T12:45:23","date_gmt":"2023-05-09T10:45:23","guid":{"rendered":"https:\/\/www.claret.cat\/llibre\/que-puede-salir-mal-9788417809492\/"},"modified":"2023-10-11T02:52:37","modified_gmt":"2023-10-11T00:52:37","slug":"que-puede-salir-mal-9788417809492","status":"publish","type":"product","link":"https:\/\/www.claret.cat\/es\/libro\/que-puede-salir-mal-9788417809492\/","title":{"rendered":"\u00bfQU\u00c9 PUEDE SALIR MAL?"},"content":{"rendered":"<p>\u00bfQu\u00e9 puede salir mal? es un libro de divulgaci\u00f3n cient\u00edfica fascinante y novedoso que nos ense\u00f1a el mapa b\u00e1sico de nuestro cuerpo para entender de qu\u00e9 estamos hechos, c\u00f3mo funcionamos y c\u00f3mo interactuamos con nuestro entorno.  En este mundo tan peligroso, \u00bfc\u00f3mo es posible que sigas con vida? Desde que somos una sola c\u00e9lula, nuestro organismo se enfrenta a una serie de obst\u00e1culos que no le dan respiro: mutaciones gen\u00e9ticas, sustancias t\u00f3xicas que entran sin avisar, ataques constantes de virus y bacterias con muy mala leche y una loter\u00eda de todo tipo de enfermedades. Sin embargo, para sobrevivir en este mundo hostil que nos rodea, el cuerpo humano est\u00e1 preparado para contraatacar a estas amenazas sin pens\u00e1rselo dos veces.La cr\u00edtica ha dicho:<br \/>\u00abSi no te enteraste ni papa de tus clases de biolog\u00eda, este libro de la Hiperactina te va a salvar la vida&#8230; Y adem\u00e1s te la va a explicar. PD: El cap\u00edtulo sobre las drogas es brutal.\u00bb<br \/>Jos\u00e9 Luis Crespo, Quantum Fracture<\/p>\n","protected":false},"excerpt":{"rendered":"<p>ORTONOBES LARA (LA HIPERACTINA), SANDRA<\/p>\n","protected":false},"featured_media":419263,"template":"","meta":{"_acf_changed":false,"om_disable_all_campaigns":false,"rs_blank_template":"","rs_page_bg_color":"","slide_template_v7":"","inline_featured_image":false,"_monsterinsights_skip_tracking":false,"_monsterinsights_sitenote_active":false,"_monsterinsights_sitenote_note":"","_monsterinsights_sitenote_category":0},"product_brand":[],"product_cat":[104,554],"product_tag":[],"class_list":{"0":"post-419262","1":"product","2":"type-product","3":"status-publish","4":"has-post-thumbnail","6":"product_cat-ciencia","7":"product_cat-ciencia-5_otras-spa","9":"first","10":"instock","11":"taxable","12":"shipping-taxable","13":"purchasable","14":"product-type-simple"},"acf":{"autor":"ORTONOBES LARA (LA HIPERACTINA), SANDRA","codart":"841780949","libros-coleccion":"PLAN B","ediciones":"1","encuadernacion":"R\u00fastica","fecha_de_publicacion":"01\/07\/2020","novedad":"1","paginas":"240","subtitulo":"C\u00d3MO SOBREVIVIR A UN MUNDO QUE INTENTA MATARTE","orden":"0","portada":"0","idioma":"spa","editorial":[{"ID":148670,"post_author":"3","post_date":"2022-10-14 12:00:04","post_date_gmt":"2022-10-14 10:00:04","post_content":"","post_title":"PLAN B","post_excerpt":"","post_status":"publish","comment_status":"closed","ping_status":"closed","post_password":"","post_name":"plan-b","to_ping":"","pinged":"","post_modified":"2022-10-14 12:00:04","post_modified_gmt":"2022-10-14 10:00:04","post_content_filtered":"","post_parent":0,"guid":"http:\/\/dev.claret.cat\/editorial\/plan-b\/","menu_order":0,"post_type":"editorial","post_mime_type":"","comment_count":"0","filter":"raw"}],"autores-libros":[{"ID":419869,"post_author":"3","post_date":"2023-05-13 11:35:31","post_date_gmt":"2023-05-13 09:35:31","post_content":"","post_title":"SANDRA ORTONOBES LARA (LA HIPERACTINA)","post_excerpt":"","post_status":"publish","comment_status":"closed","ping_status":"closed","post_password":"","post_name":"sandra-ortonobes-lara-la-hiperactina","to_ping":"","pinged":"","post_modified":"2023-05-13 11:35:31","post_modified_gmt":"2023-05-13 09:35:31","post_content_filtered":"","post_parent":0,"guid":"https:\/\/www.claret.cat\/autor\/sandra-ortonobes-lara-la-hiperactina\/","menu_order":0,"post_type":"autor","post_mime_type":"","comment_count":"0","filter":"raw"}]},"aioseo_notices":[],"_links":{"self":[{"href":"https:\/\/www.claret.cat\/es\/wp-json\/wp\/v2\/product\/419262","targetHints":{"allow":["GET"]}}],"collection":[{"href":"https:\/\/www.claret.cat\/es\/wp-json\/wp\/v2\/product"}],"about":[{"href":"https:\/\/www.claret.cat\/es\/wp-json\/wp\/v2\/types\/product"}],"wp:featuredmedia":[{"embeddable":true,"href":"https:\/\/www.claret.cat\/es\/wp-json\/wp\/v2\/media\/419263"}],"wp:attachment":[{"href":"https:\/\/www.claret.cat\/es\/wp-json\/wp\/v2\/media?parent=419262"}],"wp:term":[{"taxonomy":"product_brand","embeddable":true,"href":"https:\/\/www.claret.cat\/es\/wp-json\/wp\/v2\/product_brand?post=419262"},{"taxonomy":"product_cat","embeddable":true,"href":"https:\/\/www.claret.cat\/es\/wp-json\/wp\/v2\/product_cat?post=419262"},{"taxonomy":"product_tag","embeddable":true,"href":"https:\/\/www.claret.cat\/es\/wp-json\/wp\/v2\/product_tag?post=419262"}],"curies":[{"name":"wp","href":"https:\/\/api.w.org\/{rel}","templated":true}]}}