{"id":419303,"date":"2023-05-09T17:10:02","date_gmt":"2023-05-09T15:10:02","guid":{"rendered":"https:\/\/www.claret.cat\/llibre\/matematicas-faciles-para-bachillerato-9788467044478\/"},"modified":"2023-10-11T02:52:13","modified_gmt":"2023-10-11T00:52:13","slug":"matematicas-faciles-para-bachillerato-9788467044478","status":"publish","type":"product","link":"https:\/\/www.claret.cat\/es\/libro\/matematicas-faciles-para-bachillerato-9788467044478\/","title":{"rendered":"MATEM\u00c1TICAS F\u00c1CILES PARA BACHILLERATO"},"content":{"rendered":"<p>MATEM\u00c1TICAS F\u00c1CILES PARA BACHILLERATO es una recopilaci\u00f3n de todos los res\u00famenes, esquemas, cuadros, sinopsis y apuntes imprescindibles para aprender y aprobar la materia sin dificultades. LOS ESTUDIANTES tendr\u00e1n todos los conocimientos necesarios resumidos y de f\u00e1cil consulta para aprobar la materia. LOS PROFESORES hallar\u00e1n en estos res\u00famenes, esquemas y cuadros el m\u00e1s eficaz aliado para que sus alumnos comprendan y aprendan la materia que imparten. La herramienta perfecta para que el estudiante llegue preparado a los EX\u00c1MENES. El libro que se ocupa de todas las posibles dudas o los aspectos m\u00e1s complicados de la asignatura que puedan plantearse en las pruebas de ACCESO A LA UNIVERSIDAD .<\/p>\n","protected":false},"excerpt":{"rendered":"<p>S\u00c1NCHEZ, FRANCISCO<\/p>\n","protected":false},"featured_media":419304,"template":"","meta":{"_acf_changed":false,"om_disable_all_campaigns":false,"rs_blank_template":"","rs_page_bg_color":"","slide_template_v7":"","inline_featured_image":false,"_monsterinsights_skip_tracking":false,"_monsterinsights_sitenote_active":false,"_monsterinsights_sitenote_note":"","_monsterinsights_sitenote_category":0},"product_brand":[],"product_cat":[573,140],"product_tag":[],"class_list":{"0":"post-419303","1":"product","2":"type-product","3":"status-publish","4":"has-post-thumbnail","6":"product_cat-bachillerato","7":"product_cat-batxillerat","9":"first","10":"instock","11":"taxable","12":"shipping-taxable","13":"purchasable","14":"product-type-simple"},"acf":{"autor":"S\u00c1NCHEZ, FRANCISCO","codart":"846704447","libros-coleccion":"FORA DE COL.LECCI\u00d3","ediciones":"1","encuadernacion":"Carpeta","fecha_de_publicacion":"01\/05\/2022","novedad":"1","paginas":"270","subtitulo":"","orden":"0","portada":"0","idioma":"spa","editorial":[{"ID":6247,"post_author":"3","post_date":"2022-07-28 17:48:06","post_date_gmt":"2022-07-28 15:48:06","post_content":"","post_title":"ESPASA, EDITORIAL","post_excerpt":"","post_status":"publish","comment_status":"closed","ping_status":"closed","post_password":"","post_name":"espasa-editorial","to_ping":"","pinged":"","post_modified":"2022-07-28 17:48:06","post_modified_gmt":"2022-07-28 15:48:06","post_content_filtered":"","post_parent":0,"guid":"http:\/\/dev.claret.cat\/editorial\/espasa-editorial\/","menu_order":0,"post_type":"editorial","post_mime_type":"","comment_count":"0","filter":"raw"}],"autores-libros":[{"ID":156299,"post_author":"3","post_date":"2022-10-14 15:19:42","post_date_gmt":"2022-10-14 13:19:42","post_content":"","post_title":"FRANCISCO SANCHEZ","post_excerpt":"","post_status":"publish","comment_status":"closed","ping_status":"closed","post_password":"","post_name":"francisco-sanchez","to_ping":"","pinged":"","post_modified":"2022-10-14 15:19:42","post_modified_gmt":"2022-10-14 13:19:42","post_content_filtered":"","post_parent":0,"guid":"http:\/\/dev.claret.cat\/autor\/francisco-sanchez\/","menu_order":0,"post_type":"autor","post_mime_type":"","comment_count":"0","filter":"raw"}]},"aioseo_notices":[],"_links":{"self":[{"href":"https:\/\/www.claret.cat\/es\/wp-json\/wp\/v2\/product\/419303","targetHints":{"allow":["GET"]}}],"collection":[{"href":"https:\/\/www.claret.cat\/es\/wp-json\/wp\/v2\/product"}],"about":[{"href":"https:\/\/www.claret.cat\/es\/wp-json\/wp\/v2\/types\/product"}],"wp:featuredmedia":[{"embeddable":true,"href":"https:\/\/www.claret.cat\/es\/wp-json\/wp\/v2\/media\/419304"}],"wp:attachment":[{"href":"https:\/\/www.claret.cat\/es\/wp-json\/wp\/v2\/media?parent=419303"}],"wp:term":[{"taxonomy":"product_brand","embeddable":true,"href":"https:\/\/www.claret.cat\/es\/wp-json\/wp\/v2\/product_brand?post=419303"},{"taxonomy":"product_cat","embeddable":true,"href":"https:\/\/www.claret.cat\/es\/wp-json\/wp\/v2\/product_cat?post=419303"},{"taxonomy":"product_tag","embeddable":true,"href":"https:\/\/www.claret.cat\/es\/wp-json\/wp\/v2\/product_tag?post=419303"}],"curies":[{"name":"wp","href":"https:\/\/api.w.org\/{rel}","templated":true}]}}