{"id":419316,"date":"2023-05-09T17:17:56","date_gmt":"2023-05-09T15:17:56","guid":{"rendered":"https:\/\/www.claret.cat\/llibre\/ingles-facil-para-bachillerato-9788467044577\/"},"modified":"2023-10-11T02:52:06","modified_gmt":"2023-10-11T00:52:06","slug":"ingles-facil-para-bachillerato-9788467044577","status":"publish","type":"product","link":"https:\/\/www.claret.cat\/es\/libro\/ingles-facil-para-bachillerato-9788467044577\/","title":{"rendered":"INGL\u00c9S F\u00c1CIL PARA BACHILLERATO"},"content":{"rendered":"<p>La colecci\u00f3n de Chuletas es una recopilaci\u00f3n de todos los res\u00famenes, esquemas, cuadros, sinopsis y apuntes imprescindibles para aprender y aprobar Ingl\u00e9s sin dificultades.<\/p>\n<p>Los estudiantes tendr\u00e1n todos los conocimientos necesarios sobre Ingl\u00e9s para bachillerato, y los profesores hallar\u00e1n en este libro un eficaz aliado para que sus alumnos comprendan y aprendan estas materias de un modo m\u00e1s ameno.<\/p>\n","protected":false},"excerpt":{"rendered":"<p>MARCO GONZ\u00c1LEZ, AMPARO<\/p>\n","protected":false},"featured_media":419317,"template":"","meta":{"_acf_changed":false,"om_disable_all_campaigns":false,"rs_blank_template":"","rs_page_bg_color":"","slide_template_v7":"","inline_featured_image":false,"_monsterinsights_skip_tracking":false,"_monsterinsights_sitenote_active":false,"_monsterinsights_sitenote_note":"","_monsterinsights_sitenote_category":0},"product_brand":[],"product_cat":[573,140],"product_tag":[],"class_list":{"0":"post-419316","1":"product","2":"type-product","3":"status-publish","4":"has-post-thumbnail","6":"product_cat-bachillerato","7":"product_cat-batxillerat","9":"first","10":"instock","11":"taxable","12":"shipping-taxable","13":"purchasable","14":"product-type-simple"},"acf":{"autor":"MARCO GONZ\u00c1LEZ, AMPARO","codart":"846704457","libros-coleccion":"FORA DE COL.LECCI\u00d3","ediciones":"1","encuadernacion":"Carpeta","fecha_de_publicacion":"01\/05\/2022","novedad":"1","paginas":"166","subtitulo":"","orden":"0","portada":"0","idioma":"spa","editorial":[{"ID":6247,"post_author":"3","post_date":"2022-07-28 17:48:06","post_date_gmt":"2022-07-28 15:48:06","post_content":"","post_title":"ESPASA, EDITORIAL","post_excerpt":"","post_status":"publish","comment_status":"closed","ping_status":"closed","post_password":"","post_name":"espasa-editorial","to_ping":"","pinged":"","post_modified":"2022-07-28 17:48:06","post_modified_gmt":"2022-07-28 15:48:06","post_content_filtered":"","post_parent":0,"guid":"http:\/\/dev.claret.cat\/editorial\/espasa-editorial\/","menu_order":0,"post_type":"editorial","post_mime_type":"","comment_count":"0","filter":"raw"}],"autores-libros":[{"ID":419315,"post_author":"3","post_date":"2023-05-09 17:17:54","post_date_gmt":"2023-05-09 15:17:54","post_content":"","post_title":"AMPARO MARCO GONZ\u00c1LEZ","post_excerpt":"","post_status":"publish","comment_status":"closed","ping_status":"closed","post_password":"","post_name":"amparo-marco-gonzalez","to_ping":"","pinged":"","post_modified":"2023-05-09 17:17:54","post_modified_gmt":"2023-05-09 15:17:54","post_content_filtered":"","post_parent":0,"guid":"https:\/\/www.claret.cat\/autor\/amparo-marco-gonzalez\/","menu_order":0,"post_type":"autor","post_mime_type":"","comment_count":"0","filter":"raw"}]},"aioseo_notices":[],"_links":{"self":[{"href":"https:\/\/www.claret.cat\/es\/wp-json\/wp\/v2\/product\/419316","targetHints":{"allow":["GET"]}}],"collection":[{"href":"https:\/\/www.claret.cat\/es\/wp-json\/wp\/v2\/product"}],"about":[{"href":"https:\/\/www.claret.cat\/es\/wp-json\/wp\/v2\/types\/product"}],"wp:featuredmedia":[{"embeddable":true,"href":"https:\/\/www.claret.cat\/es\/wp-json\/wp\/v2\/media\/419317"}],"wp:attachment":[{"href":"https:\/\/www.claret.cat\/es\/wp-json\/wp\/v2\/media?parent=419316"}],"wp:term":[{"taxonomy":"product_brand","embeddable":true,"href":"https:\/\/www.claret.cat\/es\/wp-json\/wp\/v2\/product_brand?post=419316"},{"taxonomy":"product_cat","embeddable":true,"href":"https:\/\/www.claret.cat\/es\/wp-json\/wp\/v2\/product_cat?post=419316"},{"taxonomy":"product_tag","embeddable":true,"href":"https:\/\/www.claret.cat\/es\/wp-json\/wp\/v2\/product_tag?post=419316"}],"curies":[{"name":"wp","href":"https:\/\/api.w.org\/{rel}","templated":true}]}}